{"id":21185,"date":"2020-07-27T14:48:36","date_gmt":"2020-07-27T12:48:36","guid":{"rendered":"https:\/\/morethansimulators.com\/simulator\/scantrainer-tas-tvs-ultrassom-obgyn\/"},"modified":"2023-01-20T12:02:16","modified_gmt":"2023-01-20T11:02:16","slug":"scantrainer-tas-tvs-2","status":"publish","type":"product","link":"https:\/\/morethansimulators.com\/pt-pt\/simulador\/scantrainer-tas-tvs-2\/","title":{"rendered":"SCANTRAINER TAS\/TVS &#8211; OBGYN ultrasound"},"content":{"rendered":"<p>O ScanTrainer \u00e9 o \u00fanico simulador de forma\u00e7\u00e3o de habilidades de Ultrasonografi a<strong>que oferece ensino baseado em curr\u00edculos usando exames reais de pacientes<\/strong> com feedback h\u00e1ptico, orienta\u00e7\u00e3o assistida em tempo real e <strong>avalia\u00e7\u00e3o abrangente baseada em m\u00e9tricas<\/strong> em um sistema.<\/p>\n<p>A ScanTrainer Case Library, dispon\u00edvel apenas atrav\u00e9s do ScanTrainer Examine, oferece acesso flex\u00edvel Cloud a uma biblioteca em crescimento com <strong>mais de 500 casos normais e patol\u00f3gicos, criados<\/strong> com desde exames reais de pacientes.<\/p>\n","protected":false},"excerpt":{"rendered":"<p>ScanTrainer simulators for transvaginal and transabdominal ultrasound eductaion offer unique self-learning scanning experiences that replicate being taugh one to-one by an expert.<\/p>\n","protected":false},"featured_media":4057,"template":"","meta":{"_acf_changed":false,"_et_pb_use_builder":"","_et_pb_old_content":"","_et_gb_content_width":""},"product_brand":[],"product_cat":[314,319,315,248,276],"product_tag":[],"class_list":{"0":"post-21185","1":"product","2":"type-product","3":"status-publish","4":"has-post-thumbnail","6":"product_cat-examen-cervix-uterino-pt-pt","7":"product_cat-ecografia-pt","8":"product_cat-exame-palpacao","9":"product_cat-ginecologia-pt","10":"product_cat-obstetricia-pt","12":"first","13":"instock","14":"featured","15":"shipping-taxable","16":"product-type-simple","17":"berocket_lgv_grid","18":"berocket_lgv_list_grid"},"acf":[],"yoast_head":"<!-- This site is optimized with the Yoast SEO plugin v27.1.1 - https:\/\/yoast.com\/product\/yoast-seo-wordpress\/ -->\n<title>SCANTRAINER TAS\/TVS - OBGYN ultrasound | More Than Simulators<\/title>\n<meta name=\"description\" content=\"ScanTrainer simulators for transvaginal and transabdominal ultrasound eductaion offer unique self-learning scanning experiences that replicate being taugh one to-one by an expert.\" \/>\n<meta name=\"robots\" content=\"index, follow, max-snippet:-1, max-image-preview:large, max-video-preview:-1\" \/>\n<link rel=\"canonical\" href=\"https:\/\/morethansimulators.com\/pt-pt\/simulador\/scantrainer-tas-tvs-2\/\" \/>\n<meta property=\"og:locale\" content=\"pt_PT\" \/>\n<meta property=\"og:type\" content=\"article\" \/>\n<meta property=\"og:title\" content=\"SCANTRAINER TAS\/TVS - OBGYN ultrasound | More Than Simulators\" \/>\n<meta property=\"og:description\" content=\"ScanTrainer simulators for transvaginal and transabdominal ultrasound eductaion offer unique self-learning scanning experiences that replicate being taugh one to-one by an expert.\" \/>\n<meta property=\"og:url\" content=\"https:\/\/morethansimulators.com\/pt-pt\/simulador\/scantrainer-tas-tvs-2\/\" \/>\n<meta property=\"og:site_name\" content=\"More Than Simulators\" \/>\n<meta property=\"article:modified_time\" content=\"2023-01-20T11:02:16+00:00\" \/>\n<meta property=\"og:image\" content=\"https:\/\/morethansimulators.com\/wp-content\/uploads\/2020\/07\/1005.png\" \/>\n\t<meta property=\"og:image:width\" content=\"1057\" \/>\n\t<meta property=\"og:image:height\" content=\"1248\" \/>\n\t<meta property=\"og:image:type\" content=\"image\/png\" \/>\n<meta name=\"twitter:card\" content=\"summary_large_image\" \/>\n<meta name=\"twitter:site\" content=\"@MTSimulators\" \/>\n<script type=\"application\/ld+json\" class=\"yoast-schema-graph\">{\"@context\":\"https:\/\/schema.org\",\"@graph\":[{\"@type\":\"WebPage\",\"@id\":\"https:\/\/morethansimulators.com\/pt-pt\/simulador\/scantrainer-tas-tvs-2\/\",\"url\":\"https:\/\/morethansimulators.com\/pt-pt\/simulador\/scantrainer-tas-tvs-2\/\",\"name\":\"SCANTRAINER TAS\/TVS - OBGYN ultrasound | More Than Simulators\",\"isPartOf\":{\"@id\":\"https:\/\/morethansimulators.com\/pt-pt\/#website\"},\"primaryImageOfPage\":{\"@id\":\"https:\/\/morethansimulators.com\/pt-pt\/simulador\/scantrainer-tas-tvs-2\/#primaryimage\"},\"image\":{\"@id\":\"https:\/\/morethansimulators.com\/pt-pt\/simulador\/scantrainer-tas-tvs-2\/#primaryimage\"},\"thumbnailUrl\":\"https:\/\/morethansimulators.com\/wp-content\/uploads\/2020\/07\/1005.png\",\"datePublished\":\"2020-07-27T12:48:36+00:00\",\"dateModified\":\"2023-01-20T11:02:16+00:00\",\"description\":\"ScanTrainer simulators for transvaginal and transabdominal ultrasound eductaion offer unique self-learning scanning experiences that replicate being taugh one to-one by an expert.\",\"breadcrumb\":{\"@id\":\"https:\/\/morethansimulators.com\/pt-pt\/simulador\/scantrainer-tas-tvs-2\/#breadcrumb\"},\"inLanguage\":\"pt-PT\",\"potentialAction\":[{\"@type\":\"ReadAction\",\"target\":[\"https:\/\/morethansimulators.com\/pt-pt\/simulador\/scantrainer-tas-tvs-2\/\"]}]},{\"@type\":\"ImageObject\",\"inLanguage\":\"pt-PT\",\"@id\":\"https:\/\/morethansimulators.com\/pt-pt\/simulador\/scantrainer-tas-tvs-2\/#primaryimage\",\"url\":\"https:\/\/morethansimulators.com\/wp-content\/uploads\/2020\/07\/1005.png\",\"contentUrl\":\"https:\/\/morethansimulators.com\/wp-content\/uploads\/2020\/07\/1005.png\",\"width\":1057,\"height\":1248,\"caption\":\"Ecograf\u00eda de ginecolog\u00eda y obstetricia\"},{\"@type\":\"BreadcrumbList\",\"@id\":\"https:\/\/morethansimulators.com\/pt-pt\/simulador\/scantrainer-tas-tvs-2\/#breadcrumb\",\"itemListElement\":[{\"@type\":\"ListItem\",\"position\":1,\"name\":\"Portada\",\"item\":\"https:\/\/morethansimulators.com\/pt-pt\/\"},{\"@type\":\"ListItem\",\"position\":2,\"name\":\"Loja\",\"item\":\"https:\/\/morethansimulators.com\/pt-pt\/loja\/\"},{\"@type\":\"ListItem\",\"position\":3,\"name\":\"SCANTRAINER TAS\/TVS &#8211; OBGYN ultrasound\"}]},{\"@type\":\"WebSite\",\"@id\":\"https:\/\/morethansimulators.com\/pt-pt\/#website\",\"url\":\"https:\/\/morethansimulators.com\/pt-pt\/\",\"name\":\"More Than Simulators\",\"description\":\"Medical Simulation and Medical Simulators for Education\",\"publisher\":{\"@id\":\"https:\/\/morethansimulators.com\/pt-pt\/#organization\"},\"potentialAction\":[{\"@type\":\"SearchAction\",\"target\":{\"@type\":\"EntryPoint\",\"urlTemplate\":\"https:\/\/morethansimulators.com\/pt-pt\/?s={search_term_string}\"},\"query-input\":{\"@type\":\"PropertyValueSpecification\",\"valueRequired\":true,\"valueName\":\"search_term_string\"}}],\"inLanguage\":\"pt-PT\"},{\"@type\":\"Organization\",\"@id\":\"https:\/\/morethansimulators.com\/pt-pt\/#organization\",\"name\":\"MORE THAN SIMULATORS\",\"url\":\"https:\/\/morethansimulators.com\/pt-pt\/\",\"logo\":{\"@type\":\"ImageObject\",\"inLanguage\":\"pt-PT\",\"@id\":\"https:\/\/morethansimulators.com\/pt-pt\/#\/schema\/logo\/image\/\",\"url\":\"https:\/\/morethansimulators.com\/wp-content\/uploads\/2020\/05\/Logo-color-more-than-simulators-rgb.png\",\"contentUrl\":\"https:\/\/morethansimulators.com\/wp-content\/uploads\/2020\/05\/Logo-color-more-than-simulators-rgb.png\",\"width\":600,\"height\":174,\"caption\":\"MORE THAN SIMULATORS\"},\"image\":{\"@id\":\"https:\/\/morethansimulators.com\/pt-pt\/#\/schema\/logo\/image\/\"},\"sameAs\":[\"https:\/\/x.com\/MTSimulators\",\"https:\/\/instagram.com\/morethansimulators\",\"https:\/\/www.linkedin.com\/company\/14060232\",\"https:\/\/www.youtube.com\/channel\/UCouQ60LN2hEhGHMKyFuBgIA\"]}]}<\/script>\n<!-- \/ Yoast SEO plugin. -->","yoast_head_json":{"title":"SCANTRAINER TAS\/TVS - OBGYN ultrasound | More Than Simulators","description":"ScanTrainer simulators for transvaginal and transabdominal ultrasound eductaion offer unique self-learning scanning experiences that replicate being taugh one to-one by an expert.","robots":{"index":"index","follow":"follow","max-snippet":"max-snippet:-1","max-image-preview":"max-image-preview:large","max-video-preview":"max-video-preview:-1"},"canonical":"https:\/\/morethansimulators.com\/pt-pt\/simulador\/scantrainer-tas-tvs-2\/","og_locale":"pt_PT","og_type":"article","og_title":"SCANTRAINER TAS\/TVS - OBGYN ultrasound | More Than Simulators","og_description":"ScanTrainer simulators for transvaginal and transabdominal ultrasound eductaion offer unique self-learning scanning experiences that replicate being taugh one to-one by an expert.","og_url":"https:\/\/morethansimulators.com\/pt-pt\/simulador\/scantrainer-tas-tvs-2\/","og_site_name":"More Than Simulators","article_modified_time":"2023-01-20T11:02:16+00:00","og_image":[{"width":1057,"height":1248,"url":"https:\/\/morethansimulators.com\/wp-content\/uploads\/2020\/07\/1005.png","type":"image\/png"}],"twitter_card":"summary_large_image","twitter_site":"@MTSimulators","schema":{"@context":"https:\/\/schema.org","@graph":[{"@type":"WebPage","@id":"https:\/\/morethansimulators.com\/pt-pt\/simulador\/scantrainer-tas-tvs-2\/","url":"https:\/\/morethansimulators.com\/pt-pt\/simulador\/scantrainer-tas-tvs-2\/","name":"SCANTRAINER TAS\/TVS - OBGYN ultrasound | More Than Simulators","isPartOf":{"@id":"https:\/\/morethansimulators.com\/pt-pt\/#website"},"primaryImageOfPage":{"@id":"https:\/\/morethansimulators.com\/pt-pt\/simulador\/scantrainer-tas-tvs-2\/#primaryimage"},"image":{"@id":"https:\/\/morethansimulators.com\/pt-pt\/simulador\/scantrainer-tas-tvs-2\/#primaryimage"},"thumbnailUrl":"https:\/\/morethansimulators.com\/wp-content\/uploads\/2020\/07\/1005.png","datePublished":"2020-07-27T12:48:36+00:00","dateModified":"2023-01-20T11:02:16+00:00","description":"ScanTrainer simulators for transvaginal and transabdominal ultrasound eductaion offer unique self-learning scanning experiences that replicate being taugh one to-one by an expert.","breadcrumb":{"@id":"https:\/\/morethansimulators.com\/pt-pt\/simulador\/scantrainer-tas-tvs-2\/#breadcrumb"},"inLanguage":"pt-PT","potentialAction":[{"@type":"ReadAction","target":["https:\/\/morethansimulators.com\/pt-pt\/simulador\/scantrainer-tas-tvs-2\/"]}]},{"@type":"ImageObject","inLanguage":"pt-PT","@id":"https:\/\/morethansimulators.com\/pt-pt\/simulador\/scantrainer-tas-tvs-2\/#primaryimage","url":"https:\/\/morethansimulators.com\/wp-content\/uploads\/2020\/07\/1005.png","contentUrl":"https:\/\/morethansimulators.com\/wp-content\/uploads\/2020\/07\/1005.png","width":1057,"height":1248,"caption":"Ecograf\u00eda de ginecolog\u00eda y obstetricia"},{"@type":"BreadcrumbList","@id":"https:\/\/morethansimulators.com\/pt-pt\/simulador\/scantrainer-tas-tvs-2\/#breadcrumb","itemListElement":[{"@type":"ListItem","position":1,"name":"Portada","item":"https:\/\/morethansimulators.com\/pt-pt\/"},{"@type":"ListItem","position":2,"name":"Loja","item":"https:\/\/morethansimulators.com\/pt-pt\/loja\/"},{"@type":"ListItem","position":3,"name":"SCANTRAINER TAS\/TVS &#8211; OBGYN ultrasound"}]},{"@type":"WebSite","@id":"https:\/\/morethansimulators.com\/pt-pt\/#website","url":"https:\/\/morethansimulators.com\/pt-pt\/","name":"More Than Simulators","description":"Medical Simulation and Medical Simulators for Education","publisher":{"@id":"https:\/\/morethansimulators.com\/pt-pt\/#organization"},"potentialAction":[{"@type":"SearchAction","target":{"@type":"EntryPoint","urlTemplate":"https:\/\/morethansimulators.com\/pt-pt\/?s={search_term_string}"},"query-input":{"@type":"PropertyValueSpecification","valueRequired":true,"valueName":"search_term_string"}}],"inLanguage":"pt-PT"},{"@type":"Organization","@id":"https:\/\/morethansimulators.com\/pt-pt\/#organization","name":"MORE THAN SIMULATORS","url":"https:\/\/morethansimulators.com\/pt-pt\/","logo":{"@type":"ImageObject","inLanguage":"pt-PT","@id":"https:\/\/morethansimulators.com\/pt-pt\/#\/schema\/logo\/image\/","url":"https:\/\/morethansimulators.com\/wp-content\/uploads\/2020\/05\/Logo-color-more-than-simulators-rgb.png","contentUrl":"https:\/\/morethansimulators.com\/wp-content\/uploads\/2020\/05\/Logo-color-more-than-simulators-rgb.png","width":600,"height":174,"caption":"MORE THAN SIMULATORS"},"image":{"@id":"https:\/\/morethansimulators.com\/pt-pt\/#\/schema\/logo\/image\/"},"sameAs":["https:\/\/x.com\/MTSimulators","https:\/\/instagram.com\/morethansimulators","https:\/\/www.linkedin.com\/company\/14060232","https:\/\/www.youtube.com\/channel\/UCouQ60LN2hEhGHMKyFuBgIA"]}]}},"_links":{"self":[{"href":"https:\/\/morethansimulators.com\/pt-pt\/wp-json\/wp\/v2\/product\/21185","targetHints":{"allow":["GET"]}}],"collection":[{"href":"https:\/\/morethansimulators.com\/pt-pt\/wp-json\/wp\/v2\/product"}],"about":[{"href":"https:\/\/morethansimulators.com\/pt-pt\/wp-json\/wp\/v2\/types\/product"}],"wp:featuredmedia":[{"embeddable":true,"href":"https:\/\/morethansimulators.com\/pt-pt\/wp-json\/wp\/v2\/media\/4057"}],"wp:attachment":[{"href":"https:\/\/morethansimulators.com\/pt-pt\/wp-json\/wp\/v2\/media?parent=21185"}],"wp:term":[{"taxonomy":"product_brand","embeddable":true,"href":"https:\/\/morethansimulators.com\/pt-pt\/wp-json\/wp\/v2\/product_brand?post=21185"},{"taxonomy":"product_cat","embeddable":true,"href":"https:\/\/morethansimulators.com\/pt-pt\/wp-json\/wp\/v2\/product_cat?post=21185"},{"taxonomy":"product_tag","embeddable":true,"href":"https:\/\/morethansimulators.com\/pt-pt\/wp-json\/wp\/v2\/product_tag?post=21185"}],"curies":[{"name":"wp","href":"https:\/\/api.w.org\/{rel}","templated":true}]}}