{"id":19386,"date":"2022-03-14T12:40:13","date_gmt":"2022-03-14T11:40:13","guid":{"rendered":"https:\/\/morethansimulators.com\/simulator\/simulador-transferencia-embriones\/"},"modified":"2022-03-18T10:53:16","modified_gmt":"2022-03-18T09:53:16","slug":"simulador-transferencia-embriones","status":"publish","type":"product","link":"https:\/\/morethansimulators.com\/pt-pt\/simulador\/simulador-transferencia-embriones\/","title":{"rendered":"Simulador de transferencia de embriones &#8211; TransferSim"},"content":{"rendered":"<p>El simulador para el procedimiento de transferencia de embriones con interfaz f\u00e1cil de usar, r\u00e1pida y eficaz. Permite la visualizaci\u00f3n en tiempo real del procedimiento mediante un monitor de ecograf\u00eda simulado.<\/p>\n","protected":false},"excerpt":{"rendered":"<p>El simulador de transferencia de embriones permite la visualizaci\u00f3n en tiempo real mediante un monitor de ecograf\u00eda.<\/p>\n","protected":false},"featured_media":19377,"template":"","meta":{"_acf_changed":false,"_et_pb_use_builder":"","_et_pb_old_content":"","_et_gb_content_width":""},"product_brand":[],"product_cat":[319,248,276,286],"product_tag":[],"class_list":{"0":"post-19386","1":"product","2":"type-product","3":"status-publish","4":"has-post-thumbnail","6":"product_cat-ecografia-pt","7":"product_cat-ginecologia-pt","8":"product_cat-obstetricia-pt","9":"product_cat-radiologia-pt","11":"first","12":"instock","13":"shipping-taxable","14":"product-type-simple","15":"berocket_lgv_grid","16":"berocket_lgv_list_grid"},"acf":[],"yoast_head":"<!-- This site is optimized with the Yoast SEO plugin v27.1.1 - https:\/\/yoast.com\/product\/yoast-seo-wordpress\/ -->\n<title>Simulador de transferencia de embriones - TransferSim | More Than Simulators<\/title>\n<meta name=\"description\" content=\"El simulador de transferencia de embriones permite la visualizaci\u00f3n en tiempo real mediante un monitor de ecograf\u00eda. El simulador de transferencia de embriones permite la visualizaci\u00f3n en tiempo real mediante un monitor de ultrasonidos.\" \/>\n<meta name=\"robots\" content=\"index, follow, max-snippet:-1, max-image-preview:large, max-video-preview:-1\" \/>\n<link rel=\"canonical\" href=\"https:\/\/morethansimulators.com\/pt-pt\/simulador\/simulador-transferencia-embriones\/\" \/>\n<meta property=\"og:locale\" content=\"pt_PT\" \/>\n<meta property=\"og:type\" content=\"article\" \/>\n<meta property=\"og:title\" content=\"Simulador de transferencia de embriones - TransferSim | More Than Simulators\" \/>\n<meta property=\"og:description\" content=\"El simulador de transferencia de embriones permite la visualizaci\u00f3n en tiempo real mediante un monitor de ecograf\u00eda. El simulador de transferencia de embriones permite la visualizaci\u00f3n en tiempo real mediante un monitor de ultrasonidos.\" \/>\n<meta property=\"og:url\" content=\"https:\/\/morethansimulators.com\/pt-pt\/simulador\/simulador-transferencia-embriones\/\" \/>\n<meta property=\"og:site_name\" content=\"More Than Simulators\" \/>\n<meta property=\"article:modified_time\" content=\"2022-03-18T09:53:16+00:00\" \/>\n<meta property=\"og:image\" content=\"https:\/\/morethansimulators.com\/wp-content\/uploads\/2022\/03\/2896.jpg\" \/>\n\t<meta property=\"og:image:width\" content=\"599\" \/>\n\t<meta property=\"og:image:height\" content=\"400\" \/>\n\t<meta property=\"og:image:type\" content=\"image\/jpeg\" \/>\n<meta name=\"twitter:card\" content=\"summary_large_image\" \/>\n<meta name=\"twitter:site\" content=\"@MTSimulators\" \/>\n<script type=\"application\/ld+json\" class=\"yoast-schema-graph\">{\"@context\":\"https:\/\/schema.org\",\"@graph\":[{\"@type\":\"WebPage\",\"@id\":\"https:\/\/morethansimulators.com\/pt-pt\/simulador\/simulador-transferencia-embriones\/\",\"url\":\"https:\/\/morethansimulators.com\/pt-pt\/simulador\/simulador-transferencia-embriones\/\",\"name\":\"Simulador de transferencia de embriones - TransferSim | More Than Simulators\",\"isPartOf\":{\"@id\":\"https:\/\/morethansimulators.com\/pt-pt\/#website\"},\"primaryImageOfPage\":{\"@id\":\"https:\/\/morethansimulators.com\/pt-pt\/simulador\/simulador-transferencia-embriones\/#primaryimage\"},\"image\":{\"@id\":\"https:\/\/morethansimulators.com\/pt-pt\/simulador\/simulador-transferencia-embriones\/#primaryimage\"},\"thumbnailUrl\":\"https:\/\/morethansimulators.com\/wp-content\/uploads\/2022\/03\/2896.jpg\",\"datePublished\":\"2022-03-14T11:40:13+00:00\",\"dateModified\":\"2022-03-18T09:53:16+00:00\",\"description\":\"El simulador de transferencia de embriones permite la visualizaci\u00f3n en tiempo real mediante un monitor de ecograf\u00eda. El simulador de transferencia de embriones permite la visualizaci\u00f3n en tiempo real mediante un monitor de ultrasonidos.\",\"breadcrumb\":{\"@id\":\"https:\/\/morethansimulators.com\/pt-pt\/simulador\/simulador-transferencia-embriones\/#breadcrumb\"},\"inLanguage\":\"pt-PT\",\"potentialAction\":[{\"@type\":\"ReadAction\",\"target\":[\"https:\/\/morethansimulators.com\/pt-pt\/simulador\/simulador-transferencia-embriones\/\"]}]},{\"@type\":\"ImageObject\",\"inLanguage\":\"pt-PT\",\"@id\":\"https:\/\/morethansimulators.com\/pt-pt\/simulador\/simulador-transferencia-embriones\/#primaryimage\",\"url\":\"https:\/\/morethansimulators.com\/wp-content\/uploads\/2022\/03\/2896.jpg\",\"contentUrl\":\"https:\/\/morethansimulators.com\/wp-content\/uploads\/2022\/03\/2896.jpg\",\"width\":599,\"height\":400,\"caption\":\"Simulador de transferencia de embriones\"},{\"@type\":\"BreadcrumbList\",\"@id\":\"https:\/\/morethansimulators.com\/pt-pt\/simulador\/simulador-transferencia-embriones\/#breadcrumb\",\"itemListElement\":[{\"@type\":\"ListItem\",\"position\":1,\"name\":\"Portada\",\"item\":\"https:\/\/morethansimulators.com\/pt-pt\/\"},{\"@type\":\"ListItem\",\"position\":2,\"name\":\"Loja\",\"item\":\"https:\/\/morethansimulators.com\/pt-pt\/loja\/\"},{\"@type\":\"ListItem\",\"position\":3,\"name\":\"Simulador de transferencia de embriones &#8211; TransferSim\"}]},{\"@type\":\"WebSite\",\"@id\":\"https:\/\/morethansimulators.com\/pt-pt\/#website\",\"url\":\"https:\/\/morethansimulators.com\/pt-pt\/\",\"name\":\"More Than Simulators\",\"description\":\"Medical Simulation and Medical Simulators for Education\",\"publisher\":{\"@id\":\"https:\/\/morethansimulators.com\/pt-pt\/#organization\"},\"potentialAction\":[{\"@type\":\"SearchAction\",\"target\":{\"@type\":\"EntryPoint\",\"urlTemplate\":\"https:\/\/morethansimulators.com\/pt-pt\/?s={search_term_string}\"},\"query-input\":{\"@type\":\"PropertyValueSpecification\",\"valueRequired\":true,\"valueName\":\"search_term_string\"}}],\"inLanguage\":\"pt-PT\"},{\"@type\":\"Organization\",\"@id\":\"https:\/\/morethansimulators.com\/pt-pt\/#organization\",\"name\":\"MORE THAN SIMULATORS\",\"url\":\"https:\/\/morethansimulators.com\/pt-pt\/\",\"logo\":{\"@type\":\"ImageObject\",\"inLanguage\":\"pt-PT\",\"@id\":\"https:\/\/morethansimulators.com\/pt-pt\/#\/schema\/logo\/image\/\",\"url\":\"https:\/\/morethansimulators.com\/wp-content\/uploads\/2020\/05\/Logo-color-more-than-simulators-rgb.png\",\"contentUrl\":\"https:\/\/morethansimulators.com\/wp-content\/uploads\/2020\/05\/Logo-color-more-than-simulators-rgb.png\",\"width\":600,\"height\":174,\"caption\":\"MORE THAN SIMULATORS\"},\"image\":{\"@id\":\"https:\/\/morethansimulators.com\/pt-pt\/#\/schema\/logo\/image\/\"},\"sameAs\":[\"https:\/\/x.com\/MTSimulators\",\"https:\/\/instagram.com\/morethansimulators\",\"https:\/\/www.linkedin.com\/company\/14060232\",\"https:\/\/www.youtube.com\/channel\/UCouQ60LN2hEhGHMKyFuBgIA\"]}]}<\/script>\n<!-- \/ Yoast SEO plugin. -->","yoast_head_json":{"title":"Simulador de transferencia de embriones - TransferSim | More Than Simulators","description":"El simulador de transferencia de embriones permite la visualizaci\u00f3n en tiempo real mediante un monitor de ecograf\u00eda. El simulador de transferencia de embriones permite la visualizaci\u00f3n en tiempo real mediante un monitor de ultrasonidos.","robots":{"index":"index","follow":"follow","max-snippet":"max-snippet:-1","max-image-preview":"max-image-preview:large","max-video-preview":"max-video-preview:-1"},"canonical":"https:\/\/morethansimulators.com\/pt-pt\/simulador\/simulador-transferencia-embriones\/","og_locale":"pt_PT","og_type":"article","og_title":"Simulador de transferencia de embriones - TransferSim | More Than Simulators","og_description":"El simulador de transferencia de embriones permite la visualizaci\u00f3n en tiempo real mediante un monitor de ecograf\u00eda. El simulador de transferencia de embriones permite la visualizaci\u00f3n en tiempo real mediante un monitor de ultrasonidos.","og_url":"https:\/\/morethansimulators.com\/pt-pt\/simulador\/simulador-transferencia-embriones\/","og_site_name":"More Than Simulators","article_modified_time":"2022-03-18T09:53:16+00:00","og_image":[{"width":599,"height":400,"url":"https:\/\/morethansimulators.com\/wp-content\/uploads\/2022\/03\/2896.jpg","type":"image\/jpeg"}],"twitter_card":"summary_large_image","twitter_site":"@MTSimulators","schema":{"@context":"https:\/\/schema.org","@graph":[{"@type":"WebPage","@id":"https:\/\/morethansimulators.com\/pt-pt\/simulador\/simulador-transferencia-embriones\/","url":"https:\/\/morethansimulators.com\/pt-pt\/simulador\/simulador-transferencia-embriones\/","name":"Simulador de transferencia de embriones - TransferSim | More Than Simulators","isPartOf":{"@id":"https:\/\/morethansimulators.com\/pt-pt\/#website"},"primaryImageOfPage":{"@id":"https:\/\/morethansimulators.com\/pt-pt\/simulador\/simulador-transferencia-embriones\/#primaryimage"},"image":{"@id":"https:\/\/morethansimulators.com\/pt-pt\/simulador\/simulador-transferencia-embriones\/#primaryimage"},"thumbnailUrl":"https:\/\/morethansimulators.com\/wp-content\/uploads\/2022\/03\/2896.jpg","datePublished":"2022-03-14T11:40:13+00:00","dateModified":"2022-03-18T09:53:16+00:00","description":"El simulador de transferencia de embriones permite la visualizaci\u00f3n en tiempo real mediante un monitor de ecograf\u00eda. El simulador de transferencia de embriones permite la visualizaci\u00f3n en tiempo real mediante un monitor de ultrasonidos.","breadcrumb":{"@id":"https:\/\/morethansimulators.com\/pt-pt\/simulador\/simulador-transferencia-embriones\/#breadcrumb"},"inLanguage":"pt-PT","potentialAction":[{"@type":"ReadAction","target":["https:\/\/morethansimulators.com\/pt-pt\/simulador\/simulador-transferencia-embriones\/"]}]},{"@type":"ImageObject","inLanguage":"pt-PT","@id":"https:\/\/morethansimulators.com\/pt-pt\/simulador\/simulador-transferencia-embriones\/#primaryimage","url":"https:\/\/morethansimulators.com\/wp-content\/uploads\/2022\/03\/2896.jpg","contentUrl":"https:\/\/morethansimulators.com\/wp-content\/uploads\/2022\/03\/2896.jpg","width":599,"height":400,"caption":"Simulador de transferencia de embriones"},{"@type":"BreadcrumbList","@id":"https:\/\/morethansimulators.com\/pt-pt\/simulador\/simulador-transferencia-embriones\/#breadcrumb","itemListElement":[{"@type":"ListItem","position":1,"name":"Portada","item":"https:\/\/morethansimulators.com\/pt-pt\/"},{"@type":"ListItem","position":2,"name":"Loja","item":"https:\/\/morethansimulators.com\/pt-pt\/loja\/"},{"@type":"ListItem","position":3,"name":"Simulador de transferencia de embriones &#8211; TransferSim"}]},{"@type":"WebSite","@id":"https:\/\/morethansimulators.com\/pt-pt\/#website","url":"https:\/\/morethansimulators.com\/pt-pt\/","name":"More Than Simulators","description":"Medical Simulation and Medical Simulators for Education","publisher":{"@id":"https:\/\/morethansimulators.com\/pt-pt\/#organization"},"potentialAction":[{"@type":"SearchAction","target":{"@type":"EntryPoint","urlTemplate":"https:\/\/morethansimulators.com\/pt-pt\/?s={search_term_string}"},"query-input":{"@type":"PropertyValueSpecification","valueRequired":true,"valueName":"search_term_string"}}],"inLanguage":"pt-PT"},{"@type":"Organization","@id":"https:\/\/morethansimulators.com\/pt-pt\/#organization","name":"MORE THAN SIMULATORS","url":"https:\/\/morethansimulators.com\/pt-pt\/","logo":{"@type":"ImageObject","inLanguage":"pt-PT","@id":"https:\/\/morethansimulators.com\/pt-pt\/#\/schema\/logo\/image\/","url":"https:\/\/morethansimulators.com\/wp-content\/uploads\/2020\/05\/Logo-color-more-than-simulators-rgb.png","contentUrl":"https:\/\/morethansimulators.com\/wp-content\/uploads\/2020\/05\/Logo-color-more-than-simulators-rgb.png","width":600,"height":174,"caption":"MORE THAN SIMULATORS"},"image":{"@id":"https:\/\/morethansimulators.com\/pt-pt\/#\/schema\/logo\/image\/"},"sameAs":["https:\/\/x.com\/MTSimulators","https:\/\/instagram.com\/morethansimulators","https:\/\/www.linkedin.com\/company\/14060232","https:\/\/www.youtube.com\/channel\/UCouQ60LN2hEhGHMKyFuBgIA"]}]}},"_links":{"self":[{"href":"https:\/\/morethansimulators.com\/pt-pt\/wp-json\/wp\/v2\/product\/19386","targetHints":{"allow":["GET"]}}],"collection":[{"href":"https:\/\/morethansimulators.com\/pt-pt\/wp-json\/wp\/v2\/product"}],"about":[{"href":"https:\/\/morethansimulators.com\/pt-pt\/wp-json\/wp\/v2\/types\/product"}],"wp:featuredmedia":[{"embeddable":true,"href":"https:\/\/morethansimulators.com\/pt-pt\/wp-json\/wp\/v2\/media\/19377"}],"wp:attachment":[{"href":"https:\/\/morethansimulators.com\/pt-pt\/wp-json\/wp\/v2\/media?parent=19386"}],"wp:term":[{"taxonomy":"product_brand","embeddable":true,"href":"https:\/\/morethansimulators.com\/pt-pt\/wp-json\/wp\/v2\/product_brand?post=19386"},{"taxonomy":"product_cat","embeddable":true,"href":"https:\/\/morethansimulators.com\/pt-pt\/wp-json\/wp\/v2\/product_cat?post=19386"},{"taxonomy":"product_tag","embeddable":true,"href":"https:\/\/morethansimulators.com\/pt-pt\/wp-json\/wp\/v2\/product_tag?post=19386"}],"curies":[{"name":"wp","href":"https:\/\/api.w.org\/{rel}","templated":true}]}}