{"id":13356,"date":"2020-07-20T10:28:48","date_gmt":"2020-07-20T08:28:48","guid":{"rendered":"https:\/\/morethansimulators.com\/simulator\/romano-migs-kit\/"},"modified":"2021-08-24T18:52:01","modified_gmt":"2021-08-24T16:52:01","slug":"romano-migs-kit","status":"publish","type":"product","link":"https:\/\/morethansimulators.com\/pt-pt\/simulador\/romano-migs-kit\/","title":{"rendered":"ROMANO MIGS KIT"},"content":{"rendered":"<p>Este kit inclui uma cabe\u00e7a ROMANO e os seus acess\u00f3rios para permitir uma inclina\u00e7\u00e3o ajust\u00e1vel da cabe\u00e7a para a forma\u00e7\u00e3o de gonioscopia cir\u00fargica com cen\u00e1rios MIGS de alta fidelidade. <\/p>\n<p>O modelo MIGS-SC apresenta uma visualiza\u00e7\u00e3o angular realista e permite a implanta\u00e7\u00e3o simulada de MIGS do tipo piercing (istent, xen) e MIGS supracoroide (Supra, CyPass, miniject). Adicionalmente, pode desenvolver compet\u00eancias de gonioscopia cir\u00fargica e praticar a t\u00e9cnica bimanual.<\/p>\n","protected":false},"excerpt":{"rendered":"<p>ROMANO Cabe\u00e7a com placa de inclinao e ajust\u00e1vel<br \/>\n Nmini titular para cen\u00e1rios GAI alta fidelidade<\/p>\n","protected":false},"featured_media":15241,"template":"","meta":{"_acf_changed":false,"_et_pb_use_builder":"","_et_pb_old_content":"","_et_gb_content_width":""},"product_brand":[],"product_cat":[266,277],"product_tag":[],"class_list":{"0":"post-13356","1":"product","2":"type-product","3":"status-publish","4":"has-post-thumbnail","6":"product_cat-cirugia-ocular-pt","7":"product_cat-oftalmologia-pt","9":"first","10":"instock","11":"shipping-taxable","12":"product-type-simple","13":"berocket_lgv_grid","14":"berocket_lgv_list_grid"},"acf":[],"yoast_head":"<!-- This site is optimized with the Yoast SEO plugin v27.1.1 - https:\/\/yoast.com\/product\/yoast-seo-wordpress\/ -->\n<title>ROMANO MIGS KIT | More Than Simulators<\/title>\n<meta name=\"description\" content=\"ROMANO Cabe\u00e7a com placa de inclinao e ajust\u00e1vel Nmini titular para cen\u00e1rios GAI alta fidelidade\" \/>\n<meta name=\"robots\" content=\"index, follow, max-snippet:-1, max-image-preview:large, max-video-preview:-1\" \/>\n<link rel=\"canonical\" href=\"https:\/\/morethansimulators.com\/pt-pt\/simulador\/romano-migs-kit\/\" \/>\n<meta property=\"og:locale\" content=\"pt_PT\" \/>\n<meta property=\"og:type\" content=\"article\" \/>\n<meta property=\"og:title\" content=\"ROMANO MIGS KIT | More Than Simulators\" \/>\n<meta property=\"og:description\" content=\"ROMANO Cabe\u00e7a com placa de inclinao e ajust\u00e1vel Nmini titular para cen\u00e1rios GAI alta fidelidade\" \/>\n<meta property=\"og:url\" content=\"https:\/\/morethansimulators.com\/pt-pt\/simulador\/romano-migs-kit\/\" \/>\n<meta property=\"og:site_name\" content=\"More Than Simulators\" \/>\n<meta property=\"article:modified_time\" content=\"2021-08-24T16:52:01+00:00\" \/>\n<meta property=\"og:image\" content=\"https:\/\/morethansimulators.com\/wp-content\/uploads\/2021\/08\/1692.jpg\" \/>\n\t<meta property=\"og:image:width\" content=\"253\" \/>\n\t<meta property=\"og:image:height\" content=\"217\" \/>\n\t<meta property=\"og:image:type\" content=\"image\/jpeg\" \/>\n<meta name=\"twitter:card\" content=\"summary_large_image\" \/>\n<meta name=\"twitter:site\" content=\"@MTSimulators\" \/>\n<script type=\"application\/ld+json\" class=\"yoast-schema-graph\">{\"@context\":\"https:\/\/schema.org\",\"@graph\":[{\"@type\":\"WebPage\",\"@id\":\"https:\/\/morethansimulators.com\/pt-pt\/simulador\/romano-migs-kit\/\",\"url\":\"https:\/\/morethansimulators.com\/pt-pt\/simulador\/romano-migs-kit\/\",\"name\":\"ROMANO MIGS KIT | More Than Simulators\",\"isPartOf\":{\"@id\":\"https:\/\/morethansimulators.com\/pt-pt\/#website\"},\"primaryImageOfPage\":{\"@id\":\"https:\/\/morethansimulators.com\/pt-pt\/simulador\/romano-migs-kit\/#primaryimage\"},\"image\":{\"@id\":\"https:\/\/morethansimulators.com\/pt-pt\/simulador\/romano-migs-kit\/#primaryimage\"},\"thumbnailUrl\":\"https:\/\/morethansimulators.com\/wp-content\/uploads\/2021\/08\/1692.jpg\",\"datePublished\":\"2020-07-20T08:28:48+00:00\",\"dateModified\":\"2021-08-24T16:52:01+00:00\",\"description\":\"ROMANO Cabe\u00e7a com placa de inclinao e ajust\u00e1vel Nmini titular para cen\u00e1rios GAI alta fidelidade\",\"breadcrumb\":{\"@id\":\"https:\/\/morethansimulators.com\/pt-pt\/simulador\/romano-migs-kit\/#breadcrumb\"},\"inLanguage\":\"pt-PT\",\"potentialAction\":[{\"@type\":\"ReadAction\",\"target\":[\"https:\/\/morethansimulators.com\/pt-pt\/simulador\/romano-migs-kit\/\"]}]},{\"@type\":\"ImageObject\",\"inLanguage\":\"pt-PT\",\"@id\":\"https:\/\/morethansimulators.com\/pt-pt\/simulador\/romano-migs-kit\/#primaryimage\",\"url\":\"https:\/\/morethansimulators.com\/wp-content\/uploads\/2021\/08\/1692.jpg\",\"contentUrl\":\"https:\/\/morethansimulators.com\/wp-content\/uploads\/2021\/08\/1692.jpg\",\"width\":253,\"height\":217},{\"@type\":\"BreadcrumbList\",\"@id\":\"https:\/\/morethansimulators.com\/pt-pt\/simulador\/romano-migs-kit\/#breadcrumb\",\"itemListElement\":[{\"@type\":\"ListItem\",\"position\":1,\"name\":\"Portada\",\"item\":\"https:\/\/morethansimulators.com\/pt-pt\/\"},{\"@type\":\"ListItem\",\"position\":2,\"name\":\"Loja\",\"item\":\"https:\/\/morethansimulators.com\/pt-pt\/loja\/\"},{\"@type\":\"ListItem\",\"position\":3,\"name\":\"ROMANO MIGS KIT\"}]},{\"@type\":\"WebSite\",\"@id\":\"https:\/\/morethansimulators.com\/pt-pt\/#website\",\"url\":\"https:\/\/morethansimulators.com\/pt-pt\/\",\"name\":\"More Than Simulators\",\"description\":\"Medical Simulation and Medical Simulators for Education\",\"publisher\":{\"@id\":\"https:\/\/morethansimulators.com\/pt-pt\/#organization\"},\"potentialAction\":[{\"@type\":\"SearchAction\",\"target\":{\"@type\":\"EntryPoint\",\"urlTemplate\":\"https:\/\/morethansimulators.com\/pt-pt\/?s={search_term_string}\"},\"query-input\":{\"@type\":\"PropertyValueSpecification\",\"valueRequired\":true,\"valueName\":\"search_term_string\"}}],\"inLanguage\":\"pt-PT\"},{\"@type\":\"Organization\",\"@id\":\"https:\/\/morethansimulators.com\/pt-pt\/#organization\",\"name\":\"MORE THAN SIMULATORS\",\"url\":\"https:\/\/morethansimulators.com\/pt-pt\/\",\"logo\":{\"@type\":\"ImageObject\",\"inLanguage\":\"pt-PT\",\"@id\":\"https:\/\/morethansimulators.com\/pt-pt\/#\/schema\/logo\/image\/\",\"url\":\"https:\/\/morethansimulators.com\/wp-content\/uploads\/2020\/05\/Logo-color-more-than-simulators-rgb.png\",\"contentUrl\":\"https:\/\/morethansimulators.com\/wp-content\/uploads\/2020\/05\/Logo-color-more-than-simulators-rgb.png\",\"width\":600,\"height\":174,\"caption\":\"MORE THAN SIMULATORS\"},\"image\":{\"@id\":\"https:\/\/morethansimulators.com\/pt-pt\/#\/schema\/logo\/image\/\"},\"sameAs\":[\"https:\/\/x.com\/MTSimulators\",\"https:\/\/instagram.com\/morethansimulators\",\"https:\/\/www.linkedin.com\/company\/14060232\",\"https:\/\/www.youtube.com\/channel\/UCouQ60LN2hEhGHMKyFuBgIA\"]}]}<\/script>\n<!-- \/ Yoast SEO plugin. -->","yoast_head_json":{"title":"ROMANO MIGS KIT | More Than Simulators","description":"ROMANO Cabe\u00e7a com placa de inclinao e ajust\u00e1vel Nmini titular para cen\u00e1rios GAI alta fidelidade","robots":{"index":"index","follow":"follow","max-snippet":"max-snippet:-1","max-image-preview":"max-image-preview:large","max-video-preview":"max-video-preview:-1"},"canonical":"https:\/\/morethansimulators.com\/pt-pt\/simulador\/romano-migs-kit\/","og_locale":"pt_PT","og_type":"article","og_title":"ROMANO MIGS KIT | More Than Simulators","og_description":"ROMANO Cabe\u00e7a com placa de inclinao e ajust\u00e1vel Nmini titular para cen\u00e1rios GAI alta fidelidade","og_url":"https:\/\/morethansimulators.com\/pt-pt\/simulador\/romano-migs-kit\/","og_site_name":"More Than Simulators","article_modified_time":"2021-08-24T16:52:01+00:00","og_image":[{"width":253,"height":217,"url":"https:\/\/morethansimulators.com\/wp-content\/uploads\/2021\/08\/1692.jpg","type":"image\/jpeg"}],"twitter_card":"summary_large_image","twitter_site":"@MTSimulators","schema":{"@context":"https:\/\/schema.org","@graph":[{"@type":"WebPage","@id":"https:\/\/morethansimulators.com\/pt-pt\/simulador\/romano-migs-kit\/","url":"https:\/\/morethansimulators.com\/pt-pt\/simulador\/romano-migs-kit\/","name":"ROMANO MIGS KIT | More Than Simulators","isPartOf":{"@id":"https:\/\/morethansimulators.com\/pt-pt\/#website"},"primaryImageOfPage":{"@id":"https:\/\/morethansimulators.com\/pt-pt\/simulador\/romano-migs-kit\/#primaryimage"},"image":{"@id":"https:\/\/morethansimulators.com\/pt-pt\/simulador\/romano-migs-kit\/#primaryimage"},"thumbnailUrl":"https:\/\/morethansimulators.com\/wp-content\/uploads\/2021\/08\/1692.jpg","datePublished":"2020-07-20T08:28:48+00:00","dateModified":"2021-08-24T16:52:01+00:00","description":"ROMANO Cabe\u00e7a com placa de inclinao e ajust\u00e1vel Nmini titular para cen\u00e1rios GAI alta fidelidade","breadcrumb":{"@id":"https:\/\/morethansimulators.com\/pt-pt\/simulador\/romano-migs-kit\/#breadcrumb"},"inLanguage":"pt-PT","potentialAction":[{"@type":"ReadAction","target":["https:\/\/morethansimulators.com\/pt-pt\/simulador\/romano-migs-kit\/"]}]},{"@type":"ImageObject","inLanguage":"pt-PT","@id":"https:\/\/morethansimulators.com\/pt-pt\/simulador\/romano-migs-kit\/#primaryimage","url":"https:\/\/morethansimulators.com\/wp-content\/uploads\/2021\/08\/1692.jpg","contentUrl":"https:\/\/morethansimulators.com\/wp-content\/uploads\/2021\/08\/1692.jpg","width":253,"height":217},{"@type":"BreadcrumbList","@id":"https:\/\/morethansimulators.com\/pt-pt\/simulador\/romano-migs-kit\/#breadcrumb","itemListElement":[{"@type":"ListItem","position":1,"name":"Portada","item":"https:\/\/morethansimulators.com\/pt-pt\/"},{"@type":"ListItem","position":2,"name":"Loja","item":"https:\/\/morethansimulators.com\/pt-pt\/loja\/"},{"@type":"ListItem","position":3,"name":"ROMANO MIGS KIT"}]},{"@type":"WebSite","@id":"https:\/\/morethansimulators.com\/pt-pt\/#website","url":"https:\/\/morethansimulators.com\/pt-pt\/","name":"More Than Simulators","description":"Medical Simulation and Medical Simulators for Education","publisher":{"@id":"https:\/\/morethansimulators.com\/pt-pt\/#organization"},"potentialAction":[{"@type":"SearchAction","target":{"@type":"EntryPoint","urlTemplate":"https:\/\/morethansimulators.com\/pt-pt\/?s={search_term_string}"},"query-input":{"@type":"PropertyValueSpecification","valueRequired":true,"valueName":"search_term_string"}}],"inLanguage":"pt-PT"},{"@type":"Organization","@id":"https:\/\/morethansimulators.com\/pt-pt\/#organization","name":"MORE THAN SIMULATORS","url":"https:\/\/morethansimulators.com\/pt-pt\/","logo":{"@type":"ImageObject","inLanguage":"pt-PT","@id":"https:\/\/morethansimulators.com\/pt-pt\/#\/schema\/logo\/image\/","url":"https:\/\/morethansimulators.com\/wp-content\/uploads\/2020\/05\/Logo-color-more-than-simulators-rgb.png","contentUrl":"https:\/\/morethansimulators.com\/wp-content\/uploads\/2020\/05\/Logo-color-more-than-simulators-rgb.png","width":600,"height":174,"caption":"MORE THAN SIMULATORS"},"image":{"@id":"https:\/\/morethansimulators.com\/pt-pt\/#\/schema\/logo\/image\/"},"sameAs":["https:\/\/x.com\/MTSimulators","https:\/\/instagram.com\/morethansimulators","https:\/\/www.linkedin.com\/company\/14060232","https:\/\/www.youtube.com\/channel\/UCouQ60LN2hEhGHMKyFuBgIA"]}]}},"_links":{"self":[{"href":"https:\/\/morethansimulators.com\/pt-pt\/wp-json\/wp\/v2\/product\/13356","targetHints":{"allow":["GET"]}}],"collection":[{"href":"https:\/\/morethansimulators.com\/pt-pt\/wp-json\/wp\/v2\/product"}],"about":[{"href":"https:\/\/morethansimulators.com\/pt-pt\/wp-json\/wp\/v2\/types\/product"}],"wp:featuredmedia":[{"embeddable":true,"href":"https:\/\/morethansimulators.com\/pt-pt\/wp-json\/wp\/v2\/media\/15241"}],"wp:attachment":[{"href":"https:\/\/morethansimulators.com\/pt-pt\/wp-json\/wp\/v2\/media?parent=13356"}],"wp:term":[{"taxonomy":"product_brand","embeddable":true,"href":"https:\/\/morethansimulators.com\/pt-pt\/wp-json\/wp\/v2\/product_brand?post=13356"},{"taxonomy":"product_cat","embeddable":true,"href":"https:\/\/morethansimulators.com\/pt-pt\/wp-json\/wp\/v2\/product_cat?post=13356"},{"taxonomy":"product_tag","embeddable":true,"href":"https:\/\/morethansimulators.com\/pt-pt\/wp-json\/wp\/v2\/product_tag?post=13356"}],"curies":[{"name":"wp","href":"https:\/\/api.w.org\/{rel}","templated":true}]}}