{"id":13105,"date":"2020-07-20T10:28:53","date_gmt":"2020-07-20T08:28:53","guid":{"rendered":"https:\/\/morethansimulators.com\/simulator\/fundus-membrane-coat-ilm-peeling\/"},"modified":"2021-08-24T18:52:24","modified_gmt":"2021-08-24T16:52:24","slug":"fundus-membrane-coat-ilm-peeling","status":"publish","type":"product","link":"https:\/\/morethansimulators.com\/pt-pt\/simulador\/fundus-membrane-coat-ilm-peeling\/","title":{"rendered":"FUNDUS \u2013 Peeling ILM"},"content":{"rendered":"<p>As <strong>compet\u00eancias de instrumentos vitreorretinais<\/strong> s\u00e3o algumas das compet\u00eancias mais dif\u00edceis de adquirir em oftalmologia. Os cirurgi\u00f5es s\u00e3o obrigados a manipular pequenos instrumentos em \u00e2ngulos desafiantes atrav\u00e9s de pontos de acesso restritos, enquanto utilizam o microsc\u00f3pio e a capacidade de visualiza\u00e7\u00e3o para visualizar a retina atrav\u00e9s da \u00f3tica do olho. H\u00e1 pouco espa\u00e7o para erros e a vis\u00e3o do doente est\u00e1 geralmente em risco, o que torna muito stressante aprender no trabalho. <\/p>\n<p>O<strong> ILM COAT<\/strong> sol\u00favel em \u00e1gua da BIONIKO permite aplicar repetidamente uma membrana fina remov\u00edvel ao seu modelo FUNDUS (vendido separadamente). Isto permite praticar &lt;li> v\u00e1rias vezes com um \u00fanico modelo FUNDUS. Demonstre, pratique e refine compet\u00eancias em instrumentos vitreorretinais num ambiente sem press\u00e3o e sem necessidade de um modelo animal.<\/p>\n","protected":false},"excerpt":{"rendered":"<p>\u00e1gua ILM sol\u00favel REVESTIMENTO de BIONIKO permite aplicar repetidamente uma membrana fina remov\u00edvel no seu modelo FUNDUS (vendido separadamente). Isso permite praticar instrumento VR e microsc\u00f3pio habilidades v\u00e1rias vezes com um \u00fanico modelo de fundo de olho.<\/p>\n","protected":false},"featured_media":15319,"template":"","meta":{"_acf_changed":false,"_et_pb_use_builder":"","_et_pb_old_content":"","_et_gb_content_width":""},"product_brand":[],"product_cat":[266,277,325],"product_tag":[],"class_list":{"0":"post-13105","1":"product","2":"type-product","3":"status-publish","4":"has-post-thumbnail","6":"product_cat-cirugia-ocular-pt","7":"product_cat-oftalmologia-pt","8":"product_cat-retina-pt-pt","10":"first","11":"instock","12":"shipping-taxable","13":"product-type-simple","14":"berocket_lgv_grid","15":"berocket_lgv_list_grid"},"acf":[],"yoast_head":"<!-- This site is optimized with the Yoast SEO plugin v27.1.1 - https:\/\/yoast.com\/product\/yoast-seo-wordpress\/ -->\n<title>FUNDUS \u2013 Peeling ILM | More Than Simulators<\/title>\n<meta name=\"description\" content=\"\u00e1gua ILM sol\u00favel REVESTIMENTO de BIONIKO permite aplicar repetidamente uma membrana fina remov\u00edvel no seu modelo FUNDUS (vendido separadamente). Isso permite praticar instrumento VR e microsc\u00f3pio habilidades v\u00e1rias vezes com um \u00fanico modelo de fundo de olho.\" \/>\n<meta name=\"robots\" content=\"index, follow, max-snippet:-1, max-image-preview:large, max-video-preview:-1\" \/>\n<link rel=\"canonical\" href=\"https:\/\/morethansimulators.com\/pt-pt\/simulador\/fundus-membrane-coat-ilm-peeling\/\" \/>\n<meta property=\"og:locale\" content=\"pt_PT\" \/>\n<meta property=\"og:type\" content=\"article\" \/>\n<meta property=\"og:title\" content=\"FUNDUS \u2013 Peeling ILM | More Than Simulators\" \/>\n<meta property=\"og:description\" content=\"\u00e1gua ILM sol\u00favel REVESTIMENTO de BIONIKO permite aplicar repetidamente uma membrana fina remov\u00edvel no seu modelo FUNDUS (vendido separadamente). Isso permite praticar instrumento VR e microsc\u00f3pio habilidades v\u00e1rias vezes com um \u00fanico modelo de fundo de olho.\" \/>\n<meta property=\"og:url\" content=\"https:\/\/morethansimulators.com\/pt-pt\/simulador\/fundus-membrane-coat-ilm-peeling\/\" \/>\n<meta property=\"og:site_name\" content=\"More Than Simulators\" \/>\n<meta property=\"article:modified_time\" content=\"2021-08-24T16:52:24+00:00\" \/>\n<meta property=\"og:image\" content=\"https:\/\/morethansimulators.com\/wp-content\/uploads\/2021\/08\/1821-d-1.jpg\" \/>\n\t<meta property=\"og:image:width\" content=\"424\" \/>\n\t<meta property=\"og:image:height\" content=\"293\" \/>\n\t<meta property=\"og:image:type\" content=\"image\/jpeg\" \/>\n<meta name=\"twitter:card\" content=\"summary_large_image\" \/>\n<meta name=\"twitter:site\" content=\"@MTSimulators\" \/>\n<meta name=\"twitter:label1\" content=\"Tempo estimado de leitura\" \/>\n\t<meta name=\"twitter:data1\" content=\"1 minuto\" \/>\n<script type=\"application\/ld+json\" class=\"yoast-schema-graph\">{\"@context\":\"https:\/\/schema.org\",\"@graph\":[{\"@type\":\"WebPage\",\"@id\":\"https:\/\/morethansimulators.com\/pt-pt\/simulador\/fundus-membrane-coat-ilm-peeling\/\",\"url\":\"https:\/\/morethansimulators.com\/pt-pt\/simulador\/fundus-membrane-coat-ilm-peeling\/\",\"name\":\"FUNDUS \u2013 Peeling ILM | More Than Simulators\",\"isPartOf\":{\"@id\":\"https:\/\/morethansimulators.com\/pt-pt\/#website\"},\"primaryImageOfPage\":{\"@id\":\"https:\/\/morethansimulators.com\/pt-pt\/simulador\/fundus-membrane-coat-ilm-peeling\/#primaryimage\"},\"image\":{\"@id\":\"https:\/\/morethansimulators.com\/pt-pt\/simulador\/fundus-membrane-coat-ilm-peeling\/#primaryimage\"},\"thumbnailUrl\":\"https:\/\/morethansimulators.com\/wp-content\/uploads\/2021\/08\/1821-d-1.jpg\",\"datePublished\":\"2020-07-20T08:28:53+00:00\",\"dateModified\":\"2021-08-24T16:52:24+00:00\",\"description\":\"\u00e1gua ILM sol\u00favel REVESTIMENTO de BIONIKO permite aplicar repetidamente uma membrana fina remov\u00edvel no seu modelo FUNDUS (vendido separadamente). Isso permite praticar instrumento VR e microsc\u00f3pio habilidades v\u00e1rias vezes com um \u00fanico modelo de fundo de olho.\",\"breadcrumb\":{\"@id\":\"https:\/\/morethansimulators.com\/pt-pt\/simulador\/fundus-membrane-coat-ilm-peeling\/#breadcrumb\"},\"inLanguage\":\"pt-PT\",\"potentialAction\":[{\"@type\":\"ReadAction\",\"target\":[\"https:\/\/morethansimulators.com\/pt-pt\/simulador\/fundus-membrane-coat-ilm-peeling\/\"]}]},{\"@type\":\"ImageObject\",\"inLanguage\":\"pt-PT\",\"@id\":\"https:\/\/morethansimulators.com\/pt-pt\/simulador\/fundus-membrane-coat-ilm-peeling\/#primaryimage\",\"url\":\"https:\/\/morethansimulators.com\/wp-content\/uploads\/2021\/08\/1821-d-1.jpg\",\"contentUrl\":\"https:\/\/morethansimulators.com\/wp-content\/uploads\/2021\/08\/1821-d-1.jpg\",\"width\":424,\"height\":293},{\"@type\":\"BreadcrumbList\",\"@id\":\"https:\/\/morethansimulators.com\/pt-pt\/simulador\/fundus-membrane-coat-ilm-peeling\/#breadcrumb\",\"itemListElement\":[{\"@type\":\"ListItem\",\"position\":1,\"name\":\"Portada\",\"item\":\"https:\/\/morethansimulators.com\/pt-pt\/\"},{\"@type\":\"ListItem\",\"position\":2,\"name\":\"Loja\",\"item\":\"https:\/\/morethansimulators.com\/pt-pt\/loja\/\"},{\"@type\":\"ListItem\",\"position\":3,\"name\":\"FUNDUS \u2013 Peeling ILM\"}]},{\"@type\":\"WebSite\",\"@id\":\"https:\/\/morethansimulators.com\/pt-pt\/#website\",\"url\":\"https:\/\/morethansimulators.com\/pt-pt\/\",\"name\":\"More Than Simulators\",\"description\":\"Medical Simulation and Medical Simulators for Education\",\"publisher\":{\"@id\":\"https:\/\/morethansimulators.com\/pt-pt\/#organization\"},\"potentialAction\":[{\"@type\":\"SearchAction\",\"target\":{\"@type\":\"EntryPoint\",\"urlTemplate\":\"https:\/\/morethansimulators.com\/pt-pt\/?s={search_term_string}\"},\"query-input\":{\"@type\":\"PropertyValueSpecification\",\"valueRequired\":true,\"valueName\":\"search_term_string\"}}],\"inLanguage\":\"pt-PT\"},{\"@type\":\"Organization\",\"@id\":\"https:\/\/morethansimulators.com\/pt-pt\/#organization\",\"name\":\"MORE THAN SIMULATORS\",\"url\":\"https:\/\/morethansimulators.com\/pt-pt\/\",\"logo\":{\"@type\":\"ImageObject\",\"inLanguage\":\"pt-PT\",\"@id\":\"https:\/\/morethansimulators.com\/pt-pt\/#\/schema\/logo\/image\/\",\"url\":\"https:\/\/morethansimulators.com\/wp-content\/uploads\/2020\/05\/Logo-color-more-than-simulators-rgb.png\",\"contentUrl\":\"https:\/\/morethansimulators.com\/wp-content\/uploads\/2020\/05\/Logo-color-more-than-simulators-rgb.png\",\"width\":600,\"height\":174,\"caption\":\"MORE THAN SIMULATORS\"},\"image\":{\"@id\":\"https:\/\/morethansimulators.com\/pt-pt\/#\/schema\/logo\/image\/\"},\"sameAs\":[\"https:\/\/x.com\/MTSimulators\",\"https:\/\/instagram.com\/morethansimulators\",\"https:\/\/www.linkedin.com\/company\/14060232\",\"https:\/\/www.youtube.com\/channel\/UCouQ60LN2hEhGHMKyFuBgIA\"]}]}<\/script>\n<!-- \/ Yoast SEO plugin. -->","yoast_head_json":{"title":"FUNDUS \u2013 Peeling ILM | More Than Simulators","description":"\u00e1gua ILM sol\u00favel REVESTIMENTO de BIONIKO permite aplicar repetidamente uma membrana fina remov\u00edvel no seu modelo FUNDUS (vendido separadamente). Isso permite praticar instrumento VR e microsc\u00f3pio habilidades v\u00e1rias vezes com um \u00fanico modelo de fundo de olho.","robots":{"index":"index","follow":"follow","max-snippet":"max-snippet:-1","max-image-preview":"max-image-preview:large","max-video-preview":"max-video-preview:-1"},"canonical":"https:\/\/morethansimulators.com\/pt-pt\/simulador\/fundus-membrane-coat-ilm-peeling\/","og_locale":"pt_PT","og_type":"article","og_title":"FUNDUS \u2013 Peeling ILM | More Than Simulators","og_description":"\u00e1gua ILM sol\u00favel REVESTIMENTO de BIONIKO permite aplicar repetidamente uma membrana fina remov\u00edvel no seu modelo FUNDUS (vendido separadamente). Isso permite praticar instrumento VR e microsc\u00f3pio habilidades v\u00e1rias vezes com um \u00fanico modelo de fundo de olho.","og_url":"https:\/\/morethansimulators.com\/pt-pt\/simulador\/fundus-membrane-coat-ilm-peeling\/","og_site_name":"More Than Simulators","article_modified_time":"2021-08-24T16:52:24+00:00","og_image":[{"width":424,"height":293,"url":"https:\/\/morethansimulators.com\/wp-content\/uploads\/2021\/08\/1821-d-1.jpg","type":"image\/jpeg"}],"twitter_card":"summary_large_image","twitter_site":"@MTSimulators","twitter_misc":{"Tempo estimado de leitura":"1 minuto"},"schema":{"@context":"https:\/\/schema.org","@graph":[{"@type":"WebPage","@id":"https:\/\/morethansimulators.com\/pt-pt\/simulador\/fundus-membrane-coat-ilm-peeling\/","url":"https:\/\/morethansimulators.com\/pt-pt\/simulador\/fundus-membrane-coat-ilm-peeling\/","name":"FUNDUS \u2013 Peeling ILM | More Than Simulators","isPartOf":{"@id":"https:\/\/morethansimulators.com\/pt-pt\/#website"},"primaryImageOfPage":{"@id":"https:\/\/morethansimulators.com\/pt-pt\/simulador\/fundus-membrane-coat-ilm-peeling\/#primaryimage"},"image":{"@id":"https:\/\/morethansimulators.com\/pt-pt\/simulador\/fundus-membrane-coat-ilm-peeling\/#primaryimage"},"thumbnailUrl":"https:\/\/morethansimulators.com\/wp-content\/uploads\/2021\/08\/1821-d-1.jpg","datePublished":"2020-07-20T08:28:53+00:00","dateModified":"2021-08-24T16:52:24+00:00","description":"\u00e1gua ILM sol\u00favel REVESTIMENTO de BIONIKO permite aplicar repetidamente uma membrana fina remov\u00edvel no seu modelo FUNDUS (vendido separadamente). Isso permite praticar instrumento VR e microsc\u00f3pio habilidades v\u00e1rias vezes com um \u00fanico modelo de fundo de olho.","breadcrumb":{"@id":"https:\/\/morethansimulators.com\/pt-pt\/simulador\/fundus-membrane-coat-ilm-peeling\/#breadcrumb"},"inLanguage":"pt-PT","potentialAction":[{"@type":"ReadAction","target":["https:\/\/morethansimulators.com\/pt-pt\/simulador\/fundus-membrane-coat-ilm-peeling\/"]}]},{"@type":"ImageObject","inLanguage":"pt-PT","@id":"https:\/\/morethansimulators.com\/pt-pt\/simulador\/fundus-membrane-coat-ilm-peeling\/#primaryimage","url":"https:\/\/morethansimulators.com\/wp-content\/uploads\/2021\/08\/1821-d-1.jpg","contentUrl":"https:\/\/morethansimulators.com\/wp-content\/uploads\/2021\/08\/1821-d-1.jpg","width":424,"height":293},{"@type":"BreadcrumbList","@id":"https:\/\/morethansimulators.com\/pt-pt\/simulador\/fundus-membrane-coat-ilm-peeling\/#breadcrumb","itemListElement":[{"@type":"ListItem","position":1,"name":"Portada","item":"https:\/\/morethansimulators.com\/pt-pt\/"},{"@type":"ListItem","position":2,"name":"Loja","item":"https:\/\/morethansimulators.com\/pt-pt\/loja\/"},{"@type":"ListItem","position":3,"name":"FUNDUS \u2013 Peeling ILM"}]},{"@type":"WebSite","@id":"https:\/\/morethansimulators.com\/pt-pt\/#website","url":"https:\/\/morethansimulators.com\/pt-pt\/","name":"More Than Simulators","description":"Medical Simulation and Medical Simulators for Education","publisher":{"@id":"https:\/\/morethansimulators.com\/pt-pt\/#organization"},"potentialAction":[{"@type":"SearchAction","target":{"@type":"EntryPoint","urlTemplate":"https:\/\/morethansimulators.com\/pt-pt\/?s={search_term_string}"},"query-input":{"@type":"PropertyValueSpecification","valueRequired":true,"valueName":"search_term_string"}}],"inLanguage":"pt-PT"},{"@type":"Organization","@id":"https:\/\/morethansimulators.com\/pt-pt\/#organization","name":"MORE THAN SIMULATORS","url":"https:\/\/morethansimulators.com\/pt-pt\/","logo":{"@type":"ImageObject","inLanguage":"pt-PT","@id":"https:\/\/morethansimulators.com\/pt-pt\/#\/schema\/logo\/image\/","url":"https:\/\/morethansimulators.com\/wp-content\/uploads\/2020\/05\/Logo-color-more-than-simulators-rgb.png","contentUrl":"https:\/\/morethansimulators.com\/wp-content\/uploads\/2020\/05\/Logo-color-more-than-simulators-rgb.png","width":600,"height":174,"caption":"MORE THAN SIMULATORS"},"image":{"@id":"https:\/\/morethansimulators.com\/pt-pt\/#\/schema\/logo\/image\/"},"sameAs":["https:\/\/x.com\/MTSimulators","https:\/\/instagram.com\/morethansimulators","https:\/\/www.linkedin.com\/company\/14060232","https:\/\/www.youtube.com\/channel\/UCouQ60LN2hEhGHMKyFuBgIA"]}]}},"_links":{"self":[{"href":"https:\/\/morethansimulators.com\/pt-pt\/wp-json\/wp\/v2\/product\/13105","targetHints":{"allow":["GET"]}}],"collection":[{"href":"https:\/\/morethansimulators.com\/pt-pt\/wp-json\/wp\/v2\/product"}],"about":[{"href":"https:\/\/morethansimulators.com\/pt-pt\/wp-json\/wp\/v2\/types\/product"}],"wp:featuredmedia":[{"embeddable":true,"href":"https:\/\/morethansimulators.com\/pt-pt\/wp-json\/wp\/v2\/media\/15319"}],"wp:attachment":[{"href":"https:\/\/morethansimulators.com\/pt-pt\/wp-json\/wp\/v2\/media?parent=13105"}],"wp:term":[{"taxonomy":"product_brand","embeddable":true,"href":"https:\/\/morethansimulators.com\/pt-pt\/wp-json\/wp\/v2\/product_brand?post=13105"},{"taxonomy":"product_cat","embeddable":true,"href":"https:\/\/morethansimulators.com\/pt-pt\/wp-json\/wp\/v2\/product_cat?post=13105"},{"taxonomy":"product_tag","embeddable":true,"href":"https:\/\/morethansimulators.com\/pt-pt\/wp-json\/wp\/v2\/product_tag?post=13105"}],"curies":[{"name":"wp","href":"https:\/\/api.w.org\/{rel}","templated":true}]}}