{"id":13090,"date":"2020-07-22T12:25:35","date_gmt":"2020-07-22T10:25:35","guid":{"rendered":"https:\/\/morethansimulators.com\/simulator\/zoe-basic-normal-abnomal-uteri-with-palpable-pathologies\/"},"modified":"2021-08-24T18:52:42","modified_gmt":"2021-08-24T16:52:42","slug":"zoe-basic-normal-abnomal-uteri-with-palpable-pathologies","status":"publish","type":"product","link":"https:\/\/morethansimulators.com\/pt-pt\/simulador\/zoe-basic-normal-abnomal-uteri-with-palpable-pathologies\/","title":{"rendered":"ZOE BASIC \u2013 PATOLOGIAS UTERINAS EXTERNAS"},"content":{"rendered":"<p>O ZOE basic \u00e9 um tronco inferior feminino adulto de tamanho normal (abd\u00f3men e p\u00e9lvis) que combina materiais de vanguarda para criar um aspeto, toque e textura realistas, para al\u00e9m de suavidade e durabilidade. \u00c9 uma ferramenta de forma\u00e7\u00e3o vers\u00e1til desenvolvida para ajudar os profissionais de sa\u00fade a ensinar os processos e aptid\u00f5es necess\u00e1rias para realizar a maioria dos procedimentos ginecol\u00f3gicos em ambulat\u00f3rio; estes incluem inser\u00e7\u00e3o de DIU p\u00f3s-parto intervalar e imediato, liga\u00e7\u00e3o laparosc\u00f3pica tub\u00e1ria intervalar, e minilaparotomia intervalar e p\u00f3s-parto.<\/p>\n<p>Este modelo adicional expande os curr\u00edculos com sete \u00fateros normais e an\u00f3malos com patologias palp\u00e1veis externamente.<\/p>\n","protected":false},"excerpt":{"rendered":"<p>Jogo de sete \u00fateros normais e anormais com patologias externamente palp\u00e1veis.<\/p>\n","protected":false},"featured_media":15403,"template":"","meta":{"_acf_changed":false,"_et_pb_use_builder":"","_et_pb_old_content":"","_et_gb_content_width":""},"product_brand":[],"product_cat":[314,315,248],"product_tag":[],"class_list":{"0":"post-13090","1":"product","2":"type-product","3":"status-publish","4":"has-post-thumbnail","6":"product_cat-examen-cervix-uterino-pt-pt","7":"product_cat-exame-palpacao","8":"product_cat-ginecologia-pt","10":"first","11":"instock","12":"shipping-taxable","13":"product-type-simple","14":"berocket_lgv_grid","15":"berocket_lgv_list_grid"},"acf":[],"yoast_head":"<!-- This site is optimized with the Yoast SEO plugin v27.1.1 - https:\/\/yoast.com\/product\/yoast-seo-wordpress\/ -->\n<title>ZOE BASIC \u2013 PATOLOGIAS UTERINAS EXTERNAS | More Than Simulators<\/title>\n<meta name=\"description\" content=\"Jogo de sete \u00fateros normais e anormais com patologias externamente palp\u00e1veis.\" \/>\n<meta name=\"robots\" content=\"index, follow, max-snippet:-1, max-image-preview:large, max-video-preview:-1\" \/>\n<link rel=\"canonical\" href=\"https:\/\/morethansimulators.com\/pt-pt\/simulador\/zoe-basic-normal-abnomal-uteri-with-palpable-pathologies\/\" \/>\n<meta property=\"og:locale\" content=\"pt_PT\" \/>\n<meta property=\"og:type\" content=\"article\" \/>\n<meta property=\"og:title\" content=\"ZOE BASIC \u2013 PATOLOGIAS UTERINAS EXTERNAS | More Than Simulators\" \/>\n<meta property=\"og:description\" content=\"Jogo de sete \u00fateros normais e anormais com patologias externamente palp\u00e1veis.\" \/>\n<meta property=\"og:url\" content=\"https:\/\/morethansimulators.com\/pt-pt\/simulador\/zoe-basic-normal-abnomal-uteri-with-palpable-pathologies\/\" \/>\n<meta property=\"og:site_name\" content=\"More Than Simulators\" \/>\n<meta property=\"article:modified_time\" content=\"2021-08-24T16:52:42+00:00\" \/>\n<meta property=\"og:image\" content=\"https:\/\/morethansimulators.com\/wp-content\/uploads\/2021\/08\/1181.jpg\" \/>\n\t<meta property=\"og:image:width\" content=\"586\" \/>\n\t<meta property=\"og:image:height\" content=\"386\" \/>\n\t<meta property=\"og:image:type\" content=\"image\/jpeg\" \/>\n<meta name=\"twitter:card\" content=\"summary_large_image\" \/>\n<meta name=\"twitter:site\" content=\"@MTSimulators\" \/>\n<meta name=\"twitter:label1\" content=\"Tempo estimado de leitura\" \/>\n\t<meta name=\"twitter:data1\" content=\"1 minuto\" \/>\n<script type=\"application\/ld+json\" class=\"yoast-schema-graph\">{\"@context\":\"https:\/\/schema.org\",\"@graph\":[{\"@type\":\"WebPage\",\"@id\":\"https:\/\/morethansimulators.com\/pt-pt\/simulador\/zoe-basic-normal-abnomal-uteri-with-palpable-pathologies\/\",\"url\":\"https:\/\/morethansimulators.com\/pt-pt\/simulador\/zoe-basic-normal-abnomal-uteri-with-palpable-pathologies\/\",\"name\":\"ZOE BASIC \u2013 PATOLOGIAS UTERINAS EXTERNAS | More Than Simulators\",\"isPartOf\":{\"@id\":\"https:\/\/morethansimulators.com\/pt-pt\/#website\"},\"primaryImageOfPage\":{\"@id\":\"https:\/\/morethansimulators.com\/pt-pt\/simulador\/zoe-basic-normal-abnomal-uteri-with-palpable-pathologies\/#primaryimage\"},\"image\":{\"@id\":\"https:\/\/morethansimulators.com\/pt-pt\/simulador\/zoe-basic-normal-abnomal-uteri-with-palpable-pathologies\/#primaryimage\"},\"thumbnailUrl\":\"https:\/\/morethansimulators.com\/wp-content\/uploads\/2021\/08\/1181.jpg\",\"datePublished\":\"2020-07-22T10:25:35+00:00\",\"dateModified\":\"2021-08-24T16:52:42+00:00\",\"description\":\"Jogo de sete \u00fateros normais e anormais com patologias externamente palp\u00e1veis.\",\"breadcrumb\":{\"@id\":\"https:\/\/morethansimulators.com\/pt-pt\/simulador\/zoe-basic-normal-abnomal-uteri-with-palpable-pathologies\/#breadcrumb\"},\"inLanguage\":\"pt-PT\",\"potentialAction\":[{\"@type\":\"ReadAction\",\"target\":[\"https:\/\/morethansimulators.com\/pt-pt\/simulador\/zoe-basic-normal-abnomal-uteri-with-palpable-pathologies\/\"]}]},{\"@type\":\"ImageObject\",\"inLanguage\":\"pt-PT\",\"@id\":\"https:\/\/morethansimulators.com\/pt-pt\/simulador\/zoe-basic-normal-abnomal-uteri-with-palpable-pathologies\/#primaryimage\",\"url\":\"https:\/\/morethansimulators.com\/wp-content\/uploads\/2021\/08\/1181.jpg\",\"contentUrl\":\"https:\/\/morethansimulators.com\/wp-content\/uploads\/2021\/08\/1181.jpg\",\"width\":586,\"height\":386},{\"@type\":\"BreadcrumbList\",\"@id\":\"https:\/\/morethansimulators.com\/pt-pt\/simulador\/zoe-basic-normal-abnomal-uteri-with-palpable-pathologies\/#breadcrumb\",\"itemListElement\":[{\"@type\":\"ListItem\",\"position\":1,\"name\":\"Portada\",\"item\":\"https:\/\/morethansimulators.com\/pt-pt\/\"},{\"@type\":\"ListItem\",\"position\":2,\"name\":\"Loja\",\"item\":\"https:\/\/morethansimulators.com\/pt-pt\/loja\/\"},{\"@type\":\"ListItem\",\"position\":3,\"name\":\"ZOE BASIC \u2013 PATOLOGIAS UTERINAS EXTERNAS\"}]},{\"@type\":\"WebSite\",\"@id\":\"https:\/\/morethansimulators.com\/pt-pt\/#website\",\"url\":\"https:\/\/morethansimulators.com\/pt-pt\/\",\"name\":\"More Than Simulators\",\"description\":\"Medical Simulation and Medical Simulators for Education\",\"publisher\":{\"@id\":\"https:\/\/morethansimulators.com\/pt-pt\/#organization\"},\"potentialAction\":[{\"@type\":\"SearchAction\",\"target\":{\"@type\":\"EntryPoint\",\"urlTemplate\":\"https:\/\/morethansimulators.com\/pt-pt\/?s={search_term_string}\"},\"query-input\":{\"@type\":\"PropertyValueSpecification\",\"valueRequired\":true,\"valueName\":\"search_term_string\"}}],\"inLanguage\":\"pt-PT\"},{\"@type\":\"Organization\",\"@id\":\"https:\/\/morethansimulators.com\/pt-pt\/#organization\",\"name\":\"MORE THAN SIMULATORS\",\"url\":\"https:\/\/morethansimulators.com\/pt-pt\/\",\"logo\":{\"@type\":\"ImageObject\",\"inLanguage\":\"pt-PT\",\"@id\":\"https:\/\/morethansimulators.com\/pt-pt\/#\/schema\/logo\/image\/\",\"url\":\"https:\/\/morethansimulators.com\/wp-content\/uploads\/2020\/05\/Logo-color-more-than-simulators-rgb.png\",\"contentUrl\":\"https:\/\/morethansimulators.com\/wp-content\/uploads\/2020\/05\/Logo-color-more-than-simulators-rgb.png\",\"width\":600,\"height\":174,\"caption\":\"MORE THAN SIMULATORS\"},\"image\":{\"@id\":\"https:\/\/morethansimulators.com\/pt-pt\/#\/schema\/logo\/image\/\"},\"sameAs\":[\"https:\/\/x.com\/MTSimulators\",\"https:\/\/instagram.com\/morethansimulators\",\"https:\/\/www.linkedin.com\/company\/14060232\",\"https:\/\/www.youtube.com\/channel\/UCouQ60LN2hEhGHMKyFuBgIA\"]}]}<\/script>\n<!-- \/ Yoast SEO plugin. -->","yoast_head_json":{"title":"ZOE BASIC \u2013 PATOLOGIAS UTERINAS EXTERNAS | More Than Simulators","description":"Jogo de sete \u00fateros normais e anormais com patologias externamente palp\u00e1veis.","robots":{"index":"index","follow":"follow","max-snippet":"max-snippet:-1","max-image-preview":"max-image-preview:large","max-video-preview":"max-video-preview:-1"},"canonical":"https:\/\/morethansimulators.com\/pt-pt\/simulador\/zoe-basic-normal-abnomal-uteri-with-palpable-pathologies\/","og_locale":"pt_PT","og_type":"article","og_title":"ZOE BASIC \u2013 PATOLOGIAS UTERINAS EXTERNAS | More Than Simulators","og_description":"Jogo de sete \u00fateros normais e anormais com patologias externamente palp\u00e1veis.","og_url":"https:\/\/morethansimulators.com\/pt-pt\/simulador\/zoe-basic-normal-abnomal-uteri-with-palpable-pathologies\/","og_site_name":"More Than Simulators","article_modified_time":"2021-08-24T16:52:42+00:00","og_image":[{"width":586,"height":386,"url":"https:\/\/morethansimulators.com\/wp-content\/uploads\/2021\/08\/1181.jpg","type":"image\/jpeg"}],"twitter_card":"summary_large_image","twitter_site":"@MTSimulators","twitter_misc":{"Tempo estimado de leitura":"1 minuto"},"schema":{"@context":"https:\/\/schema.org","@graph":[{"@type":"WebPage","@id":"https:\/\/morethansimulators.com\/pt-pt\/simulador\/zoe-basic-normal-abnomal-uteri-with-palpable-pathologies\/","url":"https:\/\/morethansimulators.com\/pt-pt\/simulador\/zoe-basic-normal-abnomal-uteri-with-palpable-pathologies\/","name":"ZOE BASIC \u2013 PATOLOGIAS UTERINAS EXTERNAS | More Than Simulators","isPartOf":{"@id":"https:\/\/morethansimulators.com\/pt-pt\/#website"},"primaryImageOfPage":{"@id":"https:\/\/morethansimulators.com\/pt-pt\/simulador\/zoe-basic-normal-abnomal-uteri-with-palpable-pathologies\/#primaryimage"},"image":{"@id":"https:\/\/morethansimulators.com\/pt-pt\/simulador\/zoe-basic-normal-abnomal-uteri-with-palpable-pathologies\/#primaryimage"},"thumbnailUrl":"https:\/\/morethansimulators.com\/wp-content\/uploads\/2021\/08\/1181.jpg","datePublished":"2020-07-22T10:25:35+00:00","dateModified":"2021-08-24T16:52:42+00:00","description":"Jogo de sete \u00fateros normais e anormais com patologias externamente palp\u00e1veis.","breadcrumb":{"@id":"https:\/\/morethansimulators.com\/pt-pt\/simulador\/zoe-basic-normal-abnomal-uteri-with-palpable-pathologies\/#breadcrumb"},"inLanguage":"pt-PT","potentialAction":[{"@type":"ReadAction","target":["https:\/\/morethansimulators.com\/pt-pt\/simulador\/zoe-basic-normal-abnomal-uteri-with-palpable-pathologies\/"]}]},{"@type":"ImageObject","inLanguage":"pt-PT","@id":"https:\/\/morethansimulators.com\/pt-pt\/simulador\/zoe-basic-normal-abnomal-uteri-with-palpable-pathologies\/#primaryimage","url":"https:\/\/morethansimulators.com\/wp-content\/uploads\/2021\/08\/1181.jpg","contentUrl":"https:\/\/morethansimulators.com\/wp-content\/uploads\/2021\/08\/1181.jpg","width":586,"height":386},{"@type":"BreadcrumbList","@id":"https:\/\/morethansimulators.com\/pt-pt\/simulador\/zoe-basic-normal-abnomal-uteri-with-palpable-pathologies\/#breadcrumb","itemListElement":[{"@type":"ListItem","position":1,"name":"Portada","item":"https:\/\/morethansimulators.com\/pt-pt\/"},{"@type":"ListItem","position":2,"name":"Loja","item":"https:\/\/morethansimulators.com\/pt-pt\/loja\/"},{"@type":"ListItem","position":3,"name":"ZOE BASIC \u2013 PATOLOGIAS UTERINAS EXTERNAS"}]},{"@type":"WebSite","@id":"https:\/\/morethansimulators.com\/pt-pt\/#website","url":"https:\/\/morethansimulators.com\/pt-pt\/","name":"More Than Simulators","description":"Medical Simulation and Medical Simulators for Education","publisher":{"@id":"https:\/\/morethansimulators.com\/pt-pt\/#organization"},"potentialAction":[{"@type":"SearchAction","target":{"@type":"EntryPoint","urlTemplate":"https:\/\/morethansimulators.com\/pt-pt\/?s={search_term_string}"},"query-input":{"@type":"PropertyValueSpecification","valueRequired":true,"valueName":"search_term_string"}}],"inLanguage":"pt-PT"},{"@type":"Organization","@id":"https:\/\/morethansimulators.com\/pt-pt\/#organization","name":"MORE THAN SIMULATORS","url":"https:\/\/morethansimulators.com\/pt-pt\/","logo":{"@type":"ImageObject","inLanguage":"pt-PT","@id":"https:\/\/morethansimulators.com\/pt-pt\/#\/schema\/logo\/image\/","url":"https:\/\/morethansimulators.com\/wp-content\/uploads\/2020\/05\/Logo-color-more-than-simulators-rgb.png","contentUrl":"https:\/\/morethansimulators.com\/wp-content\/uploads\/2020\/05\/Logo-color-more-than-simulators-rgb.png","width":600,"height":174,"caption":"MORE THAN SIMULATORS"},"image":{"@id":"https:\/\/morethansimulators.com\/pt-pt\/#\/schema\/logo\/image\/"},"sameAs":["https:\/\/x.com\/MTSimulators","https:\/\/instagram.com\/morethansimulators","https:\/\/www.linkedin.com\/company\/14060232","https:\/\/www.youtube.com\/channel\/UCouQ60LN2hEhGHMKyFuBgIA"]}]}},"_links":{"self":[{"href":"https:\/\/morethansimulators.com\/pt-pt\/wp-json\/wp\/v2\/product\/13090","targetHints":{"allow":["GET"]}}],"collection":[{"href":"https:\/\/morethansimulators.com\/pt-pt\/wp-json\/wp\/v2\/product"}],"about":[{"href":"https:\/\/morethansimulators.com\/pt-pt\/wp-json\/wp\/v2\/types\/product"}],"wp:featuredmedia":[{"embeddable":true,"href":"https:\/\/morethansimulators.com\/pt-pt\/wp-json\/wp\/v2\/media\/15403"}],"wp:attachment":[{"href":"https:\/\/morethansimulators.com\/pt-pt\/wp-json\/wp\/v2\/media?parent=13090"}],"wp:term":[{"taxonomy":"product_brand","embeddable":true,"href":"https:\/\/morethansimulators.com\/pt-pt\/wp-json\/wp\/v2\/product_brand?post=13090"},{"taxonomy":"product_cat","embeddable":true,"href":"https:\/\/morethansimulators.com\/pt-pt\/wp-json\/wp\/v2\/product_cat?post=13090"},{"taxonomy":"product_tag","embeddable":true,"href":"https:\/\/morethansimulators.com\/pt-pt\/wp-json\/wp\/v2\/product_tag?post=13090"}],"curies":[{"name":"wp","href":"https:\/\/api.w.org\/{rel}","templated":true}]}}