{"id":12980,"date":"2020-07-28T14:32:41","date_gmt":"2020-07-28T12:32:41","guid":{"rendered":"https:\/\/morethansimulators.com\/simulator\/pedi-advanced-pediatric-care-simulator-1-year\/"},"modified":"2021-08-24T18:54:09","modified_gmt":"2021-08-24T16:54:09","slug":"pedi-advanced-pediatric-care-simulator-1-year","status":"publish","type":"product","link":"https:\/\/morethansimulators.com\/pt-pt\/simulador\/pedi-advanced-pediatric-care-simulator-1-year\/","title":{"rendered":"PEDI \u2013 Cuidados pedi\u00e1tricos avan\u00e7ados \u2013 um ano"},"content":{"rendered":"<p>O One-Year-Old PEDI\u00ae Nursing Care Patient Simulator permite aos participantes praticar e desenvolver compet\u00eancias de cuidados de enfermagem neonatal. Inclui uma via respirat\u00f3ria intub\u00e1vel, bra\u00e7o de treino de inje\u00e7\u00e3o e uma perna de inje\u00e7\u00e3o intra\u00f3ssea para que os participantes possam trabalhar de forma pr\u00e1tica durante os exerc\u00edcios de compress\u00e3o tor\u00e1cica e ventila\u00e7\u00e3o<\/p>\n","protected":false},"excerpt":{"rendered":"<p>Um ano de idade simulador paciente multiuso para a pr\u00e1tica de cuidado pedi\u00e1trico, habilidades ressurrei\u00e7\u00f5es, IV acesso, aspira\u00e7\u00e3o g\u00e1strica e muito mais.<\/p>\n","protected":false},"featured_media":15877,"template":"","meta":{"_acf_changed":false,"_et_pb_use_builder":"","_et_pb_old_content":"","_et_gb_content_width":""},"product_brand":[],"product_cat":[226,378,338,251,372,380,382,386,384,284,357,392,356,353,343],"product_tag":[],"class_list":{"0":"post-12980","1":"product","2":"type-product","3":"status-publish","4":"has-post-thumbnail","6":"product_cat-anestesiologia-pt","7":"product_cat-bnt-traqueostomia","8":"product_cat-cuidados-com-o-paciente","9":"product_cat-enfermagem","10":"product_cat-gestao-das-vias-aereas","11":"product_cat-injecao-e-perfusao","12":"product_cat-intramuscular-pt-pt","13":"product_cat-intraosseo-pt","14":"product_cat-intravenoso-pt-pt","15":"product_cat-pediatria-pt","16":"product_cat-simulador-de-paciente-pt","17":"product_cat-subcutanea-pt-pt","18":"product_cat-suporte-de-vida-avancado","19":"product_cat-suporte-de-vida-basico","20":"product_cat-tecnicas-de-bandagem","22":"first","23":"instock","24":"shipping-taxable","25":"product-type-simple","26":"berocket_lgv_grid","27":"berocket_lgv_list_grid"},"acf":[],"yoast_head":"<!-- This site is optimized with the Yoast SEO plugin v27.1.1 - https:\/\/yoast.com\/product\/yoast-seo-wordpress\/ -->\n<title>PEDI \u2013 Cuidados pedi\u00e1tricos avan\u00e7ados \u2013 um ano | More Than Simulators<\/title>\n<meta name=\"description\" content=\"Um ano de idade simulador paciente multiuso para a pr\u00e1tica de cuidado pedi\u00e1trico, habilidades ressurrei\u00e7\u00f5es, IV acesso, aspira\u00e7\u00e3o g\u00e1strica e muito mais.\" \/>\n<meta name=\"robots\" content=\"index, follow, max-snippet:-1, max-image-preview:large, max-video-preview:-1\" \/>\n<link rel=\"canonical\" href=\"https:\/\/morethansimulators.com\/pt-pt\/simulador\/pedi-advanced-pediatric-care-simulator-1-year\/\" \/>\n<meta property=\"og:locale\" content=\"pt_PT\" \/>\n<meta property=\"og:type\" content=\"article\" \/>\n<meta property=\"og:title\" content=\"PEDI \u2013 Cuidados pedi\u00e1tricos avan\u00e7ados \u2013 um ano | More Than Simulators\" \/>\n<meta property=\"og:description\" content=\"Um ano de idade simulador paciente multiuso para a pr\u00e1tica de cuidado pedi\u00e1trico, habilidades ressurrei\u00e7\u00f5es, IV acesso, aspira\u00e7\u00e3o g\u00e1strica e muito mais.\" \/>\n<meta property=\"og:url\" content=\"https:\/\/morethansimulators.com\/pt-pt\/simulador\/pedi-advanced-pediatric-care-simulator-1-year\/\" \/>\n<meta property=\"og:site_name\" content=\"More Than Simulators\" \/>\n<meta property=\"article:modified_time\" content=\"2021-08-24T16:54:09+00:00\" \/>\n<meta property=\"og:image\" content=\"https:\/\/morethansimulators.com\/wp-content\/uploads\/2021\/08\/1283-1.jpg\" \/>\n\t<meta property=\"og:image:width\" content=\"600\" \/>\n\t<meta property=\"og:image:height\" content=\"400\" \/>\n\t<meta property=\"og:image:type\" content=\"image\/jpeg\" \/>\n<meta name=\"twitter:card\" content=\"summary_large_image\" \/>\n<meta name=\"twitter:site\" content=\"@MTSimulators\" \/>\n<script type=\"application\/ld+json\" class=\"yoast-schema-graph\">{\"@context\":\"https:\/\/schema.org\",\"@graph\":[{\"@type\":\"WebPage\",\"@id\":\"https:\/\/morethansimulators.com\/pt-pt\/simulador\/pedi-advanced-pediatric-care-simulator-1-year\/\",\"url\":\"https:\/\/morethansimulators.com\/pt-pt\/simulador\/pedi-advanced-pediatric-care-simulator-1-year\/\",\"name\":\"PEDI \u2013 Cuidados pedi\u00e1tricos avan\u00e7ados \u2013 um ano | More Than Simulators\",\"isPartOf\":{\"@id\":\"https:\/\/morethansimulators.com\/pt-pt\/#website\"},\"primaryImageOfPage\":{\"@id\":\"https:\/\/morethansimulators.com\/pt-pt\/simulador\/pedi-advanced-pediatric-care-simulator-1-year\/#primaryimage\"},\"image\":{\"@id\":\"https:\/\/morethansimulators.com\/pt-pt\/simulador\/pedi-advanced-pediatric-care-simulator-1-year\/#primaryimage\"},\"thumbnailUrl\":\"https:\/\/morethansimulators.com\/wp-content\/uploads\/2021\/08\/1283-1.jpg\",\"datePublished\":\"2020-07-28T12:32:41+00:00\",\"dateModified\":\"2021-08-24T16:54:09+00:00\",\"description\":\"Um ano de idade simulador paciente multiuso para a pr\u00e1tica de cuidado pedi\u00e1trico, habilidades ressurrei\u00e7\u00f5es, IV acesso, aspira\u00e7\u00e3o g\u00e1strica e muito mais.\",\"breadcrumb\":{\"@id\":\"https:\/\/morethansimulators.com\/pt-pt\/simulador\/pedi-advanced-pediatric-care-simulator-1-year\/#breadcrumb\"},\"inLanguage\":\"pt-PT\",\"potentialAction\":[{\"@type\":\"ReadAction\",\"target\":[\"https:\/\/morethansimulators.com\/pt-pt\/simulador\/pedi-advanced-pediatric-care-simulator-1-year\/\"]}]},{\"@type\":\"ImageObject\",\"inLanguage\":\"pt-PT\",\"@id\":\"https:\/\/morethansimulators.com\/pt-pt\/simulador\/pedi-advanced-pediatric-care-simulator-1-year\/#primaryimage\",\"url\":\"https:\/\/morethansimulators.com\/wp-content\/uploads\/2021\/08\/1283-1.jpg\",\"contentUrl\":\"https:\/\/morethansimulators.com\/wp-content\/uploads\/2021\/08\/1283-1.jpg\",\"width\":600,\"height\":400},{\"@type\":\"BreadcrumbList\",\"@id\":\"https:\/\/morethansimulators.com\/pt-pt\/simulador\/pedi-advanced-pediatric-care-simulator-1-year\/#breadcrumb\",\"itemListElement\":[{\"@type\":\"ListItem\",\"position\":1,\"name\":\"Portada\",\"item\":\"https:\/\/morethansimulators.com\/pt-pt\/\"},{\"@type\":\"ListItem\",\"position\":2,\"name\":\"Loja\",\"item\":\"https:\/\/morethansimulators.com\/pt-pt\/loja\/\"},{\"@type\":\"ListItem\",\"position\":3,\"name\":\"PEDI \u2013 Cuidados pedi\u00e1tricos avan\u00e7ados \u2013 um ano\"}]},{\"@type\":\"WebSite\",\"@id\":\"https:\/\/morethansimulators.com\/pt-pt\/#website\",\"url\":\"https:\/\/morethansimulators.com\/pt-pt\/\",\"name\":\"More Than Simulators\",\"description\":\"Medical Simulation and Medical Simulators for Education\",\"publisher\":{\"@id\":\"https:\/\/morethansimulators.com\/pt-pt\/#organization\"},\"potentialAction\":[{\"@type\":\"SearchAction\",\"target\":{\"@type\":\"EntryPoint\",\"urlTemplate\":\"https:\/\/morethansimulators.com\/pt-pt\/?s={search_term_string}\"},\"query-input\":{\"@type\":\"PropertyValueSpecification\",\"valueRequired\":true,\"valueName\":\"search_term_string\"}}],\"inLanguage\":\"pt-PT\"},{\"@type\":\"Organization\",\"@id\":\"https:\/\/morethansimulators.com\/pt-pt\/#organization\",\"name\":\"MORE THAN SIMULATORS\",\"url\":\"https:\/\/morethansimulators.com\/pt-pt\/\",\"logo\":{\"@type\":\"ImageObject\",\"inLanguage\":\"pt-PT\",\"@id\":\"https:\/\/morethansimulators.com\/pt-pt\/#\/schema\/logo\/image\/\",\"url\":\"https:\/\/morethansimulators.com\/wp-content\/uploads\/2020\/05\/Logo-color-more-than-simulators-rgb.png\",\"contentUrl\":\"https:\/\/morethansimulators.com\/wp-content\/uploads\/2020\/05\/Logo-color-more-than-simulators-rgb.png\",\"width\":600,\"height\":174,\"caption\":\"MORE THAN SIMULATORS\"},\"image\":{\"@id\":\"https:\/\/morethansimulators.com\/pt-pt\/#\/schema\/logo\/image\/\"},\"sameAs\":[\"https:\/\/x.com\/MTSimulators\",\"https:\/\/instagram.com\/morethansimulators\",\"https:\/\/www.linkedin.com\/company\/14060232\",\"https:\/\/www.youtube.com\/channel\/UCouQ60LN2hEhGHMKyFuBgIA\"]}]}<\/script>\n<!-- \/ Yoast SEO plugin. -->","yoast_head_json":{"title":"PEDI \u2013 Cuidados pedi\u00e1tricos avan\u00e7ados \u2013 um ano | More Than Simulators","description":"Um ano de idade simulador paciente multiuso para a pr\u00e1tica de cuidado pedi\u00e1trico, habilidades ressurrei\u00e7\u00f5es, IV acesso, aspira\u00e7\u00e3o g\u00e1strica e muito mais.","robots":{"index":"index","follow":"follow","max-snippet":"max-snippet:-1","max-image-preview":"max-image-preview:large","max-video-preview":"max-video-preview:-1"},"canonical":"https:\/\/morethansimulators.com\/pt-pt\/simulador\/pedi-advanced-pediatric-care-simulator-1-year\/","og_locale":"pt_PT","og_type":"article","og_title":"PEDI \u2013 Cuidados pedi\u00e1tricos avan\u00e7ados \u2013 um ano | More Than Simulators","og_description":"Um ano de idade simulador paciente multiuso para a pr\u00e1tica de cuidado pedi\u00e1trico, habilidades ressurrei\u00e7\u00f5es, IV acesso, aspira\u00e7\u00e3o g\u00e1strica e muito mais.","og_url":"https:\/\/morethansimulators.com\/pt-pt\/simulador\/pedi-advanced-pediatric-care-simulator-1-year\/","og_site_name":"More Than Simulators","article_modified_time":"2021-08-24T16:54:09+00:00","og_image":[{"width":600,"height":400,"url":"https:\/\/morethansimulators.com\/wp-content\/uploads\/2021\/08\/1283-1.jpg","type":"image\/jpeg"}],"twitter_card":"summary_large_image","twitter_site":"@MTSimulators","schema":{"@context":"https:\/\/schema.org","@graph":[{"@type":"WebPage","@id":"https:\/\/morethansimulators.com\/pt-pt\/simulador\/pedi-advanced-pediatric-care-simulator-1-year\/","url":"https:\/\/morethansimulators.com\/pt-pt\/simulador\/pedi-advanced-pediatric-care-simulator-1-year\/","name":"PEDI \u2013 Cuidados pedi\u00e1tricos avan\u00e7ados \u2013 um ano | More Than Simulators","isPartOf":{"@id":"https:\/\/morethansimulators.com\/pt-pt\/#website"},"primaryImageOfPage":{"@id":"https:\/\/morethansimulators.com\/pt-pt\/simulador\/pedi-advanced-pediatric-care-simulator-1-year\/#primaryimage"},"image":{"@id":"https:\/\/morethansimulators.com\/pt-pt\/simulador\/pedi-advanced-pediatric-care-simulator-1-year\/#primaryimage"},"thumbnailUrl":"https:\/\/morethansimulators.com\/wp-content\/uploads\/2021\/08\/1283-1.jpg","datePublished":"2020-07-28T12:32:41+00:00","dateModified":"2021-08-24T16:54:09+00:00","description":"Um ano de idade simulador paciente multiuso para a pr\u00e1tica de cuidado pedi\u00e1trico, habilidades ressurrei\u00e7\u00f5es, IV acesso, aspira\u00e7\u00e3o g\u00e1strica e muito mais.","breadcrumb":{"@id":"https:\/\/morethansimulators.com\/pt-pt\/simulador\/pedi-advanced-pediatric-care-simulator-1-year\/#breadcrumb"},"inLanguage":"pt-PT","potentialAction":[{"@type":"ReadAction","target":["https:\/\/morethansimulators.com\/pt-pt\/simulador\/pedi-advanced-pediatric-care-simulator-1-year\/"]}]},{"@type":"ImageObject","inLanguage":"pt-PT","@id":"https:\/\/morethansimulators.com\/pt-pt\/simulador\/pedi-advanced-pediatric-care-simulator-1-year\/#primaryimage","url":"https:\/\/morethansimulators.com\/wp-content\/uploads\/2021\/08\/1283-1.jpg","contentUrl":"https:\/\/morethansimulators.com\/wp-content\/uploads\/2021\/08\/1283-1.jpg","width":600,"height":400},{"@type":"BreadcrumbList","@id":"https:\/\/morethansimulators.com\/pt-pt\/simulador\/pedi-advanced-pediatric-care-simulator-1-year\/#breadcrumb","itemListElement":[{"@type":"ListItem","position":1,"name":"Portada","item":"https:\/\/morethansimulators.com\/pt-pt\/"},{"@type":"ListItem","position":2,"name":"Loja","item":"https:\/\/morethansimulators.com\/pt-pt\/loja\/"},{"@type":"ListItem","position":3,"name":"PEDI \u2013 Cuidados pedi\u00e1tricos avan\u00e7ados \u2013 um ano"}]},{"@type":"WebSite","@id":"https:\/\/morethansimulators.com\/pt-pt\/#website","url":"https:\/\/morethansimulators.com\/pt-pt\/","name":"More Than Simulators","description":"Medical Simulation and Medical Simulators for Education","publisher":{"@id":"https:\/\/morethansimulators.com\/pt-pt\/#organization"},"potentialAction":[{"@type":"SearchAction","target":{"@type":"EntryPoint","urlTemplate":"https:\/\/morethansimulators.com\/pt-pt\/?s={search_term_string}"},"query-input":{"@type":"PropertyValueSpecification","valueRequired":true,"valueName":"search_term_string"}}],"inLanguage":"pt-PT"},{"@type":"Organization","@id":"https:\/\/morethansimulators.com\/pt-pt\/#organization","name":"MORE THAN SIMULATORS","url":"https:\/\/morethansimulators.com\/pt-pt\/","logo":{"@type":"ImageObject","inLanguage":"pt-PT","@id":"https:\/\/morethansimulators.com\/pt-pt\/#\/schema\/logo\/image\/","url":"https:\/\/morethansimulators.com\/wp-content\/uploads\/2020\/05\/Logo-color-more-than-simulators-rgb.png","contentUrl":"https:\/\/morethansimulators.com\/wp-content\/uploads\/2020\/05\/Logo-color-more-than-simulators-rgb.png","width":600,"height":174,"caption":"MORE THAN SIMULATORS"},"image":{"@id":"https:\/\/morethansimulators.com\/pt-pt\/#\/schema\/logo\/image\/"},"sameAs":["https:\/\/x.com\/MTSimulators","https:\/\/instagram.com\/morethansimulators","https:\/\/www.linkedin.com\/company\/14060232","https:\/\/www.youtube.com\/channel\/UCouQ60LN2hEhGHMKyFuBgIA"]}]}},"_links":{"self":[{"href":"https:\/\/morethansimulators.com\/pt-pt\/wp-json\/wp\/v2\/product\/12980","targetHints":{"allow":["GET"]}}],"collection":[{"href":"https:\/\/morethansimulators.com\/pt-pt\/wp-json\/wp\/v2\/product"}],"about":[{"href":"https:\/\/morethansimulators.com\/pt-pt\/wp-json\/wp\/v2\/types\/product"}],"wp:featuredmedia":[{"embeddable":true,"href":"https:\/\/morethansimulators.com\/pt-pt\/wp-json\/wp\/v2\/media\/15877"}],"wp:attachment":[{"href":"https:\/\/morethansimulators.com\/pt-pt\/wp-json\/wp\/v2\/media?parent=12980"}],"wp:term":[{"taxonomy":"product_brand","embeddable":true,"href":"https:\/\/morethansimulators.com\/pt-pt\/wp-json\/wp\/v2\/product_brand?post=12980"},{"taxonomy":"product_cat","embeddable":true,"href":"https:\/\/morethansimulators.com\/pt-pt\/wp-json\/wp\/v2\/product_cat?post=12980"},{"taxonomy":"product_tag","embeddable":true,"href":"https:\/\/morethansimulators.com\/pt-pt\/wp-json\/wp\/v2\/product_tag?post=12980"}],"curies":[{"name":"wp","href":"https:\/\/api.w.org\/{rel}","templated":true}]}}