{"id":12965,"date":"2020-07-28T12:32:42","date_gmt":"2020-07-28T10:32:42","guid":{"rendered":"https:\/\/morethansimulators.com\/simulator\/mike-and-michelle-nursing-care-pediatric-simulator-1-year-omni2\/"},"modified":"2022-09-23T13:33:57","modified_gmt":"2022-09-23T11:33:57","slug":"mike-and-michelle-nursing-care-pediatric-simulator-1-year-omni2","status":"publish","type":"product","link":"https:\/\/morethansimulators.com\/pt-pt\/simulador\/mike-and-michelle-nursing-care-pediatric-simulator-1-year-omni2\/","title":{"rendered":"MIKE MICHELLE \u2013 Cuidados de enfermagem um ano \u2013 OMNI2"},"content":{"rendered":"<p>Os simuladores Mike e Michelle s\u00e3o perfeitos para a forma\u00e7\u00e3o de compet\u00eancias de enfermagem e de cuidados de emerg\u00eancia. Pratique compet\u00eancias b\u00e1sicas e avan\u00e7adas, incluindo cateterismo, cuidados de traqueostomia, intuba\u00e7\u00e3o, terapia IVA e outros.<\/p>\n","protected":false},"excerpt":{"rendered":"<p>Um ano de idade simulador paciente multiuso para a pr\u00e1tica de cuidados de enfermagem pedi\u00e1trica, habilidades ressurrei\u00e7\u00f5es, IV acesso e muito mais.<\/p>\n","protected":false},"featured_media":11561,"template":"","meta":{"_acf_changed":false,"_et_pb_use_builder":"","_et_pb_old_content":"","_et_gb_content_width":""},"product_brand":[],"product_cat":[226,378,322,372,244,284,357,353],"product_tag":[509,539,543,541,512],"class_list":{"0":"post-12965","1":"product","2":"type-product","3":"status-publish","4":"has-post-thumbnail","6":"product_cat-anestesiologia-pt","7":"product_cat-bnt-traqueostomia","8":"product_cat-debriefing-pt","9":"product_cat-gestao-das-vias-aereas","10":"product_cat-medicina-intensiva-pt","11":"product_cat-pediatria-pt","12":"product_cat-simulador-de-paciente-pt","13":"product_cat-suporte-de-vida-basico","14":"product_tag-catheterization-pt-pt","15":"product_tag-injection-and-infusion-pt-pt","16":"product_tag-intraosseous-pt-pt","17":"product_tag-intravenous-pt-pt","18":"product_tag-stoma-pt-pt","20":"first","21":"instock","22":"shipping-taxable","23":"product-type-simple","24":"berocket_lgv_grid","25":"berocket_lgv_list_grid"},"acf":[],"yoast_head":"<!-- This site is optimized with the Yoast SEO plugin v27.1.1 - https:\/\/yoast.com\/product\/yoast-seo-wordpress\/ -->\n<title>MIKE MICHELLE \u2013 Cuidados de enfermagem um ano \u2013 OMNI2 | More Than Simulators<\/title>\n<meta name=\"description\" content=\"Um ano de idade simulador paciente multiuso para a pr\u00e1tica de cuidados de enfermagem pedi\u00e1trica, habilidades ressurrei\u00e7\u00f5es, IV acesso e muito mais.\" \/>\n<meta name=\"robots\" content=\"index, follow, max-snippet:-1, max-image-preview:large, max-video-preview:-1\" \/>\n<link rel=\"canonical\" href=\"https:\/\/morethansimulators.com\/pt-pt\/simulador\/mike-and-michelle-nursing-care-pediatric-simulator-1-year-omni2\/\" \/>\n<meta property=\"og:locale\" content=\"pt_PT\" \/>\n<meta property=\"og:type\" content=\"article\" \/>\n<meta property=\"og:title\" content=\"MIKE MICHELLE \u2013 Cuidados de enfermagem um ano \u2013 OMNI2 | More Than Simulators\" \/>\n<meta property=\"og:description\" content=\"Um ano de idade simulador paciente multiuso para a pr\u00e1tica de cuidados de enfermagem pedi\u00e1trica, habilidades ressurrei\u00e7\u00f5es, IV acesso e muito mais.\" \/>\n<meta property=\"og:url\" content=\"https:\/\/morethansimulators.com\/pt-pt\/simulador\/mike-and-michelle-nursing-care-pediatric-simulator-1-year-omni2\/\" \/>\n<meta property=\"og:site_name\" content=\"More Than Simulators\" \/>\n<meta property=\"article:modified_time\" content=\"2022-09-23T11:33:57+00:00\" \/>\n<meta property=\"og:image\" content=\"https:\/\/morethansimulators.com\/wp-content\/uploads\/2020\/07\/1282-1.jpg\" \/>\n\t<meta property=\"og:image:width\" content=\"1235\" \/>\n\t<meta property=\"og:image:height\" content=\"824\" \/>\n\t<meta property=\"og:image:type\" content=\"image\/jpeg\" \/>\n<meta name=\"twitter:card\" content=\"summary_large_image\" \/>\n<meta name=\"twitter:site\" content=\"@MTSimulators\" \/>\n<script type=\"application\/ld+json\" class=\"yoast-schema-graph\">{\"@context\":\"https:\/\/schema.org\",\"@graph\":[{\"@type\":\"WebPage\",\"@id\":\"https:\/\/morethansimulators.com\/pt-pt\/simulador\/mike-and-michelle-nursing-care-pediatric-simulator-1-year-omni2\/\",\"url\":\"https:\/\/morethansimulators.com\/pt-pt\/simulador\/mike-and-michelle-nursing-care-pediatric-simulator-1-year-omni2\/\",\"name\":\"MIKE MICHELLE \u2013 Cuidados de enfermagem um ano \u2013 OMNI2 | More Than Simulators\",\"isPartOf\":{\"@id\":\"https:\/\/morethansimulators.com\/pt-pt\/#website\"},\"primaryImageOfPage\":{\"@id\":\"https:\/\/morethansimulators.com\/pt-pt\/simulador\/mike-and-michelle-nursing-care-pediatric-simulator-1-year-omni2\/#primaryimage\"},\"image\":{\"@id\":\"https:\/\/morethansimulators.com\/pt-pt\/simulador\/mike-and-michelle-nursing-care-pediatric-simulator-1-year-omni2\/#primaryimage\"},\"thumbnailUrl\":\"https:\/\/morethansimulators.com\/wp-content\/uploads\/2020\/07\/1282-1.jpg\",\"datePublished\":\"2020-07-28T10:32:42+00:00\",\"dateModified\":\"2022-09-23T11:33:57+00:00\",\"description\":\"Um ano de idade simulador paciente multiuso para a pr\u00e1tica de cuidados de enfermagem pedi\u00e1trica, habilidades ressurrei\u00e7\u00f5es, IV acesso e muito mais.\",\"breadcrumb\":{\"@id\":\"https:\/\/morethansimulators.com\/pt-pt\/simulador\/mike-and-michelle-nursing-care-pediatric-simulator-1-year-omni2\/#breadcrumb\"},\"inLanguage\":\"pt-PT\",\"potentialAction\":[{\"@type\":\"ReadAction\",\"target\":[\"https:\/\/morethansimulators.com\/pt-pt\/simulador\/mike-and-michelle-nursing-care-pediatric-simulator-1-year-omni2\/\"]}]},{\"@type\":\"ImageObject\",\"inLanguage\":\"pt-PT\",\"@id\":\"https:\/\/morethansimulators.com\/pt-pt\/simulador\/mike-and-michelle-nursing-care-pediatric-simulator-1-year-omni2\/#primaryimage\",\"url\":\"https:\/\/morethansimulators.com\/wp-content\/uploads\/2020\/07\/1282-1.jpg\",\"contentUrl\":\"https:\/\/morethansimulators.com\/wp-content\/uploads\/2020\/07\/1282-1.jpg\",\"width\":1235,\"height\":824},{\"@type\":\"BreadcrumbList\",\"@id\":\"https:\/\/morethansimulators.com\/pt-pt\/simulador\/mike-and-michelle-nursing-care-pediatric-simulator-1-year-omni2\/#breadcrumb\",\"itemListElement\":[{\"@type\":\"ListItem\",\"position\":1,\"name\":\"Portada\",\"item\":\"https:\/\/morethansimulators.com\/pt-pt\/\"},{\"@type\":\"ListItem\",\"position\":2,\"name\":\"Loja\",\"item\":\"https:\/\/morethansimulators.com\/pt-pt\/loja\/\"},{\"@type\":\"ListItem\",\"position\":3,\"name\":\"MIKE MICHELLE \u2013 Cuidados de enfermagem um ano \u2013 OMNI2\"}]},{\"@type\":\"WebSite\",\"@id\":\"https:\/\/morethansimulators.com\/pt-pt\/#website\",\"url\":\"https:\/\/morethansimulators.com\/pt-pt\/\",\"name\":\"More Than Simulators\",\"description\":\"Medical Simulation and Medical Simulators for Education\",\"publisher\":{\"@id\":\"https:\/\/morethansimulators.com\/pt-pt\/#organization\"},\"potentialAction\":[{\"@type\":\"SearchAction\",\"target\":{\"@type\":\"EntryPoint\",\"urlTemplate\":\"https:\/\/morethansimulators.com\/pt-pt\/?s={search_term_string}\"},\"query-input\":{\"@type\":\"PropertyValueSpecification\",\"valueRequired\":true,\"valueName\":\"search_term_string\"}}],\"inLanguage\":\"pt-PT\"},{\"@type\":\"Organization\",\"@id\":\"https:\/\/morethansimulators.com\/pt-pt\/#organization\",\"name\":\"MORE THAN SIMULATORS\",\"url\":\"https:\/\/morethansimulators.com\/pt-pt\/\",\"logo\":{\"@type\":\"ImageObject\",\"inLanguage\":\"pt-PT\",\"@id\":\"https:\/\/morethansimulators.com\/pt-pt\/#\/schema\/logo\/image\/\",\"url\":\"https:\/\/morethansimulators.com\/wp-content\/uploads\/2020\/05\/Logo-color-more-than-simulators-rgb.png\",\"contentUrl\":\"https:\/\/morethansimulators.com\/wp-content\/uploads\/2020\/05\/Logo-color-more-than-simulators-rgb.png\",\"width\":600,\"height\":174,\"caption\":\"MORE THAN SIMULATORS\"},\"image\":{\"@id\":\"https:\/\/morethansimulators.com\/pt-pt\/#\/schema\/logo\/image\/\"},\"sameAs\":[\"https:\/\/x.com\/MTSimulators\",\"https:\/\/instagram.com\/morethansimulators\",\"https:\/\/www.linkedin.com\/company\/14060232\",\"https:\/\/www.youtube.com\/channel\/UCouQ60LN2hEhGHMKyFuBgIA\"]}]}<\/script>\n<!-- \/ Yoast SEO plugin. -->","yoast_head_json":{"title":"MIKE MICHELLE \u2013 Cuidados de enfermagem um ano \u2013 OMNI2 | More Than Simulators","description":"Um ano de idade simulador paciente multiuso para a pr\u00e1tica de cuidados de enfermagem pedi\u00e1trica, habilidades ressurrei\u00e7\u00f5es, IV acesso e muito mais.","robots":{"index":"index","follow":"follow","max-snippet":"max-snippet:-1","max-image-preview":"max-image-preview:large","max-video-preview":"max-video-preview:-1"},"canonical":"https:\/\/morethansimulators.com\/pt-pt\/simulador\/mike-and-michelle-nursing-care-pediatric-simulator-1-year-omni2\/","og_locale":"pt_PT","og_type":"article","og_title":"MIKE MICHELLE \u2013 Cuidados de enfermagem um ano \u2013 OMNI2 | More Than Simulators","og_description":"Um ano de idade simulador paciente multiuso para a pr\u00e1tica de cuidados de enfermagem pedi\u00e1trica, habilidades ressurrei\u00e7\u00f5es, IV acesso e muito mais.","og_url":"https:\/\/morethansimulators.com\/pt-pt\/simulador\/mike-and-michelle-nursing-care-pediatric-simulator-1-year-omni2\/","og_site_name":"More Than Simulators","article_modified_time":"2022-09-23T11:33:57+00:00","og_image":[{"width":1235,"height":824,"url":"https:\/\/morethansimulators.com\/wp-content\/uploads\/2020\/07\/1282-1.jpg","type":"image\/jpeg"}],"twitter_card":"summary_large_image","twitter_site":"@MTSimulators","schema":{"@context":"https:\/\/schema.org","@graph":[{"@type":"WebPage","@id":"https:\/\/morethansimulators.com\/pt-pt\/simulador\/mike-and-michelle-nursing-care-pediatric-simulator-1-year-omni2\/","url":"https:\/\/morethansimulators.com\/pt-pt\/simulador\/mike-and-michelle-nursing-care-pediatric-simulator-1-year-omni2\/","name":"MIKE MICHELLE \u2013 Cuidados de enfermagem um ano \u2013 OMNI2 | More Than Simulators","isPartOf":{"@id":"https:\/\/morethansimulators.com\/pt-pt\/#website"},"primaryImageOfPage":{"@id":"https:\/\/morethansimulators.com\/pt-pt\/simulador\/mike-and-michelle-nursing-care-pediatric-simulator-1-year-omni2\/#primaryimage"},"image":{"@id":"https:\/\/morethansimulators.com\/pt-pt\/simulador\/mike-and-michelle-nursing-care-pediatric-simulator-1-year-omni2\/#primaryimage"},"thumbnailUrl":"https:\/\/morethansimulators.com\/wp-content\/uploads\/2020\/07\/1282-1.jpg","datePublished":"2020-07-28T10:32:42+00:00","dateModified":"2022-09-23T11:33:57+00:00","description":"Um ano de idade simulador paciente multiuso para a pr\u00e1tica de cuidados de enfermagem pedi\u00e1trica, habilidades ressurrei\u00e7\u00f5es, IV acesso e muito mais.","breadcrumb":{"@id":"https:\/\/morethansimulators.com\/pt-pt\/simulador\/mike-and-michelle-nursing-care-pediatric-simulator-1-year-omni2\/#breadcrumb"},"inLanguage":"pt-PT","potentialAction":[{"@type":"ReadAction","target":["https:\/\/morethansimulators.com\/pt-pt\/simulador\/mike-and-michelle-nursing-care-pediatric-simulator-1-year-omni2\/"]}]},{"@type":"ImageObject","inLanguage":"pt-PT","@id":"https:\/\/morethansimulators.com\/pt-pt\/simulador\/mike-and-michelle-nursing-care-pediatric-simulator-1-year-omni2\/#primaryimage","url":"https:\/\/morethansimulators.com\/wp-content\/uploads\/2020\/07\/1282-1.jpg","contentUrl":"https:\/\/morethansimulators.com\/wp-content\/uploads\/2020\/07\/1282-1.jpg","width":1235,"height":824},{"@type":"BreadcrumbList","@id":"https:\/\/morethansimulators.com\/pt-pt\/simulador\/mike-and-michelle-nursing-care-pediatric-simulator-1-year-omni2\/#breadcrumb","itemListElement":[{"@type":"ListItem","position":1,"name":"Portada","item":"https:\/\/morethansimulators.com\/pt-pt\/"},{"@type":"ListItem","position":2,"name":"Loja","item":"https:\/\/morethansimulators.com\/pt-pt\/loja\/"},{"@type":"ListItem","position":3,"name":"MIKE MICHELLE \u2013 Cuidados de enfermagem um ano \u2013 OMNI2"}]},{"@type":"WebSite","@id":"https:\/\/morethansimulators.com\/pt-pt\/#website","url":"https:\/\/morethansimulators.com\/pt-pt\/","name":"More Than Simulators","description":"Medical Simulation and Medical Simulators for Education","publisher":{"@id":"https:\/\/morethansimulators.com\/pt-pt\/#organization"},"potentialAction":[{"@type":"SearchAction","target":{"@type":"EntryPoint","urlTemplate":"https:\/\/morethansimulators.com\/pt-pt\/?s={search_term_string}"},"query-input":{"@type":"PropertyValueSpecification","valueRequired":true,"valueName":"search_term_string"}}],"inLanguage":"pt-PT"},{"@type":"Organization","@id":"https:\/\/morethansimulators.com\/pt-pt\/#organization","name":"MORE THAN SIMULATORS","url":"https:\/\/morethansimulators.com\/pt-pt\/","logo":{"@type":"ImageObject","inLanguage":"pt-PT","@id":"https:\/\/morethansimulators.com\/pt-pt\/#\/schema\/logo\/image\/","url":"https:\/\/morethansimulators.com\/wp-content\/uploads\/2020\/05\/Logo-color-more-than-simulators-rgb.png","contentUrl":"https:\/\/morethansimulators.com\/wp-content\/uploads\/2020\/05\/Logo-color-more-than-simulators-rgb.png","width":600,"height":174,"caption":"MORE THAN SIMULATORS"},"image":{"@id":"https:\/\/morethansimulators.com\/pt-pt\/#\/schema\/logo\/image\/"},"sameAs":["https:\/\/x.com\/MTSimulators","https:\/\/instagram.com\/morethansimulators","https:\/\/www.linkedin.com\/company\/14060232","https:\/\/www.youtube.com\/channel\/UCouQ60LN2hEhGHMKyFuBgIA"]}]}},"_links":{"self":[{"href":"https:\/\/morethansimulators.com\/pt-pt\/wp-json\/wp\/v2\/product\/12965","targetHints":{"allow":["GET"]}}],"collection":[{"href":"https:\/\/morethansimulators.com\/pt-pt\/wp-json\/wp\/v2\/product"}],"about":[{"href":"https:\/\/morethansimulators.com\/pt-pt\/wp-json\/wp\/v2\/types\/product"}],"wp:featuredmedia":[{"embeddable":true,"href":"https:\/\/morethansimulators.com\/pt-pt\/wp-json\/wp\/v2\/media\/11561"}],"wp:attachment":[{"href":"https:\/\/morethansimulators.com\/pt-pt\/wp-json\/wp\/v2\/media?parent=12965"}],"wp:term":[{"taxonomy":"product_brand","embeddable":true,"href":"https:\/\/morethansimulators.com\/pt-pt\/wp-json\/wp\/v2\/product_brand?post=12965"},{"taxonomy":"product_cat","embeddable":true,"href":"https:\/\/morethansimulators.com\/pt-pt\/wp-json\/wp\/v2\/product_cat?post=12965"},{"taxonomy":"product_tag","embeddable":true,"href":"https:\/\/morethansimulators.com\/pt-pt\/wp-json\/wp\/v2\/product_tag?post=12965"}],"curies":[{"name":"wp","href":"https:\/\/api.w.org\/{rel}","templated":true}]}}