{"id":12359,"date":"2021-03-09T10:13:14","date_gmt":"2021-03-09T09:13:14","guid":{"rendered":"https:\/\/morethansimulators.com\/simulator\/pericardiocentesis-simulator\/"},"modified":"2023-09-13T13:18:27","modified_gmt":"2023-09-13T11:18:27","slug":"pericardiocentesis-simulator","status":"publish","type":"product","link":"https:\/\/morethansimulators.com\/pt-pt\/simulador\/pericardiocentesis-simulator\/","title":{"rendered":"Simulador de Pericardiocentese"},"content":{"rendered":"<p>O Simulador de Pericardiocentese foi concebido especificamente para ensinar as compet\u00eancias necess\u00e1rias para realizar corretamente este procedimento dif\u00edcil, bem como a manuten\u00e7\u00e3o cont\u00ednua do tubo tor\u00e1cico e a gest\u00e3o de traumatismos tor\u00e1cicos pr\u00e9-hospitalares.<\/p>\n","protected":false},"excerpt":{"rendered":"<p>O Simulador de Pericardiocentese foi concebido especificamente para ensinar as compet\u00eancias necess\u00e1rias para realizar corretamente este procedimento dif\u00edcil, bem como a manuten\u00e7\u00e3o cont\u00ednua do tubo tor\u00e1cico e a gest\u00e3o de traumatismos tor\u00e1cicos pr\u00e9-hospitalares.<\/p>\n","protected":false},"featured_media":22535,"template":"","meta":{"_acf_changed":false,"_et_pb_use_builder":"","_et_pb_old_content":"","_et_gb_content_width":""},"product_brand":[],"product_cat":[251,241,347,288,346],"product_tag":[],"class_list":{"0":"post-12359","1":"product","2":"type-product","3":"status-publish","4":"has-post-thumbnail","6":"product_cat-enfermagem","7":"product_cat-militar-e-combate","8":"product_cat-trauma-pt","9":"product_cat-traumatologia-pt","10":"product_cat-urgencias-e-emergencias","12":"first","13":"instock","14":"shipping-taxable","15":"product-type-simple","16":"berocket_lgv_grid","17":"berocket_lgv_list_grid"},"acf":[],"yoast_head":"<!-- This site is optimized with the Yoast SEO plugin v27.1.1 - https:\/\/yoast.com\/product\/yoast-seo-wordpress\/ -->\n<title>Simulador de Pericardiocentese | More Than Simulators<\/title>\n<meta name=\"description\" content=\"O Simulador de Pericardiocentese foi concebido especificamente para ensinar as compet\u00eancias necess\u00e1rias para realizar corretamente este procedimento dif\u00edcil, bem como a manuten\u00e7\u00e3o cont\u00ednua do tubo tor\u00e1cico e a gest\u00e3o de traumatismos tor\u00e1cicos pr\u00e9-hospitalares.\" \/>\n<meta name=\"robots\" content=\"index, follow, max-snippet:-1, max-image-preview:large, max-video-preview:-1\" \/>\n<link rel=\"canonical\" href=\"https:\/\/morethansimulators.com\/pt-pt\/simulador\/pericardiocentesis-simulator\/\" \/>\n<meta property=\"og:locale\" content=\"pt_PT\" \/>\n<meta property=\"og:type\" content=\"article\" \/>\n<meta property=\"og:title\" content=\"Simulador de Pericardiocentese | More Than Simulators\" \/>\n<meta property=\"og:description\" content=\"O Simulador de Pericardiocentese foi concebido especificamente para ensinar as compet\u00eancias necess\u00e1rias para realizar corretamente este procedimento dif\u00edcil, bem como a manuten\u00e7\u00e3o cont\u00ednua do tubo tor\u00e1cico e a gest\u00e3o de traumatismos tor\u00e1cicos pr\u00e9-hospitalares.\" \/>\n<meta property=\"og:url\" content=\"https:\/\/morethansimulators.com\/pt-pt\/simulador\/pericardiocentesis-simulator\/\" \/>\n<meta property=\"og:site_name\" content=\"More Than Simulators\" \/>\n<meta property=\"article:modified_time\" content=\"2023-09-13T11:18:27+00:00\" \/>\n<meta property=\"og:image\" content=\"https:\/\/morethansimulators.com\/wp-content\/uploads\/2021\/03\/1427.jpg\" \/>\n\t<meta property=\"og:image:width\" content=\"600\" \/>\n\t<meta property=\"og:image:height\" content=\"400\" \/>\n\t<meta property=\"og:image:type\" content=\"image\/jpeg\" \/>\n<meta name=\"twitter:card\" content=\"summary_large_image\" \/>\n<meta name=\"twitter:site\" content=\"@MTSimulators\" \/>\n<script type=\"application\/ld+json\" class=\"yoast-schema-graph\">{\"@context\":\"https:\/\/schema.org\",\"@graph\":[{\"@type\":\"WebPage\",\"@id\":\"https:\/\/morethansimulators.com\/pt-pt\/simulador\/pericardiocentesis-simulator\/\",\"url\":\"https:\/\/morethansimulators.com\/pt-pt\/simulador\/pericardiocentesis-simulator\/\",\"name\":\"Simulador de Pericardiocentese | More Than Simulators\",\"isPartOf\":{\"@id\":\"https:\/\/morethansimulators.com\/pt-pt\/#website\"},\"primaryImageOfPage\":{\"@id\":\"https:\/\/morethansimulators.com\/pt-pt\/simulador\/pericardiocentesis-simulator\/#primaryimage\"},\"image\":{\"@id\":\"https:\/\/morethansimulators.com\/pt-pt\/simulador\/pericardiocentesis-simulator\/#primaryimage\"},\"thumbnailUrl\":\"https:\/\/morethansimulators.com\/wp-content\/uploads\/2021\/03\/2296.jpg\",\"datePublished\":\"2021-03-09T09:13:14+00:00\",\"dateModified\":\"2023-09-13T11:18:27+00:00\",\"description\":\"O Simulador de Pericardiocentese foi concebido especificamente para ensinar as compet\u00eancias necess\u00e1rias para realizar corretamente este procedimento dif\u00edcil, bem como a manuten\u00e7\u00e3o cont\u00ednua do tubo tor\u00e1cico e a gest\u00e3o de traumatismos tor\u00e1cicos pr\u00e9-hospitalares.\",\"breadcrumb\":{\"@id\":\"https:\/\/morethansimulators.com\/pt-pt\/simulador\/pericardiocentesis-simulator\/#breadcrumb\"},\"inLanguage\":\"pt-PT\",\"potentialAction\":[{\"@type\":\"ReadAction\",\"target\":[\"https:\/\/morethansimulators.com\/pt-pt\/simulador\/pericardiocentesis-simulator\/\"]}]},{\"@type\":\"ImageObject\",\"inLanguage\":\"pt-PT\",\"@id\":\"https:\/\/morethansimulators.com\/pt-pt\/simulador\/pericardiocentesis-simulator\/#primaryimage\",\"url\":\"https:\/\/morethansimulators.com\/wp-content\/uploads\/2021\/03\/2296.jpg\",\"contentUrl\":\"https:\/\/morethansimulators.com\/wp-content\/uploads\/2021\/03\/2296.jpg\",\"width\":600,\"height\":400,\"caption\":\"Simulador de pericardiocentesis\"},{\"@type\":\"BreadcrumbList\",\"@id\":\"https:\/\/morethansimulators.com\/pt-pt\/simulador\/pericardiocentesis-simulator\/#breadcrumb\",\"itemListElement\":[{\"@type\":\"ListItem\",\"position\":1,\"name\":\"Portada\",\"item\":\"https:\/\/morethansimulators.com\/pt-pt\/\"},{\"@type\":\"ListItem\",\"position\":2,\"name\":\"Loja\",\"item\":\"https:\/\/morethansimulators.com\/pt-pt\/loja\/\"},{\"@type\":\"ListItem\",\"position\":3,\"name\":\"Simulador de Pericardiocentese\"}]},{\"@type\":\"WebSite\",\"@id\":\"https:\/\/morethansimulators.com\/pt-pt\/#website\",\"url\":\"https:\/\/morethansimulators.com\/pt-pt\/\",\"name\":\"More Than Simulators\",\"description\":\"Medical Simulation and Medical Simulators for Education\",\"publisher\":{\"@id\":\"https:\/\/morethansimulators.com\/pt-pt\/#organization\"},\"potentialAction\":[{\"@type\":\"SearchAction\",\"target\":{\"@type\":\"EntryPoint\",\"urlTemplate\":\"https:\/\/morethansimulators.com\/pt-pt\/?s={search_term_string}\"},\"query-input\":{\"@type\":\"PropertyValueSpecification\",\"valueRequired\":true,\"valueName\":\"search_term_string\"}}],\"inLanguage\":\"pt-PT\"},{\"@type\":\"Organization\",\"@id\":\"https:\/\/morethansimulators.com\/pt-pt\/#organization\",\"name\":\"MORE THAN SIMULATORS\",\"url\":\"https:\/\/morethansimulators.com\/pt-pt\/\",\"logo\":{\"@type\":\"ImageObject\",\"inLanguage\":\"pt-PT\",\"@id\":\"https:\/\/morethansimulators.com\/pt-pt\/#\/schema\/logo\/image\/\",\"url\":\"https:\/\/morethansimulators.com\/wp-content\/uploads\/2020\/05\/Logo-color-more-than-simulators-rgb.png\",\"contentUrl\":\"https:\/\/morethansimulators.com\/wp-content\/uploads\/2020\/05\/Logo-color-more-than-simulators-rgb.png\",\"width\":600,\"height\":174,\"caption\":\"MORE THAN SIMULATORS\"},\"image\":{\"@id\":\"https:\/\/morethansimulators.com\/pt-pt\/#\/schema\/logo\/image\/\"},\"sameAs\":[\"https:\/\/x.com\/MTSimulators\",\"https:\/\/instagram.com\/morethansimulators\",\"https:\/\/www.linkedin.com\/company\/14060232\",\"https:\/\/www.youtube.com\/channel\/UCouQ60LN2hEhGHMKyFuBgIA\"]}]}<\/script>\n<!-- \/ Yoast SEO plugin. -->","yoast_head_json":{"title":"Simulador de Pericardiocentese | More Than Simulators","description":"O Simulador de Pericardiocentese foi concebido especificamente para ensinar as compet\u00eancias necess\u00e1rias para realizar corretamente este procedimento dif\u00edcil, bem como a manuten\u00e7\u00e3o cont\u00ednua do tubo tor\u00e1cico e a gest\u00e3o de traumatismos tor\u00e1cicos pr\u00e9-hospitalares.","robots":{"index":"index","follow":"follow","max-snippet":"max-snippet:-1","max-image-preview":"max-image-preview:large","max-video-preview":"max-video-preview:-1"},"canonical":"https:\/\/morethansimulators.com\/pt-pt\/simulador\/pericardiocentesis-simulator\/","og_locale":"pt_PT","og_type":"article","og_title":"Simulador de Pericardiocentese | More Than Simulators","og_description":"O Simulador de Pericardiocentese foi concebido especificamente para ensinar as compet\u00eancias necess\u00e1rias para realizar corretamente este procedimento dif\u00edcil, bem como a manuten\u00e7\u00e3o cont\u00ednua do tubo tor\u00e1cico e a gest\u00e3o de traumatismos tor\u00e1cicos pr\u00e9-hospitalares.","og_url":"https:\/\/morethansimulators.com\/pt-pt\/simulador\/pericardiocentesis-simulator\/","og_site_name":"More Than Simulators","article_modified_time":"2023-09-13T11:18:27+00:00","og_image":[{"width":600,"height":400,"url":"https:\/\/morethansimulators.com\/wp-content\/uploads\/2021\/03\/1427.jpg","type":"image\/jpeg"}],"twitter_card":"summary_large_image","twitter_site":"@MTSimulators","schema":{"@context":"https:\/\/schema.org","@graph":[{"@type":"WebPage","@id":"https:\/\/morethansimulators.com\/pt-pt\/simulador\/pericardiocentesis-simulator\/","url":"https:\/\/morethansimulators.com\/pt-pt\/simulador\/pericardiocentesis-simulator\/","name":"Simulador de Pericardiocentese | More Than Simulators","isPartOf":{"@id":"https:\/\/morethansimulators.com\/pt-pt\/#website"},"primaryImageOfPage":{"@id":"https:\/\/morethansimulators.com\/pt-pt\/simulador\/pericardiocentesis-simulator\/#primaryimage"},"image":{"@id":"https:\/\/morethansimulators.com\/pt-pt\/simulador\/pericardiocentesis-simulator\/#primaryimage"},"thumbnailUrl":"https:\/\/morethansimulators.com\/wp-content\/uploads\/2021\/03\/2296.jpg","datePublished":"2021-03-09T09:13:14+00:00","dateModified":"2023-09-13T11:18:27+00:00","description":"O Simulador de Pericardiocentese foi concebido especificamente para ensinar as compet\u00eancias necess\u00e1rias para realizar corretamente este procedimento dif\u00edcil, bem como a manuten\u00e7\u00e3o cont\u00ednua do tubo tor\u00e1cico e a gest\u00e3o de traumatismos tor\u00e1cicos pr\u00e9-hospitalares.","breadcrumb":{"@id":"https:\/\/morethansimulators.com\/pt-pt\/simulador\/pericardiocentesis-simulator\/#breadcrumb"},"inLanguage":"pt-PT","potentialAction":[{"@type":"ReadAction","target":["https:\/\/morethansimulators.com\/pt-pt\/simulador\/pericardiocentesis-simulator\/"]}]},{"@type":"ImageObject","inLanguage":"pt-PT","@id":"https:\/\/morethansimulators.com\/pt-pt\/simulador\/pericardiocentesis-simulator\/#primaryimage","url":"https:\/\/morethansimulators.com\/wp-content\/uploads\/2021\/03\/2296.jpg","contentUrl":"https:\/\/morethansimulators.com\/wp-content\/uploads\/2021\/03\/2296.jpg","width":600,"height":400,"caption":"Simulador de pericardiocentesis"},{"@type":"BreadcrumbList","@id":"https:\/\/morethansimulators.com\/pt-pt\/simulador\/pericardiocentesis-simulator\/#breadcrumb","itemListElement":[{"@type":"ListItem","position":1,"name":"Portada","item":"https:\/\/morethansimulators.com\/pt-pt\/"},{"@type":"ListItem","position":2,"name":"Loja","item":"https:\/\/morethansimulators.com\/pt-pt\/loja\/"},{"@type":"ListItem","position":3,"name":"Simulador de Pericardiocentese"}]},{"@type":"WebSite","@id":"https:\/\/morethansimulators.com\/pt-pt\/#website","url":"https:\/\/morethansimulators.com\/pt-pt\/","name":"More Than Simulators","description":"Medical Simulation and Medical Simulators for Education","publisher":{"@id":"https:\/\/morethansimulators.com\/pt-pt\/#organization"},"potentialAction":[{"@type":"SearchAction","target":{"@type":"EntryPoint","urlTemplate":"https:\/\/morethansimulators.com\/pt-pt\/?s={search_term_string}"},"query-input":{"@type":"PropertyValueSpecification","valueRequired":true,"valueName":"search_term_string"}}],"inLanguage":"pt-PT"},{"@type":"Organization","@id":"https:\/\/morethansimulators.com\/pt-pt\/#organization","name":"MORE THAN SIMULATORS","url":"https:\/\/morethansimulators.com\/pt-pt\/","logo":{"@type":"ImageObject","inLanguage":"pt-PT","@id":"https:\/\/morethansimulators.com\/pt-pt\/#\/schema\/logo\/image\/","url":"https:\/\/morethansimulators.com\/wp-content\/uploads\/2020\/05\/Logo-color-more-than-simulators-rgb.png","contentUrl":"https:\/\/morethansimulators.com\/wp-content\/uploads\/2020\/05\/Logo-color-more-than-simulators-rgb.png","width":600,"height":174,"caption":"MORE THAN SIMULATORS"},"image":{"@id":"https:\/\/morethansimulators.com\/pt-pt\/#\/schema\/logo\/image\/"},"sameAs":["https:\/\/x.com\/MTSimulators","https:\/\/instagram.com\/morethansimulators","https:\/\/www.linkedin.com\/company\/14060232","https:\/\/www.youtube.com\/channel\/UCouQ60LN2hEhGHMKyFuBgIA"]}]}},"_links":{"self":[{"href":"https:\/\/morethansimulators.com\/pt-pt\/wp-json\/wp\/v2\/product\/12359","targetHints":{"allow":["GET"]}}],"collection":[{"href":"https:\/\/morethansimulators.com\/pt-pt\/wp-json\/wp\/v2\/product"}],"about":[{"href":"https:\/\/morethansimulators.com\/pt-pt\/wp-json\/wp\/v2\/types\/product"}],"wp:featuredmedia":[{"embeddable":true,"href":"https:\/\/morethansimulators.com\/pt-pt\/wp-json\/wp\/v2\/media\/22535"}],"wp:attachment":[{"href":"https:\/\/morethansimulators.com\/pt-pt\/wp-json\/wp\/v2\/media?parent=12359"}],"wp:term":[{"taxonomy":"product_brand","embeddable":true,"href":"https:\/\/morethansimulators.com\/pt-pt\/wp-json\/wp\/v2\/product_brand?post=12359"},{"taxonomy":"product_cat","embeddable":true,"href":"https:\/\/morethansimulators.com\/pt-pt\/wp-json\/wp\/v2\/product_cat?post=12359"},{"taxonomy":"product_tag","embeddable":true,"href":"https:\/\/morethansimulators.com\/pt-pt\/wp-json\/wp\/v2\/product_tag?post=12359"}],"curies":[{"name":"wp","href":"https:\/\/api.w.org\/{rel}","templated":true}]}}