{"id":12357,"date":"2021-03-11T16:01:44","date_gmt":"2021-03-11T16:01:44","guid":{"rendered":"https:\/\/morethansimulators.com\/simulator\/port-body-in-a-box-simulator\/"},"modified":"2022-11-29T13:05:07","modified_gmt":"2022-11-29T12:05:07","slug":"port-body-in-a-box-simulator","status":"publish","type":"product","link":"https:\/\/morethansimulators.com\/pt-pt\/simulador\/port-body-in-a-box-simulator\/","title":{"rendered":"SIMULADOR &#8220;BODY IN A BOX&#8221;."},"content":{"rendered":"<p>Um modelo de forma\u00e7\u00e3o de baixo custo, compacto, leve, r\u00e1pido de montar e armazenar para o ensino e pr\u00e1tica de palpa\u00e7\u00e3o e acesso a IVADs (Dispositivos de Acesso Vascular Implantado).<\/p>\n","protected":false},"excerpt":{"rendered":"<p>Baixo custo, compacto, leve, r\u00e1pido de montar e armazenar modelo de treino para o ensino e pr\u00e1tica de palpa\u00e7\u00e3o e acesso a IVADs (Dispositivos de Acesso Vascular Implantado).<\/p>\n","protected":false},"featured_media":11438,"template":"","meta":{"_acf_changed":false,"_et_pb_use_builder":"","_et_pb_old_content":"","_et_gb_content_width":""},"product_brand":[],"product_cat":[274,57,251,380,56,384,76,49,46,284],"product_tag":[],"class_list":{"0":"post-12357","1":"product","2":"type-product","3":"status-publish","4":"has-post-thumbnail","6":"product_cat-canalizacao","7":"product_cat-cannulation","8":"product_cat-enfermagem","9":"product_cat-injecao-e-perfusao","10":"product_cat-injection-and-infusion","11":"product_cat-intravenoso-pt-pt","12":"product_cat-intravenous","13":"product_cat-nursing","14":"product_cat-paediatrics","15":"product_cat-pediatria-pt","17":"first","18":"instock","19":"shipping-taxable","20":"product-type-simple","21":"berocket_lgv_grid","22":"berocket_lgv_list_grid"},"acf":[],"yoast_head":"<!-- This site is optimized with the Yoast SEO plugin v27.1.1 - https:\/\/yoast.com\/product\/yoast-seo-wordpress\/ -->\n<title>SIMULADOR &quot;BODY IN A BOX&quot;. | More Than Simulators<\/title>\n<meta name=\"description\" content=\"Baixo custo, compacto, leve, r\u00e1pido de montar e armazenar modelo de treino para o ensino e pr\u00e1tica de palpa\u00e7\u00e3o e acesso a IVADs (Dispositivos de Acesso Vascular Implantado).\" \/>\n<meta name=\"robots\" content=\"index, follow, max-snippet:-1, max-image-preview:large, max-video-preview:-1\" \/>\n<link rel=\"canonical\" href=\"https:\/\/morethansimulators.com\/pt-pt\/simulador\/port-body-in-a-box-simulator\/\" \/>\n<meta property=\"og:locale\" content=\"pt_PT\" \/>\n<meta property=\"og:type\" content=\"article\" \/>\n<meta property=\"og:title\" content=\"SIMULADOR &quot;BODY IN A BOX&quot;. | More Than Simulators\" \/>\n<meta property=\"og:description\" content=\"Baixo custo, compacto, leve, r\u00e1pido de montar e armazenar modelo de treino para o ensino e pr\u00e1tica de palpa\u00e7\u00e3o e acesso a IVADs (Dispositivos de Acesso Vascular Implantado).\" \/>\n<meta property=\"og:url\" content=\"https:\/\/morethansimulators.com\/pt-pt\/simulador\/port-body-in-a-box-simulator\/\" \/>\n<meta property=\"og:site_name\" content=\"More Than Simulators\" \/>\n<meta property=\"article:modified_time\" content=\"2022-11-29T12:05:07+00:00\" \/>\n<meta property=\"og:image\" content=\"https:\/\/morethansimulators.com\/wp-content\/uploads\/2021\/03\/2619.jpg\" \/>\n\t<meta property=\"og:image:width\" content=\"1235\" \/>\n\t<meta property=\"og:image:height\" content=\"824\" \/>\n\t<meta property=\"og:image:type\" content=\"image\/jpeg\" \/>\n<meta name=\"twitter:card\" content=\"summary_large_image\" \/>\n<meta name=\"twitter:site\" content=\"@MTSimulators\" \/>\n<script type=\"application\/ld+json\" class=\"yoast-schema-graph\">{\"@context\":\"https:\/\/schema.org\",\"@graph\":[{\"@type\":\"WebPage\",\"@id\":\"https:\/\/morethansimulators.com\/pt-pt\/simulador\/port-body-in-a-box-simulator\/\",\"url\":\"https:\/\/morethansimulators.com\/pt-pt\/simulador\/port-body-in-a-box-simulator\/\",\"name\":\"SIMULADOR \\\"BODY IN A BOX\\\". | More Than Simulators\",\"isPartOf\":{\"@id\":\"https:\/\/morethansimulators.com\/pt-pt\/#website\"},\"primaryImageOfPage\":{\"@id\":\"https:\/\/morethansimulators.com\/pt-pt\/simulador\/port-body-in-a-box-simulator\/#primaryimage\"},\"image\":{\"@id\":\"https:\/\/morethansimulators.com\/pt-pt\/simulador\/port-body-in-a-box-simulator\/#primaryimage\"},\"thumbnailUrl\":\"https:\/\/morethansimulators.com\/wp-content\/uploads\/2021\/03\/2619.jpg\",\"datePublished\":\"2021-03-11T16:01:44+00:00\",\"dateModified\":\"2022-11-29T12:05:07+00:00\",\"description\":\"Baixo custo, compacto, leve, r\u00e1pido de montar e armazenar modelo de treino para o ensino e pr\u00e1tica de palpa\u00e7\u00e3o e acesso a IVADs (Dispositivos de Acesso Vascular Implantado).\",\"breadcrumb\":{\"@id\":\"https:\/\/morethansimulators.com\/pt-pt\/simulador\/port-body-in-a-box-simulator\/#breadcrumb\"},\"inLanguage\":\"pt-PT\",\"potentialAction\":[{\"@type\":\"ReadAction\",\"target\":[\"https:\/\/morethansimulators.com\/pt-pt\/simulador\/port-body-in-a-box-simulator\/\"]}]},{\"@type\":\"ImageObject\",\"inLanguage\":\"pt-PT\",\"@id\":\"https:\/\/morethansimulators.com\/pt-pt\/simulador\/port-body-in-a-box-simulator\/#primaryimage\",\"url\":\"https:\/\/morethansimulators.com\/wp-content\/uploads\/2021\/03\/2619.jpg\",\"contentUrl\":\"https:\/\/morethansimulators.com\/wp-content\/uploads\/2021\/03\/2619.jpg\",\"width\":1235,\"height\":824},{\"@type\":\"BreadcrumbList\",\"@id\":\"https:\/\/morethansimulators.com\/pt-pt\/simulador\/port-body-in-a-box-simulator\/#breadcrumb\",\"itemListElement\":[{\"@type\":\"ListItem\",\"position\":1,\"name\":\"Portada\",\"item\":\"https:\/\/morethansimulators.com\/pt-pt\/\"},{\"@type\":\"ListItem\",\"position\":2,\"name\":\"Loja\",\"item\":\"https:\/\/morethansimulators.com\/pt-pt\/loja\/\"},{\"@type\":\"ListItem\",\"position\":3,\"name\":\"SIMULADOR &#8220;BODY IN A BOX&#8221;.\"}]},{\"@type\":\"WebSite\",\"@id\":\"https:\/\/morethansimulators.com\/pt-pt\/#website\",\"url\":\"https:\/\/morethansimulators.com\/pt-pt\/\",\"name\":\"More Than Simulators\",\"description\":\"Medical Simulation and Medical Simulators for Education\",\"publisher\":{\"@id\":\"https:\/\/morethansimulators.com\/pt-pt\/#organization\"},\"potentialAction\":[{\"@type\":\"SearchAction\",\"target\":{\"@type\":\"EntryPoint\",\"urlTemplate\":\"https:\/\/morethansimulators.com\/pt-pt\/?s={search_term_string}\"},\"query-input\":{\"@type\":\"PropertyValueSpecification\",\"valueRequired\":true,\"valueName\":\"search_term_string\"}}],\"inLanguage\":\"pt-PT\"},{\"@type\":\"Organization\",\"@id\":\"https:\/\/morethansimulators.com\/pt-pt\/#organization\",\"name\":\"MORE THAN SIMULATORS\",\"url\":\"https:\/\/morethansimulators.com\/pt-pt\/\",\"logo\":{\"@type\":\"ImageObject\",\"inLanguage\":\"pt-PT\",\"@id\":\"https:\/\/morethansimulators.com\/pt-pt\/#\/schema\/logo\/image\/\",\"url\":\"https:\/\/morethansimulators.com\/wp-content\/uploads\/2020\/05\/Logo-color-more-than-simulators-rgb.png\",\"contentUrl\":\"https:\/\/morethansimulators.com\/wp-content\/uploads\/2020\/05\/Logo-color-more-than-simulators-rgb.png\",\"width\":600,\"height\":174,\"caption\":\"MORE THAN SIMULATORS\"},\"image\":{\"@id\":\"https:\/\/morethansimulators.com\/pt-pt\/#\/schema\/logo\/image\/\"},\"sameAs\":[\"https:\/\/x.com\/MTSimulators\",\"https:\/\/instagram.com\/morethansimulators\",\"https:\/\/www.linkedin.com\/company\/14060232\",\"https:\/\/www.youtube.com\/channel\/UCouQ60LN2hEhGHMKyFuBgIA\"]}]}<\/script>\n<!-- \/ Yoast SEO plugin. -->","yoast_head_json":{"title":"SIMULADOR \"BODY IN A BOX\". | More Than Simulators","description":"Baixo custo, compacto, leve, r\u00e1pido de montar e armazenar modelo de treino para o ensino e pr\u00e1tica de palpa\u00e7\u00e3o e acesso a IVADs (Dispositivos de Acesso Vascular Implantado).","robots":{"index":"index","follow":"follow","max-snippet":"max-snippet:-1","max-image-preview":"max-image-preview:large","max-video-preview":"max-video-preview:-1"},"canonical":"https:\/\/morethansimulators.com\/pt-pt\/simulador\/port-body-in-a-box-simulator\/","og_locale":"pt_PT","og_type":"article","og_title":"SIMULADOR \"BODY IN A BOX\". | More Than Simulators","og_description":"Baixo custo, compacto, leve, r\u00e1pido de montar e armazenar modelo de treino para o ensino e pr\u00e1tica de palpa\u00e7\u00e3o e acesso a IVADs (Dispositivos de Acesso Vascular Implantado).","og_url":"https:\/\/morethansimulators.com\/pt-pt\/simulador\/port-body-in-a-box-simulator\/","og_site_name":"More Than Simulators","article_modified_time":"2022-11-29T12:05:07+00:00","og_image":[{"width":1235,"height":824,"url":"https:\/\/morethansimulators.com\/wp-content\/uploads\/2021\/03\/2619.jpg","type":"image\/jpeg"}],"twitter_card":"summary_large_image","twitter_site":"@MTSimulators","schema":{"@context":"https:\/\/schema.org","@graph":[{"@type":"WebPage","@id":"https:\/\/morethansimulators.com\/pt-pt\/simulador\/port-body-in-a-box-simulator\/","url":"https:\/\/morethansimulators.com\/pt-pt\/simulador\/port-body-in-a-box-simulator\/","name":"SIMULADOR \"BODY IN A BOX\". | More Than Simulators","isPartOf":{"@id":"https:\/\/morethansimulators.com\/pt-pt\/#website"},"primaryImageOfPage":{"@id":"https:\/\/morethansimulators.com\/pt-pt\/simulador\/port-body-in-a-box-simulator\/#primaryimage"},"image":{"@id":"https:\/\/morethansimulators.com\/pt-pt\/simulador\/port-body-in-a-box-simulator\/#primaryimage"},"thumbnailUrl":"https:\/\/morethansimulators.com\/wp-content\/uploads\/2021\/03\/2619.jpg","datePublished":"2021-03-11T16:01:44+00:00","dateModified":"2022-11-29T12:05:07+00:00","description":"Baixo custo, compacto, leve, r\u00e1pido de montar e armazenar modelo de treino para o ensino e pr\u00e1tica de palpa\u00e7\u00e3o e acesso a IVADs (Dispositivos de Acesso Vascular Implantado).","breadcrumb":{"@id":"https:\/\/morethansimulators.com\/pt-pt\/simulador\/port-body-in-a-box-simulator\/#breadcrumb"},"inLanguage":"pt-PT","potentialAction":[{"@type":"ReadAction","target":["https:\/\/morethansimulators.com\/pt-pt\/simulador\/port-body-in-a-box-simulator\/"]}]},{"@type":"ImageObject","inLanguage":"pt-PT","@id":"https:\/\/morethansimulators.com\/pt-pt\/simulador\/port-body-in-a-box-simulator\/#primaryimage","url":"https:\/\/morethansimulators.com\/wp-content\/uploads\/2021\/03\/2619.jpg","contentUrl":"https:\/\/morethansimulators.com\/wp-content\/uploads\/2021\/03\/2619.jpg","width":1235,"height":824},{"@type":"BreadcrumbList","@id":"https:\/\/morethansimulators.com\/pt-pt\/simulador\/port-body-in-a-box-simulator\/#breadcrumb","itemListElement":[{"@type":"ListItem","position":1,"name":"Portada","item":"https:\/\/morethansimulators.com\/pt-pt\/"},{"@type":"ListItem","position":2,"name":"Loja","item":"https:\/\/morethansimulators.com\/pt-pt\/loja\/"},{"@type":"ListItem","position":3,"name":"SIMULADOR &#8220;BODY IN A BOX&#8221;."}]},{"@type":"WebSite","@id":"https:\/\/morethansimulators.com\/pt-pt\/#website","url":"https:\/\/morethansimulators.com\/pt-pt\/","name":"More Than Simulators","description":"Medical Simulation and Medical Simulators for Education","publisher":{"@id":"https:\/\/morethansimulators.com\/pt-pt\/#organization"},"potentialAction":[{"@type":"SearchAction","target":{"@type":"EntryPoint","urlTemplate":"https:\/\/morethansimulators.com\/pt-pt\/?s={search_term_string}"},"query-input":{"@type":"PropertyValueSpecification","valueRequired":true,"valueName":"search_term_string"}}],"inLanguage":"pt-PT"},{"@type":"Organization","@id":"https:\/\/morethansimulators.com\/pt-pt\/#organization","name":"MORE THAN SIMULATORS","url":"https:\/\/morethansimulators.com\/pt-pt\/","logo":{"@type":"ImageObject","inLanguage":"pt-PT","@id":"https:\/\/morethansimulators.com\/pt-pt\/#\/schema\/logo\/image\/","url":"https:\/\/morethansimulators.com\/wp-content\/uploads\/2020\/05\/Logo-color-more-than-simulators-rgb.png","contentUrl":"https:\/\/morethansimulators.com\/wp-content\/uploads\/2020\/05\/Logo-color-more-than-simulators-rgb.png","width":600,"height":174,"caption":"MORE THAN SIMULATORS"},"image":{"@id":"https:\/\/morethansimulators.com\/pt-pt\/#\/schema\/logo\/image\/"},"sameAs":["https:\/\/x.com\/MTSimulators","https:\/\/instagram.com\/morethansimulators","https:\/\/www.linkedin.com\/company\/14060232","https:\/\/www.youtube.com\/channel\/UCouQ60LN2hEhGHMKyFuBgIA"]}]}},"_links":{"self":[{"href":"https:\/\/morethansimulators.com\/pt-pt\/wp-json\/wp\/v2\/product\/12357","targetHints":{"allow":["GET"]}}],"collection":[{"href":"https:\/\/morethansimulators.com\/pt-pt\/wp-json\/wp\/v2\/product"}],"about":[{"href":"https:\/\/morethansimulators.com\/pt-pt\/wp-json\/wp\/v2\/types\/product"}],"wp:featuredmedia":[{"embeddable":true,"href":"https:\/\/morethansimulators.com\/pt-pt\/wp-json\/wp\/v2\/media\/11438"}],"wp:attachment":[{"href":"https:\/\/morethansimulators.com\/pt-pt\/wp-json\/wp\/v2\/media?parent=12357"}],"wp:term":[{"taxonomy":"product_brand","embeddable":true,"href":"https:\/\/morethansimulators.com\/pt-pt\/wp-json\/wp\/v2\/product_brand?post=12357"},{"taxonomy":"product_cat","embeddable":true,"href":"https:\/\/morethansimulators.com\/pt-pt\/wp-json\/wp\/v2\/product_cat?post=12357"},{"taxonomy":"product_tag","embeddable":true,"href":"https:\/\/morethansimulators.com\/pt-pt\/wp-json\/wp\/v2\/product_tag?post=12357"}],"curies":[{"name":"wp","href":"https:\/\/api.w.org\/{rel}","templated":true}]}}