{"id":12269,"date":"2021-05-24T17:57:44","date_gmt":"2021-05-24T15:57:44","guid":{"rendered":"https:\/\/morethansimulators.com\/simulator\/swine-breeder-artificial-insemination-simulator\/"},"modified":"2023-01-17T16:09:26","modified_gmt":"2023-01-17T15:09:26","slug":"swine-breeder-artificial-insemination-simulator","status":"publish","type":"product","link":"https:\/\/morethansimulators.com\/pt-pt\/simulador\/swine-breeder-artificial-insemination-simulator\/","title":{"rendered":"SIMULADOR DE INSEMINA\u00c7\u00c3O ARTIFICIAL DE REPRODUTORES SU\u00cdNOS"},"content":{"rendered":"<p>A Insemina\u00e7\u00e3o Artificial (IA) \u00e9 j\u00e1 um procedimento comum nas explora\u00e7\u00f5es suin\u00edcolas, pelo que o formador apresentado \u00e9 uma ajuda cient\u00edfica pr\u00e1tica para futuros criadores, zootecnistas, veterin\u00e1rios e t\u00e9cnicos veterin\u00e1rios<\/p>\n","protected":false},"excerpt":{"rendered":"<p>O Su\u00edno Breeder\u2122 \u00e9 um simulador de porcos f\u00eameas em tamanho real. Utilizado para ensinar t\u00e9cnicas adequadas de insemina\u00e7\u00e3o artificial de su\u00ednos e nascimentos.<\/p>\n","protected":false},"featured_media":11880,"template":"","meta":{"_acf_changed":false,"_et_pb_use_builder":"","_et_pb_old_content":"","_et_gb_content_width":""},"product_brand":[],"product_cat":[401,405],"product_tag":[],"class_list":{"0":"post-12269","1":"product","2":"type-product","3":"status-publish","4":"has-post-thumbnail","6":"product_cat-cuidado-animal-pt","7":"product_cat-veterinaria-pt-pt","9":"first","10":"instock","11":"shipping-taxable","12":"product-type-simple","13":"berocket_lgv_grid","14":"berocket_lgv_list_grid"},"acf":[],"yoast_head":"<!-- This site is optimized with the Yoast SEO plugin v27.1.1 - https:\/\/yoast.com\/product\/yoast-seo-wordpress\/ -->\n<title>SIMULADOR DE INSEMINA\u00c7\u00c3O ARTIFICIAL DE REPRODUTORES SU\u00cdNOS | More Than Simulators<\/title>\n<meta name=\"description\" content=\"O Su\u00edno Breeder\u2122 \u00e9 um simulador de porcos f\u00eameas em tamanho real. Utilizado para ensinar t\u00e9cnicas adequadas de insemina\u00e7\u00e3o artificial de su\u00ednos e nascimentos.\" \/>\n<meta name=\"robots\" content=\"index, follow, max-snippet:-1, max-image-preview:large, max-video-preview:-1\" \/>\n<link rel=\"canonical\" href=\"https:\/\/morethansimulators.com\/pt-pt\/simulador\/swine-breeder-artificial-insemination-simulator\/\" \/>\n<meta property=\"og:locale\" content=\"pt_PT\" \/>\n<meta property=\"og:type\" content=\"article\" \/>\n<meta property=\"og:title\" content=\"SIMULADOR DE INSEMINA\u00c7\u00c3O ARTIFICIAL DE REPRODUTORES SU\u00cdNOS | More Than Simulators\" \/>\n<meta property=\"og:description\" content=\"O Su\u00edno Breeder\u2122 \u00e9 um simulador de porcos f\u00eameas em tamanho real. Utilizado para ensinar t\u00e9cnicas adequadas de insemina\u00e7\u00e3o artificial de su\u00ednos e nascimentos.\" \/>\n<meta property=\"og:url\" content=\"https:\/\/morethansimulators.com\/pt-pt\/simulador\/swine-breeder-artificial-insemination-simulator\/\" \/>\n<meta property=\"og:site_name\" content=\"More Than Simulators\" \/>\n<meta property=\"article:modified_time\" content=\"2023-01-17T15:09:26+00:00\" \/>\n<meta property=\"og:image\" content=\"https:\/\/morethansimulators.com\/wp-content\/uploads\/2021\/05\/2768.jpg\" \/>\n\t<meta property=\"og:image:width\" content=\"1235\" \/>\n\t<meta property=\"og:image:height\" content=\"824\" \/>\n\t<meta property=\"og:image:type\" content=\"image\/jpeg\" \/>\n<meta name=\"twitter:card\" content=\"summary_large_image\" \/>\n<meta name=\"twitter:site\" content=\"@MTSimulators\" \/>\n<script type=\"application\/ld+json\" class=\"yoast-schema-graph\">{\"@context\":\"https:\/\/schema.org\",\"@graph\":[{\"@type\":\"WebPage\",\"@id\":\"https:\/\/morethansimulators.com\/pt-pt\/simulador\/swine-breeder-artificial-insemination-simulator\/\",\"url\":\"https:\/\/morethansimulators.com\/pt-pt\/simulador\/swine-breeder-artificial-insemination-simulator\/\",\"name\":\"SIMULADOR DE INSEMINA\u00c7\u00c3O ARTIFICIAL DE REPRODUTORES SU\u00cdNOS | More Than Simulators\",\"isPartOf\":{\"@id\":\"https:\/\/morethansimulators.com\/pt-pt\/#website\"},\"primaryImageOfPage\":{\"@id\":\"https:\/\/morethansimulators.com\/pt-pt\/simulador\/swine-breeder-artificial-insemination-simulator\/#primaryimage\"},\"image\":{\"@id\":\"https:\/\/morethansimulators.com\/pt-pt\/simulador\/swine-breeder-artificial-insemination-simulator\/#primaryimage\"},\"thumbnailUrl\":\"https:\/\/morethansimulators.com\/wp-content\/uploads\/2021\/05\/2768.jpg\",\"datePublished\":\"2021-05-24T15:57:44+00:00\",\"dateModified\":\"2023-01-17T15:09:26+00:00\",\"description\":\"O Su\u00edno Breeder\u2122 \u00e9 um simulador de porcos f\u00eameas em tamanho real. Utilizado para ensinar t\u00e9cnicas adequadas de insemina\u00e7\u00e3o artificial de su\u00ednos e nascimentos.\",\"breadcrumb\":{\"@id\":\"https:\/\/morethansimulators.com\/pt-pt\/simulador\/swine-breeder-artificial-insemination-simulator\/#breadcrumb\"},\"inLanguage\":\"pt-PT\",\"potentialAction\":[{\"@type\":\"ReadAction\",\"target\":[\"https:\/\/morethansimulators.com\/pt-pt\/simulador\/swine-breeder-artificial-insemination-simulator\/\"]}]},{\"@type\":\"ImageObject\",\"inLanguage\":\"pt-PT\",\"@id\":\"https:\/\/morethansimulators.com\/pt-pt\/simulador\/swine-breeder-artificial-insemination-simulator\/#primaryimage\",\"url\":\"https:\/\/morethansimulators.com\/wp-content\/uploads\/2021\/05\/2768.jpg\",\"contentUrl\":\"https:\/\/morethansimulators.com\/wp-content\/uploads\/2021\/05\/2768.jpg\",\"width\":1235,\"height\":824},{\"@type\":\"BreadcrumbList\",\"@id\":\"https:\/\/morethansimulators.com\/pt-pt\/simulador\/swine-breeder-artificial-insemination-simulator\/#breadcrumb\",\"itemListElement\":[{\"@type\":\"ListItem\",\"position\":1,\"name\":\"Portada\",\"item\":\"https:\/\/morethansimulators.com\/pt-pt\/\"},{\"@type\":\"ListItem\",\"position\":2,\"name\":\"Loja\",\"item\":\"https:\/\/morethansimulators.com\/pt-pt\/loja\/\"},{\"@type\":\"ListItem\",\"position\":3,\"name\":\"SIMULADOR DE INSEMINA\u00c7\u00c3O ARTIFICIAL DE REPRODUTORES SU\u00cdNOS\"}]},{\"@type\":\"WebSite\",\"@id\":\"https:\/\/morethansimulators.com\/pt-pt\/#website\",\"url\":\"https:\/\/morethansimulators.com\/pt-pt\/\",\"name\":\"More Than Simulators\",\"description\":\"Medical Simulation and Medical Simulators for Education\",\"publisher\":{\"@id\":\"https:\/\/morethansimulators.com\/pt-pt\/#organization\"},\"potentialAction\":[{\"@type\":\"SearchAction\",\"target\":{\"@type\":\"EntryPoint\",\"urlTemplate\":\"https:\/\/morethansimulators.com\/pt-pt\/?s={search_term_string}\"},\"query-input\":{\"@type\":\"PropertyValueSpecification\",\"valueRequired\":true,\"valueName\":\"search_term_string\"}}],\"inLanguage\":\"pt-PT\"},{\"@type\":\"Organization\",\"@id\":\"https:\/\/morethansimulators.com\/pt-pt\/#organization\",\"name\":\"MORE THAN SIMULATORS\",\"url\":\"https:\/\/morethansimulators.com\/pt-pt\/\",\"logo\":{\"@type\":\"ImageObject\",\"inLanguage\":\"pt-PT\",\"@id\":\"https:\/\/morethansimulators.com\/pt-pt\/#\/schema\/logo\/image\/\",\"url\":\"https:\/\/morethansimulators.com\/wp-content\/uploads\/2020\/05\/Logo-color-more-than-simulators-rgb.png\",\"contentUrl\":\"https:\/\/morethansimulators.com\/wp-content\/uploads\/2020\/05\/Logo-color-more-than-simulators-rgb.png\",\"width\":600,\"height\":174,\"caption\":\"MORE THAN SIMULATORS\"},\"image\":{\"@id\":\"https:\/\/morethansimulators.com\/pt-pt\/#\/schema\/logo\/image\/\"},\"sameAs\":[\"https:\/\/x.com\/MTSimulators\",\"https:\/\/instagram.com\/morethansimulators\",\"https:\/\/www.linkedin.com\/company\/14060232\",\"https:\/\/www.youtube.com\/channel\/UCouQ60LN2hEhGHMKyFuBgIA\"]}]}<\/script>\n<!-- \/ Yoast SEO plugin. -->","yoast_head_json":{"title":"SIMULADOR DE INSEMINA\u00c7\u00c3O ARTIFICIAL DE REPRODUTORES SU\u00cdNOS | More Than Simulators","description":"O Su\u00edno Breeder\u2122 \u00e9 um simulador de porcos f\u00eameas em tamanho real. Utilizado para ensinar t\u00e9cnicas adequadas de insemina\u00e7\u00e3o artificial de su\u00ednos e nascimentos.","robots":{"index":"index","follow":"follow","max-snippet":"max-snippet:-1","max-image-preview":"max-image-preview:large","max-video-preview":"max-video-preview:-1"},"canonical":"https:\/\/morethansimulators.com\/pt-pt\/simulador\/swine-breeder-artificial-insemination-simulator\/","og_locale":"pt_PT","og_type":"article","og_title":"SIMULADOR DE INSEMINA\u00c7\u00c3O ARTIFICIAL DE REPRODUTORES SU\u00cdNOS | More Than Simulators","og_description":"O Su\u00edno Breeder\u2122 \u00e9 um simulador de porcos f\u00eameas em tamanho real. Utilizado para ensinar t\u00e9cnicas adequadas de insemina\u00e7\u00e3o artificial de su\u00ednos e nascimentos.","og_url":"https:\/\/morethansimulators.com\/pt-pt\/simulador\/swine-breeder-artificial-insemination-simulator\/","og_site_name":"More Than Simulators","article_modified_time":"2023-01-17T15:09:26+00:00","og_image":[{"width":1235,"height":824,"url":"https:\/\/morethansimulators.com\/wp-content\/uploads\/2021\/05\/2768.jpg","type":"image\/jpeg"}],"twitter_card":"summary_large_image","twitter_site":"@MTSimulators","schema":{"@context":"https:\/\/schema.org","@graph":[{"@type":"WebPage","@id":"https:\/\/morethansimulators.com\/pt-pt\/simulador\/swine-breeder-artificial-insemination-simulator\/","url":"https:\/\/morethansimulators.com\/pt-pt\/simulador\/swine-breeder-artificial-insemination-simulator\/","name":"SIMULADOR DE INSEMINA\u00c7\u00c3O ARTIFICIAL DE REPRODUTORES SU\u00cdNOS | More Than Simulators","isPartOf":{"@id":"https:\/\/morethansimulators.com\/pt-pt\/#website"},"primaryImageOfPage":{"@id":"https:\/\/morethansimulators.com\/pt-pt\/simulador\/swine-breeder-artificial-insemination-simulator\/#primaryimage"},"image":{"@id":"https:\/\/morethansimulators.com\/pt-pt\/simulador\/swine-breeder-artificial-insemination-simulator\/#primaryimage"},"thumbnailUrl":"https:\/\/morethansimulators.com\/wp-content\/uploads\/2021\/05\/2768.jpg","datePublished":"2021-05-24T15:57:44+00:00","dateModified":"2023-01-17T15:09:26+00:00","description":"O Su\u00edno Breeder\u2122 \u00e9 um simulador de porcos f\u00eameas em tamanho real. Utilizado para ensinar t\u00e9cnicas adequadas de insemina\u00e7\u00e3o artificial de su\u00ednos e nascimentos.","breadcrumb":{"@id":"https:\/\/morethansimulators.com\/pt-pt\/simulador\/swine-breeder-artificial-insemination-simulator\/#breadcrumb"},"inLanguage":"pt-PT","potentialAction":[{"@type":"ReadAction","target":["https:\/\/morethansimulators.com\/pt-pt\/simulador\/swine-breeder-artificial-insemination-simulator\/"]}]},{"@type":"ImageObject","inLanguage":"pt-PT","@id":"https:\/\/morethansimulators.com\/pt-pt\/simulador\/swine-breeder-artificial-insemination-simulator\/#primaryimage","url":"https:\/\/morethansimulators.com\/wp-content\/uploads\/2021\/05\/2768.jpg","contentUrl":"https:\/\/morethansimulators.com\/wp-content\/uploads\/2021\/05\/2768.jpg","width":1235,"height":824},{"@type":"BreadcrumbList","@id":"https:\/\/morethansimulators.com\/pt-pt\/simulador\/swine-breeder-artificial-insemination-simulator\/#breadcrumb","itemListElement":[{"@type":"ListItem","position":1,"name":"Portada","item":"https:\/\/morethansimulators.com\/pt-pt\/"},{"@type":"ListItem","position":2,"name":"Loja","item":"https:\/\/morethansimulators.com\/pt-pt\/loja\/"},{"@type":"ListItem","position":3,"name":"SIMULADOR DE INSEMINA\u00c7\u00c3O ARTIFICIAL DE REPRODUTORES SU\u00cdNOS"}]},{"@type":"WebSite","@id":"https:\/\/morethansimulators.com\/pt-pt\/#website","url":"https:\/\/morethansimulators.com\/pt-pt\/","name":"More Than Simulators","description":"Medical Simulation and Medical Simulators for Education","publisher":{"@id":"https:\/\/morethansimulators.com\/pt-pt\/#organization"},"potentialAction":[{"@type":"SearchAction","target":{"@type":"EntryPoint","urlTemplate":"https:\/\/morethansimulators.com\/pt-pt\/?s={search_term_string}"},"query-input":{"@type":"PropertyValueSpecification","valueRequired":true,"valueName":"search_term_string"}}],"inLanguage":"pt-PT"},{"@type":"Organization","@id":"https:\/\/morethansimulators.com\/pt-pt\/#organization","name":"MORE THAN SIMULATORS","url":"https:\/\/morethansimulators.com\/pt-pt\/","logo":{"@type":"ImageObject","inLanguage":"pt-PT","@id":"https:\/\/morethansimulators.com\/pt-pt\/#\/schema\/logo\/image\/","url":"https:\/\/morethansimulators.com\/wp-content\/uploads\/2020\/05\/Logo-color-more-than-simulators-rgb.png","contentUrl":"https:\/\/morethansimulators.com\/wp-content\/uploads\/2020\/05\/Logo-color-more-than-simulators-rgb.png","width":600,"height":174,"caption":"MORE THAN SIMULATORS"},"image":{"@id":"https:\/\/morethansimulators.com\/pt-pt\/#\/schema\/logo\/image\/"},"sameAs":["https:\/\/x.com\/MTSimulators","https:\/\/instagram.com\/morethansimulators","https:\/\/www.linkedin.com\/company\/14060232","https:\/\/www.youtube.com\/channel\/UCouQ60LN2hEhGHMKyFuBgIA"]}]}},"_links":{"self":[{"href":"https:\/\/morethansimulators.com\/pt-pt\/wp-json\/wp\/v2\/product\/12269","targetHints":{"allow":["GET"]}}],"collection":[{"href":"https:\/\/morethansimulators.com\/pt-pt\/wp-json\/wp\/v2\/product"}],"about":[{"href":"https:\/\/morethansimulators.com\/pt-pt\/wp-json\/wp\/v2\/types\/product"}],"wp:featuredmedia":[{"embeddable":true,"href":"https:\/\/morethansimulators.com\/pt-pt\/wp-json\/wp\/v2\/media\/11880"}],"wp:attachment":[{"href":"https:\/\/morethansimulators.com\/pt-pt\/wp-json\/wp\/v2\/media?parent=12269"}],"wp:term":[{"taxonomy":"product_brand","embeddable":true,"href":"https:\/\/morethansimulators.com\/pt-pt\/wp-json\/wp\/v2\/product_brand?post=12269"},{"taxonomy":"product_cat","embeddable":true,"href":"https:\/\/morethansimulators.com\/pt-pt\/wp-json\/wp\/v2\/product_cat?post=12269"},{"taxonomy":"product_tag","embeddable":true,"href":"https:\/\/morethansimulators.com\/pt-pt\/wp-json\/wp\/v2\/product_tag?post=12269"}],"curies":[{"name":"wp","href":"https:\/\/api.w.org\/{rel}","templated":true}]}}