{"id":12152,"date":"2020-07-27T14:29:48","date_gmt":"2020-07-27T12:29:48","guid":{"rendered":"https:\/\/morethansimulators.com\/simulator\/heartworks-tee-tte\/"},"modified":"2025-07-01T12:57:29","modified_gmt":"2025-07-01T10:57:29","slug":"heartworks-tee-tte","status":"publish","type":"product","link":"https:\/\/morethansimulators.com\/pt-pt\/simulador\/heartworks-tee-tte\/","title":{"rendered":"HEARTWORKS DUAL &#8211; ULTRASSONOGRAFIA TTE E TEE"},"content":{"rendered":"<p>A solu\u00e7\u00e3o completa de simula\u00e7\u00e3o para <strong>Ecocardiografia Transesof\u00e1gica (ETE \u2013 <i>Transesophageal Echocardiography<\/i>)<\/strong> e <strong>Ecocardiografia Transtor\u00e1cica (ETT \u2013 <i>Transthoracic Echocardiography<\/i>)<\/strong>, integrada numa \u00fanica plataforma com dupla finalidade.<\/p>\n<p>Concebido como uma solu\u00e7\u00e3o \u201cplug and play\u201d, permite aos formadores alternar facilmente entre sess\u00f5es de ETE e ETT, otimizando a gest\u00e3o dos planos formativos. Equipado com todas as funcionalidades do aclamado <strong>software de imagiologia HeartWorks<\/strong>, este sistema oferece uma abordagem pedag\u00f3gica eficiente, tanto em termos de tempo como de custos, sem comprometer o realismo ou a qualidade da aprendizagem.<\/p>\n","protected":false},"excerpt":{"rendered":"<p>A solu\u00e7\u00e3o simula\u00e7\u00e3o completa para transesof\u00e1gico (ETE) e ecocardiografia transtor\u00e1cica (ETT) em um \u00fanico manequim dupla finalidade.<\/p>\n","protected":false},"featured_media":18946,"template":"","meta":{"_acf_changed":false,"_et_pb_use_builder":"off","_et_pb_old_content":"The complete simulation solution for<strong> Transesophageal (TEE)<\/strong> and <strong>Transthoracic Echocardiography<\/strong> (TTE) in one single dual purpose manikin.\r\n\r\nA \u2018plug and play\u2019 solution, tutors can easily switch between TEE and TTE in their training schedules. Retaining all the features of the acclaimed <strong>HeartWorks imaging software<\/strong>, educational programs can be both cost and time efficient without compromising on quality.","_et_gb_content_width":""},"product_brand":[],"product_cat":[229,319,245],"product_tag":[],"class_list":{"0":"post-12152","1":"product","2":"type-product","3":"status-publish","4":"has-post-thumbnail","6":"product_cat-cardiologia-pt","7":"product_cat-ecografia-pt","8":"product_cat-medicina-geral-pt","10":"first","11":"instock","12":"featured","13":"shipping-taxable","14":"product-type-simple","15":"berocket_lgv_grid","16":"berocket_lgv_list_grid"},"acf":[],"yoast_head":"<!-- This site is optimized with the Yoast SEO plugin v27.1.1 - https:\/\/yoast.com\/product\/yoast-seo-wordpress\/ -->\n<title>HEARTWORKS DUAL - ULTRASSONOGRAFIA TTE E TEE | More Than Simulators<\/title>\n<meta name=\"description\" content=\"A solu\u00e7\u00e3o simula\u00e7\u00e3o completa para transesof\u00e1gico (ETE) e ecocardiografia transtor\u00e1cica (ETT) em um \u00fanico manequim dupla finalidade.\" \/>\n<meta name=\"robots\" content=\"index, follow, max-snippet:-1, max-image-preview:large, max-video-preview:-1\" \/>\n<link rel=\"canonical\" href=\"https:\/\/morethansimulators.com\/pt-pt\/simulador\/heartworks-tee-tte\/\" \/>\n<meta property=\"og:locale\" content=\"pt_PT\" \/>\n<meta property=\"og:type\" content=\"article\" \/>\n<meta property=\"og:title\" content=\"HEARTWORKS DUAL - ULTRASSONOGRAFIA TTE E TEE | More Than Simulators\" \/>\n<meta property=\"og:description\" content=\"A solu\u00e7\u00e3o simula\u00e7\u00e3o completa para transesof\u00e1gico (ETE) e ecocardiografia transtor\u00e1cica (ETT) em um \u00fanico manequim dupla finalidade.\" \/>\n<meta property=\"og:url\" content=\"https:\/\/morethansimulators.com\/pt-pt\/simulador\/heartworks-tee-tte\/\" \/>\n<meta property=\"og:site_name\" content=\"More Than Simulators\" \/>\n<meta property=\"article:modified_time\" content=\"2025-07-01T10:57:29+00:00\" \/>\n<meta property=\"og:image\" content=\"https:\/\/morethansimulators.com\/wp-content\/uploads\/2020\/07\/1503-1.jpg\" \/>\n\t<meta property=\"og:image:width\" content=\"1200\" \/>\n\t<meta property=\"og:image:height\" content=\"801\" \/>\n\t<meta property=\"og:image:type\" content=\"image\/jpeg\" \/>\n<meta name=\"twitter:card\" content=\"summary_large_image\" \/>\n<meta name=\"twitter:site\" content=\"@MTSimulators\" \/>\n<meta name=\"twitter:label1\" content=\"Tempo estimado de leitura\" \/>\n\t<meta name=\"twitter:data1\" content=\"1 minuto\" \/>\n<script type=\"application\/ld+json\" class=\"yoast-schema-graph\">{\"@context\":\"https:\/\/schema.org\",\"@graph\":[{\"@type\":\"WebPage\",\"@id\":\"https:\/\/morethansimulators.com\/pt-pt\/simulador\/heartworks-tee-tte\/\",\"url\":\"https:\/\/morethansimulators.com\/pt-pt\/simulador\/heartworks-tee-tte\/\",\"name\":\"HEARTWORKS DUAL - ULTRASSONOGRAFIA TTE E TEE | More Than Simulators\",\"isPartOf\":{\"@id\":\"https:\/\/morethansimulators.com\/pt-pt\/#website\"},\"primaryImageOfPage\":{\"@id\":\"https:\/\/morethansimulators.com\/pt-pt\/simulador\/heartworks-tee-tte\/#primaryimage\"},\"image\":{\"@id\":\"https:\/\/morethansimulators.com\/pt-pt\/simulador\/heartworks-tee-tte\/#primaryimage\"},\"thumbnailUrl\":\"https:\/\/morethansimulators.com\/wp-content\/uploads\/2020\/07\/1503-1.jpg\",\"datePublished\":\"2020-07-27T12:29:48+00:00\",\"dateModified\":\"2025-07-01T10:57:29+00:00\",\"description\":\"A solu\u00e7\u00e3o simula\u00e7\u00e3o completa para transesof\u00e1gico (ETE) e ecocardiografia transtor\u00e1cica (ETT) em um \u00fanico manequim dupla finalidade.\",\"breadcrumb\":{\"@id\":\"https:\/\/morethansimulators.com\/pt-pt\/simulador\/heartworks-tee-tte\/#breadcrumb\"},\"inLanguage\":\"pt-PT\",\"potentialAction\":[{\"@type\":\"ReadAction\",\"target\":[\"https:\/\/morethansimulators.com\/pt-pt\/simulador\/heartworks-tee-tte\/\"]}]},{\"@type\":\"ImageObject\",\"inLanguage\":\"pt-PT\",\"@id\":\"https:\/\/morethansimulators.com\/pt-pt\/simulador\/heartworks-tee-tte\/#primaryimage\",\"url\":\"https:\/\/morethansimulators.com\/wp-content\/uploads\/2020\/07\/1503-1.jpg\",\"contentUrl\":\"https:\/\/morethansimulators.com\/wp-content\/uploads\/2020\/07\/1503-1.jpg\",\"width\":1200,\"height\":801,\"caption\":\"simulador para ecocardiograf\u00eda ete y ett\"},{\"@type\":\"BreadcrumbList\",\"@id\":\"https:\/\/morethansimulators.com\/pt-pt\/simulador\/heartworks-tee-tte\/#breadcrumb\",\"itemListElement\":[{\"@type\":\"ListItem\",\"position\":1,\"name\":\"Portada\",\"item\":\"https:\/\/morethansimulators.com\/pt-pt\/\"},{\"@type\":\"ListItem\",\"position\":2,\"name\":\"Loja\",\"item\":\"https:\/\/morethansimulators.com\/pt-pt\/loja\/\"},{\"@type\":\"ListItem\",\"position\":3,\"name\":\"HEARTWORKS DUAL &#8211; ULTRASSONOGRAFIA TTE E TEE\"}]},{\"@type\":\"WebSite\",\"@id\":\"https:\/\/morethansimulators.com\/pt-pt\/#website\",\"url\":\"https:\/\/morethansimulators.com\/pt-pt\/\",\"name\":\"More Than Simulators\",\"description\":\"Medical Simulation and Medical Simulators for Education\",\"publisher\":{\"@id\":\"https:\/\/morethansimulators.com\/pt-pt\/#organization\"},\"potentialAction\":[{\"@type\":\"SearchAction\",\"target\":{\"@type\":\"EntryPoint\",\"urlTemplate\":\"https:\/\/morethansimulators.com\/pt-pt\/?s={search_term_string}\"},\"query-input\":{\"@type\":\"PropertyValueSpecification\",\"valueRequired\":true,\"valueName\":\"search_term_string\"}}],\"inLanguage\":\"pt-PT\"},{\"@type\":\"Organization\",\"@id\":\"https:\/\/morethansimulators.com\/pt-pt\/#organization\",\"name\":\"MORE THAN SIMULATORS\",\"url\":\"https:\/\/morethansimulators.com\/pt-pt\/\",\"logo\":{\"@type\":\"ImageObject\",\"inLanguage\":\"pt-PT\",\"@id\":\"https:\/\/morethansimulators.com\/pt-pt\/#\/schema\/logo\/image\/\",\"url\":\"https:\/\/morethansimulators.com\/wp-content\/uploads\/2020\/05\/Logo-color-more-than-simulators-rgb.png\",\"contentUrl\":\"https:\/\/morethansimulators.com\/wp-content\/uploads\/2020\/05\/Logo-color-more-than-simulators-rgb.png\",\"width\":600,\"height\":174,\"caption\":\"MORE THAN SIMULATORS\"},\"image\":{\"@id\":\"https:\/\/morethansimulators.com\/pt-pt\/#\/schema\/logo\/image\/\"},\"sameAs\":[\"https:\/\/x.com\/MTSimulators\",\"https:\/\/instagram.com\/morethansimulators\",\"https:\/\/www.linkedin.com\/company\/14060232\",\"https:\/\/www.youtube.com\/channel\/UCouQ60LN2hEhGHMKyFuBgIA\"]}]}<\/script>\n<!-- \/ Yoast SEO plugin. -->","yoast_head_json":{"title":"HEARTWORKS DUAL - ULTRASSONOGRAFIA TTE E TEE | More Than Simulators","description":"A solu\u00e7\u00e3o simula\u00e7\u00e3o completa para transesof\u00e1gico (ETE) e ecocardiografia transtor\u00e1cica (ETT) em um \u00fanico manequim dupla finalidade.","robots":{"index":"index","follow":"follow","max-snippet":"max-snippet:-1","max-image-preview":"max-image-preview:large","max-video-preview":"max-video-preview:-1"},"canonical":"https:\/\/morethansimulators.com\/pt-pt\/simulador\/heartworks-tee-tte\/","og_locale":"pt_PT","og_type":"article","og_title":"HEARTWORKS DUAL - ULTRASSONOGRAFIA TTE E TEE | More Than Simulators","og_description":"A solu\u00e7\u00e3o simula\u00e7\u00e3o completa para transesof\u00e1gico (ETE) e ecocardiografia transtor\u00e1cica (ETT) em um \u00fanico manequim dupla finalidade.","og_url":"https:\/\/morethansimulators.com\/pt-pt\/simulador\/heartworks-tee-tte\/","og_site_name":"More Than Simulators","article_modified_time":"2025-07-01T10:57:29+00:00","og_image":[{"width":1200,"height":801,"url":"https:\/\/morethansimulators.com\/wp-content\/uploads\/2020\/07\/1503-1.jpg","type":"image\/jpeg"}],"twitter_card":"summary_large_image","twitter_site":"@MTSimulators","twitter_misc":{"Tempo estimado de leitura":"1 minuto"},"schema":{"@context":"https:\/\/schema.org","@graph":[{"@type":"WebPage","@id":"https:\/\/morethansimulators.com\/pt-pt\/simulador\/heartworks-tee-tte\/","url":"https:\/\/morethansimulators.com\/pt-pt\/simulador\/heartworks-tee-tte\/","name":"HEARTWORKS DUAL - ULTRASSONOGRAFIA TTE E TEE | More Than Simulators","isPartOf":{"@id":"https:\/\/morethansimulators.com\/pt-pt\/#website"},"primaryImageOfPage":{"@id":"https:\/\/morethansimulators.com\/pt-pt\/simulador\/heartworks-tee-tte\/#primaryimage"},"image":{"@id":"https:\/\/morethansimulators.com\/pt-pt\/simulador\/heartworks-tee-tte\/#primaryimage"},"thumbnailUrl":"https:\/\/morethansimulators.com\/wp-content\/uploads\/2020\/07\/1503-1.jpg","datePublished":"2020-07-27T12:29:48+00:00","dateModified":"2025-07-01T10:57:29+00:00","description":"A solu\u00e7\u00e3o simula\u00e7\u00e3o completa para transesof\u00e1gico (ETE) e ecocardiografia transtor\u00e1cica (ETT) em um \u00fanico manequim dupla finalidade.","breadcrumb":{"@id":"https:\/\/morethansimulators.com\/pt-pt\/simulador\/heartworks-tee-tte\/#breadcrumb"},"inLanguage":"pt-PT","potentialAction":[{"@type":"ReadAction","target":["https:\/\/morethansimulators.com\/pt-pt\/simulador\/heartworks-tee-tte\/"]}]},{"@type":"ImageObject","inLanguage":"pt-PT","@id":"https:\/\/morethansimulators.com\/pt-pt\/simulador\/heartworks-tee-tte\/#primaryimage","url":"https:\/\/morethansimulators.com\/wp-content\/uploads\/2020\/07\/1503-1.jpg","contentUrl":"https:\/\/morethansimulators.com\/wp-content\/uploads\/2020\/07\/1503-1.jpg","width":1200,"height":801,"caption":"simulador para ecocardiograf\u00eda ete y ett"},{"@type":"BreadcrumbList","@id":"https:\/\/morethansimulators.com\/pt-pt\/simulador\/heartworks-tee-tte\/#breadcrumb","itemListElement":[{"@type":"ListItem","position":1,"name":"Portada","item":"https:\/\/morethansimulators.com\/pt-pt\/"},{"@type":"ListItem","position":2,"name":"Loja","item":"https:\/\/morethansimulators.com\/pt-pt\/loja\/"},{"@type":"ListItem","position":3,"name":"HEARTWORKS DUAL &#8211; ULTRASSONOGRAFIA TTE E TEE"}]},{"@type":"WebSite","@id":"https:\/\/morethansimulators.com\/pt-pt\/#website","url":"https:\/\/morethansimulators.com\/pt-pt\/","name":"More Than Simulators","description":"Medical Simulation and Medical Simulators for Education","publisher":{"@id":"https:\/\/morethansimulators.com\/pt-pt\/#organization"},"potentialAction":[{"@type":"SearchAction","target":{"@type":"EntryPoint","urlTemplate":"https:\/\/morethansimulators.com\/pt-pt\/?s={search_term_string}"},"query-input":{"@type":"PropertyValueSpecification","valueRequired":true,"valueName":"search_term_string"}}],"inLanguage":"pt-PT"},{"@type":"Organization","@id":"https:\/\/morethansimulators.com\/pt-pt\/#organization","name":"MORE THAN SIMULATORS","url":"https:\/\/morethansimulators.com\/pt-pt\/","logo":{"@type":"ImageObject","inLanguage":"pt-PT","@id":"https:\/\/morethansimulators.com\/pt-pt\/#\/schema\/logo\/image\/","url":"https:\/\/morethansimulators.com\/wp-content\/uploads\/2020\/05\/Logo-color-more-than-simulators-rgb.png","contentUrl":"https:\/\/morethansimulators.com\/wp-content\/uploads\/2020\/05\/Logo-color-more-than-simulators-rgb.png","width":600,"height":174,"caption":"MORE THAN SIMULATORS"},"image":{"@id":"https:\/\/morethansimulators.com\/pt-pt\/#\/schema\/logo\/image\/"},"sameAs":["https:\/\/x.com\/MTSimulators","https:\/\/instagram.com\/morethansimulators","https:\/\/www.linkedin.com\/company\/14060232","https:\/\/www.youtube.com\/channel\/UCouQ60LN2hEhGHMKyFuBgIA"]}]}},"_links":{"self":[{"href":"https:\/\/morethansimulators.com\/pt-pt\/wp-json\/wp\/v2\/product\/12152","targetHints":{"allow":["GET"]}}],"collection":[{"href":"https:\/\/morethansimulators.com\/pt-pt\/wp-json\/wp\/v2\/product"}],"about":[{"href":"https:\/\/morethansimulators.com\/pt-pt\/wp-json\/wp\/v2\/types\/product"}],"wp:featuredmedia":[{"embeddable":true,"href":"https:\/\/morethansimulators.com\/pt-pt\/wp-json\/wp\/v2\/media\/18946"}],"wp:attachment":[{"href":"https:\/\/morethansimulators.com\/pt-pt\/wp-json\/wp\/v2\/media?parent=12152"}],"wp:term":[{"taxonomy":"product_brand","embeddable":true,"href":"https:\/\/morethansimulators.com\/pt-pt\/wp-json\/wp\/v2\/product_brand?post=12152"},{"taxonomy":"product_cat","embeddable":true,"href":"https:\/\/morethansimulators.com\/pt-pt\/wp-json\/wp\/v2\/product_cat?post=12152"},{"taxonomy":"product_tag","embeddable":true,"href":"https:\/\/morethansimulators.com\/pt-pt\/wp-json\/wp\/v2\/product_tag?post=12152"}],"curies":[{"name":"wp","href":"https:\/\/api.w.org\/{rel}","templated":true}]}}