{"id":11716,"date":"2020-07-29T09:46:55","date_gmt":"2020-07-29T09:46:55","guid":{"rendered":"https:\/\/morethansimulators.com\/simulator\/lap-mentor-iii\/"},"modified":"2022-11-29T13:15:04","modified_gmt":"2022-11-29T12:15:04","slug":"lap-mentor-iii","status":"publish","type":"product","link":"https:\/\/morethansimulators.com\/pt-pt\/simulador\/lap-mentor-iii\/","title":{"rendered":"Simulador de laparoscopia &#8211; LAP Mentor III"},"content":{"rendered":"<p>Os simuladores LAP Mentor s\u00e3o simuladores de treino laparosc\u00f3picos rent\u00e1veis que utilizam ferramentas de aprendizagem inovadoras. Cada plataforma \u00e9 totalmente compat\u00edvel com todos os m\u00f3dulos de simula\u00e7\u00e3o, desde tarefas laparosc\u00f3picas b\u00e1sicas e sutura (com cabos de sutura intercambi\u00e1veis), at\u00e9 \u00e0 forma\u00e7\u00e3o completa do procedimento.<\/p>\n<p>A plataforma LAP Mentor permite a adi\u00e7\u00e3o constante de novos m\u00f3dulos.<\/p>\n","protected":false},"excerpt":{"rendered":"<p>O LAP Mentor III \u00e9 o mais completo simulador baseado em evid\u00eancias para compet\u00eancias laparosc\u00f3picas essenciais e procedimentos cl\u00ednicos completos avan\u00e7ados.<\/p>\n","protected":false},"featured_media":5960,"template":"","meta":{"_acf_changed":false,"_et_pb_use_builder":"","_et_pb_old_content":"","_et_gb_content_width":""},"product_brand":[],"product_cat":[234,304,387,99,290],"product_tag":[],"class_list":{"0":"post-11716","1":"product","2":"type-product","3":"status-publish","4":"has-post-thumbnail","6":"product_cat-cirugia-geral","7":"product_cat-histeroscopia-pt","8":"product_cat-laparoscopia-pt","9":"product_cat-laparoscopy","10":"product_cat-urologia-pt","12":"first","13":"instock","14":"featured","15":"shipping-taxable","16":"product-type-simple","17":"berocket_lgv_grid","18":"berocket_lgv_list_grid"},"acf":[],"yoast_head":"<!-- This site is optimized with the Yoast SEO plugin v27.1.1 - https:\/\/yoast.com\/product\/yoast-seo-wordpress\/ -->\n<title>Simulador de laparoscopia - LAP Mentor III | More Than Simulators<\/title>\n<meta name=\"description\" content=\"O LAP Mentor III \u00e9 o mais completo simulador baseado em evid\u00eancias para compet\u00eancias laparosc\u00f3picas essenciais e procedimentos cl\u00ednicos completos avan\u00e7ados.\" \/>\n<meta name=\"robots\" content=\"index, follow, max-snippet:-1, max-image-preview:large, max-video-preview:-1\" \/>\n<link rel=\"canonical\" href=\"https:\/\/morethansimulators.com\/pt-pt\/simulador\/lap-mentor-iii\/\" \/>\n<meta property=\"og:locale\" content=\"pt_PT\" \/>\n<meta property=\"og:type\" content=\"article\" \/>\n<meta property=\"og:title\" content=\"Simulador de laparoscopia - LAP Mentor III | More Than Simulators\" \/>\n<meta property=\"og:description\" content=\"O LAP Mentor III \u00e9 o mais completo simulador baseado em evid\u00eancias para compet\u00eancias laparosc\u00f3picas essenciais e procedimentos cl\u00ednicos completos avan\u00e7ados.\" \/>\n<meta property=\"og:url\" content=\"https:\/\/morethansimulators.com\/pt-pt\/simulador\/lap-mentor-iii\/\" \/>\n<meta property=\"og:site_name\" content=\"More Than Simulators\" \/>\n<meta property=\"article:modified_time\" content=\"2022-11-29T12:15:04+00:00\" \/>\n<meta property=\"og:image\" content=\"https:\/\/morethansimulators.com\/wp-content\/uploads\/2020\/07\/1063-600x400-1.jpg\" \/>\n\t<meta property=\"og:image:width\" content=\"600\" \/>\n\t<meta property=\"og:image:height\" content=\"400\" \/>\n\t<meta property=\"og:image:type\" content=\"image\/jpeg\" \/>\n<meta name=\"twitter:card\" content=\"summary_large_image\" \/>\n<meta name=\"twitter:site\" content=\"@MTSimulators\" \/>\n<script type=\"application\/ld+json\" class=\"yoast-schema-graph\">{\"@context\":\"https:\/\/schema.org\",\"@graph\":[{\"@type\":\"WebPage\",\"@id\":\"https:\/\/morethansimulators.com\/pt-pt\/simulador\/lap-mentor-iii\/\",\"url\":\"https:\/\/morethansimulators.com\/pt-pt\/simulador\/lap-mentor-iii\/\",\"name\":\"Simulador de laparoscopia - LAP Mentor III | More Than Simulators\",\"isPartOf\":{\"@id\":\"https:\/\/morethansimulators.com\/pt-pt\/#website\"},\"primaryImageOfPage\":{\"@id\":\"https:\/\/morethansimulators.com\/pt-pt\/simulador\/lap-mentor-iii\/#primaryimage\"},\"image\":{\"@id\":\"https:\/\/morethansimulators.com\/pt-pt\/simulador\/lap-mentor-iii\/#primaryimage\"},\"thumbnailUrl\":\"https:\/\/morethansimulators.com\/wp-content\/uploads\/2020\/07\/1063-600x400-1.jpg\",\"datePublished\":\"2020-07-29T09:46:55+00:00\",\"dateModified\":\"2022-11-29T12:15:04+00:00\",\"description\":\"O LAP Mentor III \u00e9 o mais completo simulador baseado em evid\u00eancias para compet\u00eancias laparosc\u00f3picas essenciais e procedimentos cl\u00ednicos completos avan\u00e7ados.\",\"breadcrumb\":{\"@id\":\"https:\/\/morethansimulators.com\/pt-pt\/simulador\/lap-mentor-iii\/#breadcrumb\"},\"inLanguage\":\"pt-PT\",\"potentialAction\":[{\"@type\":\"ReadAction\",\"target\":[\"https:\/\/morethansimulators.com\/pt-pt\/simulador\/lap-mentor-iii\/\"]}]},{\"@type\":\"ImageObject\",\"inLanguage\":\"pt-PT\",\"@id\":\"https:\/\/morethansimulators.com\/pt-pt\/simulador\/lap-mentor-iii\/#primaryimage\",\"url\":\"https:\/\/morethansimulators.com\/wp-content\/uploads\/2020\/07\/1063-600x400-1.jpg\",\"contentUrl\":\"https:\/\/morethansimulators.com\/wp-content\/uploads\/2020\/07\/1063-600x400-1.jpg\",\"width\":600,\"height\":400},{\"@type\":\"BreadcrumbList\",\"@id\":\"https:\/\/morethansimulators.com\/pt-pt\/simulador\/lap-mentor-iii\/#breadcrumb\",\"itemListElement\":[{\"@type\":\"ListItem\",\"position\":1,\"name\":\"Portada\",\"item\":\"https:\/\/morethansimulators.com\/pt-pt\/\"},{\"@type\":\"ListItem\",\"position\":2,\"name\":\"Loja\",\"item\":\"https:\/\/morethansimulators.com\/pt-pt\/loja\/\"},{\"@type\":\"ListItem\",\"position\":3,\"name\":\"Simulador de laparoscopia &#8211; LAP Mentor III\"}]},{\"@type\":\"WebSite\",\"@id\":\"https:\/\/morethansimulators.com\/pt-pt\/#website\",\"url\":\"https:\/\/morethansimulators.com\/pt-pt\/\",\"name\":\"More Than Simulators\",\"description\":\"Medical Simulation and Medical Simulators for Education\",\"publisher\":{\"@id\":\"https:\/\/morethansimulators.com\/pt-pt\/#organization\"},\"potentialAction\":[{\"@type\":\"SearchAction\",\"target\":{\"@type\":\"EntryPoint\",\"urlTemplate\":\"https:\/\/morethansimulators.com\/pt-pt\/?s={search_term_string}\"},\"query-input\":{\"@type\":\"PropertyValueSpecification\",\"valueRequired\":true,\"valueName\":\"search_term_string\"}}],\"inLanguage\":\"pt-PT\"},{\"@type\":\"Organization\",\"@id\":\"https:\/\/morethansimulators.com\/pt-pt\/#organization\",\"name\":\"MORE THAN SIMULATORS\",\"url\":\"https:\/\/morethansimulators.com\/pt-pt\/\",\"logo\":{\"@type\":\"ImageObject\",\"inLanguage\":\"pt-PT\",\"@id\":\"https:\/\/morethansimulators.com\/pt-pt\/#\/schema\/logo\/image\/\",\"url\":\"https:\/\/morethansimulators.com\/wp-content\/uploads\/2020\/05\/Logo-color-more-than-simulators-rgb.png\",\"contentUrl\":\"https:\/\/morethansimulators.com\/wp-content\/uploads\/2020\/05\/Logo-color-more-than-simulators-rgb.png\",\"width\":600,\"height\":174,\"caption\":\"MORE THAN SIMULATORS\"},\"image\":{\"@id\":\"https:\/\/morethansimulators.com\/pt-pt\/#\/schema\/logo\/image\/\"},\"sameAs\":[\"https:\/\/x.com\/MTSimulators\",\"https:\/\/instagram.com\/morethansimulators\",\"https:\/\/www.linkedin.com\/company\/14060232\",\"https:\/\/www.youtube.com\/channel\/UCouQ60LN2hEhGHMKyFuBgIA\"]}]}<\/script>\n<!-- \/ Yoast SEO plugin. -->","yoast_head_json":{"title":"Simulador de laparoscopia - LAP Mentor III | More Than Simulators","description":"O LAP Mentor III \u00e9 o mais completo simulador baseado em evid\u00eancias para compet\u00eancias laparosc\u00f3picas essenciais e procedimentos cl\u00ednicos completos avan\u00e7ados.","robots":{"index":"index","follow":"follow","max-snippet":"max-snippet:-1","max-image-preview":"max-image-preview:large","max-video-preview":"max-video-preview:-1"},"canonical":"https:\/\/morethansimulators.com\/pt-pt\/simulador\/lap-mentor-iii\/","og_locale":"pt_PT","og_type":"article","og_title":"Simulador de laparoscopia - LAP Mentor III | More Than Simulators","og_description":"O LAP Mentor III \u00e9 o mais completo simulador baseado em evid\u00eancias para compet\u00eancias laparosc\u00f3picas essenciais e procedimentos cl\u00ednicos completos avan\u00e7ados.","og_url":"https:\/\/morethansimulators.com\/pt-pt\/simulador\/lap-mentor-iii\/","og_site_name":"More Than Simulators","article_modified_time":"2022-11-29T12:15:04+00:00","og_image":[{"width":600,"height":400,"url":"https:\/\/morethansimulators.com\/wp-content\/uploads\/2020\/07\/1063-600x400-1.jpg","type":"image\/jpeg"}],"twitter_card":"summary_large_image","twitter_site":"@MTSimulators","schema":{"@context":"https:\/\/schema.org","@graph":[{"@type":"WebPage","@id":"https:\/\/morethansimulators.com\/pt-pt\/simulador\/lap-mentor-iii\/","url":"https:\/\/morethansimulators.com\/pt-pt\/simulador\/lap-mentor-iii\/","name":"Simulador de laparoscopia - LAP Mentor III | More Than Simulators","isPartOf":{"@id":"https:\/\/morethansimulators.com\/pt-pt\/#website"},"primaryImageOfPage":{"@id":"https:\/\/morethansimulators.com\/pt-pt\/simulador\/lap-mentor-iii\/#primaryimage"},"image":{"@id":"https:\/\/morethansimulators.com\/pt-pt\/simulador\/lap-mentor-iii\/#primaryimage"},"thumbnailUrl":"https:\/\/morethansimulators.com\/wp-content\/uploads\/2020\/07\/1063-600x400-1.jpg","datePublished":"2020-07-29T09:46:55+00:00","dateModified":"2022-11-29T12:15:04+00:00","description":"O LAP Mentor III \u00e9 o mais completo simulador baseado em evid\u00eancias para compet\u00eancias laparosc\u00f3picas essenciais e procedimentos cl\u00ednicos completos avan\u00e7ados.","breadcrumb":{"@id":"https:\/\/morethansimulators.com\/pt-pt\/simulador\/lap-mentor-iii\/#breadcrumb"},"inLanguage":"pt-PT","potentialAction":[{"@type":"ReadAction","target":["https:\/\/morethansimulators.com\/pt-pt\/simulador\/lap-mentor-iii\/"]}]},{"@type":"ImageObject","inLanguage":"pt-PT","@id":"https:\/\/morethansimulators.com\/pt-pt\/simulador\/lap-mentor-iii\/#primaryimage","url":"https:\/\/morethansimulators.com\/wp-content\/uploads\/2020\/07\/1063-600x400-1.jpg","contentUrl":"https:\/\/morethansimulators.com\/wp-content\/uploads\/2020\/07\/1063-600x400-1.jpg","width":600,"height":400},{"@type":"BreadcrumbList","@id":"https:\/\/morethansimulators.com\/pt-pt\/simulador\/lap-mentor-iii\/#breadcrumb","itemListElement":[{"@type":"ListItem","position":1,"name":"Portada","item":"https:\/\/morethansimulators.com\/pt-pt\/"},{"@type":"ListItem","position":2,"name":"Loja","item":"https:\/\/morethansimulators.com\/pt-pt\/loja\/"},{"@type":"ListItem","position":3,"name":"Simulador de laparoscopia &#8211; LAP Mentor III"}]},{"@type":"WebSite","@id":"https:\/\/morethansimulators.com\/pt-pt\/#website","url":"https:\/\/morethansimulators.com\/pt-pt\/","name":"More Than Simulators","description":"Medical Simulation and Medical Simulators for Education","publisher":{"@id":"https:\/\/morethansimulators.com\/pt-pt\/#organization"},"potentialAction":[{"@type":"SearchAction","target":{"@type":"EntryPoint","urlTemplate":"https:\/\/morethansimulators.com\/pt-pt\/?s={search_term_string}"},"query-input":{"@type":"PropertyValueSpecification","valueRequired":true,"valueName":"search_term_string"}}],"inLanguage":"pt-PT"},{"@type":"Organization","@id":"https:\/\/morethansimulators.com\/pt-pt\/#organization","name":"MORE THAN SIMULATORS","url":"https:\/\/morethansimulators.com\/pt-pt\/","logo":{"@type":"ImageObject","inLanguage":"pt-PT","@id":"https:\/\/morethansimulators.com\/pt-pt\/#\/schema\/logo\/image\/","url":"https:\/\/morethansimulators.com\/wp-content\/uploads\/2020\/05\/Logo-color-more-than-simulators-rgb.png","contentUrl":"https:\/\/morethansimulators.com\/wp-content\/uploads\/2020\/05\/Logo-color-more-than-simulators-rgb.png","width":600,"height":174,"caption":"MORE THAN SIMULATORS"},"image":{"@id":"https:\/\/morethansimulators.com\/pt-pt\/#\/schema\/logo\/image\/"},"sameAs":["https:\/\/x.com\/MTSimulators","https:\/\/instagram.com\/morethansimulators","https:\/\/www.linkedin.com\/company\/14060232","https:\/\/www.youtube.com\/channel\/UCouQ60LN2hEhGHMKyFuBgIA"]}]}},"_links":{"self":[{"href":"https:\/\/morethansimulators.com\/pt-pt\/wp-json\/wp\/v2\/product\/11716","targetHints":{"allow":["GET"]}}],"collection":[{"href":"https:\/\/morethansimulators.com\/pt-pt\/wp-json\/wp\/v2\/product"}],"about":[{"href":"https:\/\/morethansimulators.com\/pt-pt\/wp-json\/wp\/v2\/types\/product"}],"wp:featuredmedia":[{"embeddable":true,"href":"https:\/\/morethansimulators.com\/pt-pt\/wp-json\/wp\/v2\/media\/5960"}],"wp:attachment":[{"href":"https:\/\/morethansimulators.com\/pt-pt\/wp-json\/wp\/v2\/media?parent=11716"}],"wp:term":[{"taxonomy":"product_brand","embeddable":true,"href":"https:\/\/morethansimulators.com\/pt-pt\/wp-json\/wp\/v2\/product_brand?post=11716"},{"taxonomy":"product_cat","embeddable":true,"href":"https:\/\/morethansimulators.com\/pt-pt\/wp-json\/wp\/v2\/product_cat?post=11716"},{"taxonomy":"product_tag","embeddable":true,"href":"https:\/\/morethansimulators.com\/pt-pt\/wp-json\/wp\/v2\/product_tag?post=11716"}],"curies":[{"name":"wp","href":"https:\/\/api.w.org\/{rel}","templated":true}]}}