{"id":23602,"date":"2024-07-31T12:44:20","date_gmt":"2024-07-31T10:44:20","guid":{"rendered":"https:\/\/morethansimulators.com\/simulator\/simulador-de-lechon-para-extraccion-de-sangre-y-manejo-sujecion\/"},"modified":"2024-07-31T12:46:56","modified_gmt":"2024-07-31T10:46:56","slug":"simulador-de-lechon-para-extraccion-de-sangre-y-manejo-sujecion","status":"publish","type":"product","link":"https:\/\/morethansimulators.com\/en\/simulator\/simulador-de-lechon-para-extraccion-de-sangre-y-manejo-sujecion\/","title":{"rendered":"Simulador de lech\u00f3n para extracci\u00f3n de sangre y manejo\/sujeci\u00f3n"},"content":{"rendered":"<p>El simulador de lech\u00f3n para extracci\u00f3n de sangre y manejo\/sujecion es un excelente puente para que los estudiantes de veterinaria practiquen habilidades cl\u00ednicas esenciales en un entorno controlado mientras abordan los requisitos \u00fanicos asociados con el cuidado de peque\u00f1os animales.<\/p>\n<p>Dise\u00f1ado pensando en la precisi\u00f3n y la funcionalidad, el simulador de inmovilizaci\u00f3n y extracci\u00f3n de sangre de lech\u00f3n es realista tanto en tama\u00f1o como en conformaci\u00f3n. El modelo est\u00e1 equipado con una r\u00e9plica de esqueleto articulado de acero que permite colocarlo en una variedad de posiciones para que los estudiantes adquieran la confianza necesaria para realizar diferentes posiciones de sujeci\u00f3n y extracciones de sangre en un entorno controlado, aumentando la competencia cl\u00ednica y ayudando a proteger al animal.<\/p>\n","protected":false},"excerpt":{"rendered":"<p>El simulador de lech\u00f3n para extracci\u00f3n de sangre y manejo\/sujecion es un excelente puente para que los estudiantes de veterinaria practiquen habilidades cl\u00ednicas esenciales en un entorno controlado mientras abordan los requisitos \u00fanicos asociados con el cuidado de peque\u00f1os animales. Dise\u00f1ado pensando en la precisi\u00f3n y la funcionalidad, el simulador de inmovilizaci\u00f3n y extracci\u00f3n de [&hellip;]<\/p>\n","protected":false},"featured_media":23604,"template":"","meta":{"_acf_changed":false,"_et_pb_use_builder":"","_et_pb_old_content":"","_et_gb_content_width":""},"product_brand":[],"product_cat":[398,403],"product_tag":[],"class_list":{"0":"post-23602","1":"product","2":"type-product","3":"status-publish","4":"has-post-thumbnail","6":"product_cat-animal-care","7":"product_cat-veterinary","9":"first","10":"instock","11":"shipping-taxable","12":"product-type-simple","13":"berocket_lgv_grid","14":"berocket_lgv_list_grid"},"acf":[],"yoast_head":"<!-- This site is optimized with the Yoast SEO plugin v27.1.1 - https:\/\/yoast.com\/product\/yoast-seo-wordpress\/ -->\n<title>Simulador de lech\u00f3n para extracci\u00f3n de sangre y manejo\/sujeci\u00f3n | More Than Simulators<\/title>\n<meta name=\"robots\" content=\"index, follow, max-snippet:-1, max-image-preview:large, max-video-preview:-1\" \/>\n<link rel=\"canonical\" href=\"https:\/\/morethansimulators.com\/en\/simulator\/simulador-de-lechon-para-extraccion-de-sangre-y-manejo-sujecion\/\" \/>\n<meta property=\"og:locale\" content=\"en_US\" \/>\n<meta property=\"og:type\" content=\"article\" \/>\n<meta property=\"og:title\" content=\"Simulador de lech\u00f3n para extracci\u00f3n de sangre y manejo\/sujeci\u00f3n | More Than Simulators\" \/>\n<meta property=\"og:url\" content=\"https:\/\/morethansimulators.com\/en\/simulator\/simulador-de-lechon-para-extraccion-de-sangre-y-manejo-sujecion\/\" \/>\n<meta property=\"og:site_name\" content=\"More Than Simulators\" \/>\n<meta property=\"article:modified_time\" content=\"2024-07-31T10:46:56+00:00\" \/>\n<meta property=\"og:image\" content=\"https:\/\/morethansimulators.com\/wp-content\/uploads\/2024\/07\/4507.jpg\" \/>\n\t<meta property=\"og:image:width\" content=\"600\" \/>\n\t<meta property=\"og:image:height\" content=\"400\" \/>\n\t<meta property=\"og:image:type\" content=\"image\/jpeg\" \/>\n<meta name=\"twitter:card\" content=\"summary_large_image\" \/>\n<meta name=\"twitter:site\" content=\"@MTSimulators\" \/>\n<meta name=\"twitter:label1\" content=\"Est. reading time\" \/>\n\t<meta name=\"twitter:data1\" content=\"1 minute\" \/>\n<script type=\"application\/ld+json\" class=\"yoast-schema-graph\">{\"@context\":\"https:\/\/schema.org\",\"@graph\":[{\"@type\":\"WebPage\",\"@id\":\"https:\/\/morethansimulators.com\/en\/simulator\/simulador-de-lechon-para-extraccion-de-sangre-y-manejo-sujecion\/\",\"url\":\"https:\/\/morethansimulators.com\/en\/simulator\/simulador-de-lechon-para-extraccion-de-sangre-y-manejo-sujecion\/\",\"name\":\"Simulador de lech\u00f3n para extracci\u00f3n de sangre y manejo\/sujeci\u00f3n | More Than Simulators\",\"isPartOf\":{\"@id\":\"https:\/\/morethansimulators.com\/en\/#website\"},\"primaryImageOfPage\":{\"@id\":\"https:\/\/morethansimulators.com\/en\/simulator\/simulador-de-lechon-para-extraccion-de-sangre-y-manejo-sujecion\/#primaryimage\"},\"image\":{\"@id\":\"https:\/\/morethansimulators.com\/en\/simulator\/simulador-de-lechon-para-extraccion-de-sangre-y-manejo-sujecion\/#primaryimage\"},\"thumbnailUrl\":\"https:\/\/morethansimulators.com\/wp-content\/uploads\/2024\/07\/4507.jpg\",\"datePublished\":\"2024-07-31T10:44:20+00:00\",\"dateModified\":\"2024-07-31T10:46:56+00:00\",\"breadcrumb\":{\"@id\":\"https:\/\/morethansimulators.com\/en\/simulator\/simulador-de-lechon-para-extraccion-de-sangre-y-manejo-sujecion\/#breadcrumb\"},\"inLanguage\":\"en-US\",\"potentialAction\":[{\"@type\":\"ReadAction\",\"target\":[\"https:\/\/morethansimulators.com\/en\/simulator\/simulador-de-lechon-para-extraccion-de-sangre-y-manejo-sujecion\/\"]}]},{\"@type\":\"ImageObject\",\"inLanguage\":\"en-US\",\"@id\":\"https:\/\/morethansimulators.com\/en\/simulator\/simulador-de-lechon-para-extraccion-de-sangre-y-manejo-sujecion\/#primaryimage\",\"url\":\"https:\/\/morethansimulators.com\/wp-content\/uploads\/2024\/07\/4507.jpg\",\"contentUrl\":\"https:\/\/morethansimulators.com\/wp-content\/uploads\/2024\/07\/4507.jpg\",\"width\":600,\"height\":400,\"caption\":\"simulador de lechon para extracci\u00f3n de sangre y manejo\/sujecion\"},{\"@type\":\"BreadcrumbList\",\"@id\":\"https:\/\/morethansimulators.com\/en\/simulator\/simulador-de-lechon-para-extraccion-de-sangre-y-manejo-sujecion\/#breadcrumb\",\"itemListElement\":[{\"@type\":\"ListItem\",\"position\":1,\"name\":\"Portada\",\"item\":\"https:\/\/morethansimulators.com\/en\/\"},{\"@type\":\"ListItem\",\"position\":2,\"name\":\"Shop\",\"item\":\"https:\/\/morethansimulators.com\/en\/shop\/\"},{\"@type\":\"ListItem\",\"position\":3,\"name\":\"Simulador de lech\u00f3n para extracci\u00f3n de sangre y manejo\/sujeci\u00f3n\"}]},{\"@type\":\"WebSite\",\"@id\":\"https:\/\/morethansimulators.com\/en\/#website\",\"url\":\"https:\/\/morethansimulators.com\/en\/\",\"name\":\"More Than Simulators\",\"description\":\"Medical Simulation and Medical Simulators for Education\",\"publisher\":{\"@id\":\"https:\/\/morethansimulators.com\/en\/#organization\"},\"potentialAction\":[{\"@type\":\"SearchAction\",\"target\":{\"@type\":\"EntryPoint\",\"urlTemplate\":\"https:\/\/morethansimulators.com\/en\/?s={search_term_string}\"},\"query-input\":{\"@type\":\"PropertyValueSpecification\",\"valueRequired\":true,\"valueName\":\"search_term_string\"}}],\"inLanguage\":\"en-US\"},{\"@type\":\"Organization\",\"@id\":\"https:\/\/morethansimulators.com\/en\/#organization\",\"name\":\"MORE THAN SIMULATORS\",\"url\":\"https:\/\/morethansimulators.com\/en\/\",\"logo\":{\"@type\":\"ImageObject\",\"inLanguage\":\"en-US\",\"@id\":\"https:\/\/morethansimulators.com\/en\/#\/schema\/logo\/image\/\",\"url\":\"https:\/\/morethansimulators.com\/wp-content\/uploads\/2020\/05\/Logo-color-more-than-simulators-rgb.png\",\"contentUrl\":\"https:\/\/morethansimulators.com\/wp-content\/uploads\/2020\/05\/Logo-color-more-than-simulators-rgb.png\",\"width\":600,\"height\":174,\"caption\":\"MORE THAN SIMULATORS\"},\"image\":{\"@id\":\"https:\/\/morethansimulators.com\/en\/#\/schema\/logo\/image\/\"},\"sameAs\":[\"https:\/\/x.com\/MTSimulators\",\"https:\/\/instagram.com\/morethansimulators\",\"https:\/\/www.linkedin.com\/company\/14060232\",\"https:\/\/www.youtube.com\/channel\/UCouQ60LN2hEhGHMKyFuBgIA\"]}]}<\/script>\n<!-- \/ Yoast SEO plugin. -->","yoast_head_json":{"title":"Simulador de lech\u00f3n para extracci\u00f3n de sangre y manejo\/sujeci\u00f3n | More Than Simulators","robots":{"index":"index","follow":"follow","max-snippet":"max-snippet:-1","max-image-preview":"max-image-preview:large","max-video-preview":"max-video-preview:-1"},"canonical":"https:\/\/morethansimulators.com\/en\/simulator\/simulador-de-lechon-para-extraccion-de-sangre-y-manejo-sujecion\/","og_locale":"en_US","og_type":"article","og_title":"Simulador de lech\u00f3n para extracci\u00f3n de sangre y manejo\/sujeci\u00f3n | More Than Simulators","og_url":"https:\/\/morethansimulators.com\/en\/simulator\/simulador-de-lechon-para-extraccion-de-sangre-y-manejo-sujecion\/","og_site_name":"More Than Simulators","article_modified_time":"2024-07-31T10:46:56+00:00","og_image":[{"width":600,"height":400,"url":"https:\/\/morethansimulators.com\/wp-content\/uploads\/2024\/07\/4507.jpg","type":"image\/jpeg"}],"twitter_card":"summary_large_image","twitter_site":"@MTSimulators","twitter_misc":{"Est. reading time":"1 minute"},"schema":{"@context":"https:\/\/schema.org","@graph":[{"@type":"WebPage","@id":"https:\/\/morethansimulators.com\/en\/simulator\/simulador-de-lechon-para-extraccion-de-sangre-y-manejo-sujecion\/","url":"https:\/\/morethansimulators.com\/en\/simulator\/simulador-de-lechon-para-extraccion-de-sangre-y-manejo-sujecion\/","name":"Simulador de lech\u00f3n para extracci\u00f3n de sangre y manejo\/sujeci\u00f3n | More Than Simulators","isPartOf":{"@id":"https:\/\/morethansimulators.com\/en\/#website"},"primaryImageOfPage":{"@id":"https:\/\/morethansimulators.com\/en\/simulator\/simulador-de-lechon-para-extraccion-de-sangre-y-manejo-sujecion\/#primaryimage"},"image":{"@id":"https:\/\/morethansimulators.com\/en\/simulator\/simulador-de-lechon-para-extraccion-de-sangre-y-manejo-sujecion\/#primaryimage"},"thumbnailUrl":"https:\/\/morethansimulators.com\/wp-content\/uploads\/2024\/07\/4507.jpg","datePublished":"2024-07-31T10:44:20+00:00","dateModified":"2024-07-31T10:46:56+00:00","breadcrumb":{"@id":"https:\/\/morethansimulators.com\/en\/simulator\/simulador-de-lechon-para-extraccion-de-sangre-y-manejo-sujecion\/#breadcrumb"},"inLanguage":"en-US","potentialAction":[{"@type":"ReadAction","target":["https:\/\/morethansimulators.com\/en\/simulator\/simulador-de-lechon-para-extraccion-de-sangre-y-manejo-sujecion\/"]}]},{"@type":"ImageObject","inLanguage":"en-US","@id":"https:\/\/morethansimulators.com\/en\/simulator\/simulador-de-lechon-para-extraccion-de-sangre-y-manejo-sujecion\/#primaryimage","url":"https:\/\/morethansimulators.com\/wp-content\/uploads\/2024\/07\/4507.jpg","contentUrl":"https:\/\/morethansimulators.com\/wp-content\/uploads\/2024\/07\/4507.jpg","width":600,"height":400,"caption":"simulador de lechon para extracci\u00f3n de sangre y manejo\/sujecion"},{"@type":"BreadcrumbList","@id":"https:\/\/morethansimulators.com\/en\/simulator\/simulador-de-lechon-para-extraccion-de-sangre-y-manejo-sujecion\/#breadcrumb","itemListElement":[{"@type":"ListItem","position":1,"name":"Portada","item":"https:\/\/morethansimulators.com\/en\/"},{"@type":"ListItem","position":2,"name":"Shop","item":"https:\/\/morethansimulators.com\/en\/shop\/"},{"@type":"ListItem","position":3,"name":"Simulador de lech\u00f3n para extracci\u00f3n de sangre y manejo\/sujeci\u00f3n"}]},{"@type":"WebSite","@id":"https:\/\/morethansimulators.com\/en\/#website","url":"https:\/\/morethansimulators.com\/en\/","name":"More Than Simulators","description":"Medical Simulation and Medical Simulators for Education","publisher":{"@id":"https:\/\/morethansimulators.com\/en\/#organization"},"potentialAction":[{"@type":"SearchAction","target":{"@type":"EntryPoint","urlTemplate":"https:\/\/morethansimulators.com\/en\/?s={search_term_string}"},"query-input":{"@type":"PropertyValueSpecification","valueRequired":true,"valueName":"search_term_string"}}],"inLanguage":"en-US"},{"@type":"Organization","@id":"https:\/\/morethansimulators.com\/en\/#organization","name":"MORE THAN SIMULATORS","url":"https:\/\/morethansimulators.com\/en\/","logo":{"@type":"ImageObject","inLanguage":"en-US","@id":"https:\/\/morethansimulators.com\/en\/#\/schema\/logo\/image\/","url":"https:\/\/morethansimulators.com\/wp-content\/uploads\/2020\/05\/Logo-color-more-than-simulators-rgb.png","contentUrl":"https:\/\/morethansimulators.com\/wp-content\/uploads\/2020\/05\/Logo-color-more-than-simulators-rgb.png","width":600,"height":174,"caption":"MORE THAN SIMULATORS"},"image":{"@id":"https:\/\/morethansimulators.com\/en\/#\/schema\/logo\/image\/"},"sameAs":["https:\/\/x.com\/MTSimulators","https:\/\/instagram.com\/morethansimulators","https:\/\/www.linkedin.com\/company\/14060232","https:\/\/www.youtube.com\/channel\/UCouQ60LN2hEhGHMKyFuBgIA"]}]}},"_links":{"self":[{"href":"https:\/\/morethansimulators.com\/en\/wp-json\/wp\/v2\/product\/23602","targetHints":{"allow":["GET"]}}],"collection":[{"href":"https:\/\/morethansimulators.com\/en\/wp-json\/wp\/v2\/product"}],"about":[{"href":"https:\/\/morethansimulators.com\/en\/wp-json\/wp\/v2\/types\/product"}],"wp:featuredmedia":[{"embeddable":true,"href":"https:\/\/morethansimulators.com\/en\/wp-json\/wp\/v2\/media\/23604"}],"wp:attachment":[{"href":"https:\/\/morethansimulators.com\/en\/wp-json\/wp\/v2\/media?parent=23602"}],"wp:term":[{"taxonomy":"product_brand","embeddable":true,"href":"https:\/\/morethansimulators.com\/en\/wp-json\/wp\/v2\/product_brand?post=23602"},{"taxonomy":"product_cat","embeddable":true,"href":"https:\/\/morethansimulators.com\/en\/wp-json\/wp\/v2\/product_cat?post=23602"},{"taxonomy":"product_tag","embeddable":true,"href":"https:\/\/morethansimulators.com\/en\/wp-json\/wp\/v2\/product_tag?post=23602"}],"curies":[{"name":"wp","href":"https:\/\/api.w.org\/{rel}","templated":true}]}}