{"id":22965,"date":"2024-04-09T12:09:33","date_gmt":"2024-04-09T10:09:33","guid":{"rendered":"https:\/\/morethansimulators.com\/simulator\/simulador-para-gasometria-arterial\/"},"modified":"2024-05-10T12:00:21","modified_gmt":"2024-05-10T10:00:21","slug":"simulador-para-gasometria-arterial","status":"publish","type":"product","link":"https:\/\/morethansimulators.com\/en\/simulator\/simulador-para-gasometria-arterial\/","title":{"rendered":"Arterial blood gas simulator"},"content":{"rendered":"<p>This arterial blood gas simulator is ideal for practice and demonstration in arterial blood sampling for blood gas analysis. It allows confirmation of correct needle placement in the artery.<\/p>\n","protected":false},"excerpt":{"rendered":"<p>This arterial blood gas simulator is ideal for practice and demonstration in arterial blood sampling for blood gas analysis. It allows confirmation of correct needle placement in the artery.<\/p>\n","protected":false},"featured_media":22794,"template":"","meta":{"_acf_changed":false,"_et_pb_use_builder":"","_et_pb_old_content":"","_et_gb_content_width":""},"product_brand":[],"product_cat":[802,57,56,49],"product_tag":[],"class_list":{"0":"post-22965","1":"product","2":"type-product","3":"status-publish","4":"has-post-thumbnail","6":"product_cat-arterial-en","7":"product_cat-cannulation","8":"product_cat-injection-and-infusion","9":"product_cat-nursing","11":"first","12":"instock","13":"shipping-taxable","14":"product-type-simple","15":"berocket_lgv_grid","16":"berocket_lgv_list_grid"},"acf":[],"yoast_head":"<!-- This site is optimized with the Yoast SEO plugin v27.1.1 - https:\/\/yoast.com\/product\/yoast-seo-wordpress\/ -->\n<title>Arterial blood gas simulator | More Than Simulators<\/title>\n<meta name=\"description\" content=\"Este simulador para gasometr\u00eda arterial es ideal para la pr\u00e1ctica de la extracci\u00f3n de muestras de sangre arterial para el an\u00e1lisis de gases en sangre.\" \/>\n<meta name=\"robots\" content=\"index, follow, max-snippet:-1, max-image-preview:large, max-video-preview:-1\" \/>\n<link rel=\"canonical\" href=\"https:\/\/morethansimulators.com\/en\/simulator\/simulador-para-gasometria-arterial\/\" \/>\n<meta property=\"og:locale\" content=\"en_US\" \/>\n<meta property=\"og:type\" content=\"article\" \/>\n<meta property=\"og:title\" content=\"Arterial blood gas simulator | More Than Simulators\" \/>\n<meta property=\"og:description\" content=\"Este simulador para gasometr\u00eda arterial es ideal para la pr\u00e1ctica de la extracci\u00f3n de muestras de sangre arterial para el an\u00e1lisis de gases en sangre.\" \/>\n<meta property=\"og:url\" content=\"https:\/\/morethansimulators.com\/en\/simulator\/simulador-para-gasometria-arterial\/\" \/>\n<meta property=\"og:site_name\" content=\"More Than Simulators\" \/>\n<meta property=\"article:modified_time\" content=\"2024-05-10T10:00:21+00:00\" \/>\n<meta property=\"og:image\" content=\"https:\/\/morethansimulators.com\/wp-content\/uploads\/2024\/04\/4371.jpg\" \/>\n\t<meta property=\"og:image:width\" content=\"600\" \/>\n\t<meta property=\"og:image:height\" content=\"400\" \/>\n\t<meta property=\"og:image:type\" content=\"image\/jpeg\" \/>\n<meta name=\"twitter:card\" content=\"summary_large_image\" \/>\n<meta name=\"twitter:site\" content=\"@MTSimulators\" \/>\n<script type=\"application\/ld+json\" class=\"yoast-schema-graph\">{\"@context\":\"https:\/\/schema.org\",\"@graph\":[{\"@type\":\"WebPage\",\"@id\":\"https:\/\/morethansimulators.com\/en\/simulator\/simulador-para-gasometria-arterial\/\",\"url\":\"https:\/\/morethansimulators.com\/en\/simulator\/simulador-para-gasometria-arterial\/\",\"name\":\"Arterial blood gas simulator | More Than Simulators\",\"isPartOf\":{\"@id\":\"https:\/\/morethansimulators.com\/en\/#website\"},\"primaryImageOfPage\":{\"@id\":\"https:\/\/morethansimulators.com\/en\/simulator\/simulador-para-gasometria-arterial\/#primaryimage\"},\"image\":{\"@id\":\"https:\/\/morethansimulators.com\/en\/simulator\/simulador-para-gasometria-arterial\/#primaryimage\"},\"thumbnailUrl\":\"https:\/\/morethansimulators.com\/wp-content\/uploads\/2024\/04\/4371.jpg\",\"datePublished\":\"2024-04-09T10:09:33+00:00\",\"dateModified\":\"2024-05-10T10:00:21+00:00\",\"description\":\"Este simulador para gasometr\u00eda arterial es ideal para la pr\u00e1ctica de la extracci\u00f3n de muestras de sangre arterial para el an\u00e1lisis de gases en sangre.\",\"breadcrumb\":{\"@id\":\"https:\/\/morethansimulators.com\/en\/simulator\/simulador-para-gasometria-arterial\/#breadcrumb\"},\"inLanguage\":\"en-US\",\"potentialAction\":[{\"@type\":\"ReadAction\",\"target\":[\"https:\/\/morethansimulators.com\/en\/simulator\/simulador-para-gasometria-arterial\/\"]}]},{\"@type\":\"ImageObject\",\"inLanguage\":\"en-US\",\"@id\":\"https:\/\/morethansimulators.com\/en\/simulator\/simulador-para-gasometria-arterial\/#primaryimage\",\"url\":\"https:\/\/morethansimulators.com\/wp-content\/uploads\/2024\/04\/4371.jpg\",\"contentUrl\":\"https:\/\/morethansimulators.com\/wp-content\/uploads\/2024\/04\/4371.jpg\",\"width\":600,\"height\":400,\"caption\":\"Simulador para gasometr\u00eda arterial\"},{\"@type\":\"BreadcrumbList\",\"@id\":\"https:\/\/morethansimulators.com\/en\/simulator\/simulador-para-gasometria-arterial\/#breadcrumb\",\"itemListElement\":[{\"@type\":\"ListItem\",\"position\":1,\"name\":\"Portada\",\"item\":\"https:\/\/morethansimulators.com\/en\/\"},{\"@type\":\"ListItem\",\"position\":2,\"name\":\"Shop\",\"item\":\"https:\/\/morethansimulators.com\/en\/shop\/\"},{\"@type\":\"ListItem\",\"position\":3,\"name\":\"Arterial blood gas simulator\"}]},{\"@type\":\"WebSite\",\"@id\":\"https:\/\/morethansimulators.com\/en\/#website\",\"url\":\"https:\/\/morethansimulators.com\/en\/\",\"name\":\"More Than Simulators\",\"description\":\"Medical Simulation and Medical Simulators for Education\",\"publisher\":{\"@id\":\"https:\/\/morethansimulators.com\/en\/#organization\"},\"potentialAction\":[{\"@type\":\"SearchAction\",\"target\":{\"@type\":\"EntryPoint\",\"urlTemplate\":\"https:\/\/morethansimulators.com\/en\/?s={search_term_string}\"},\"query-input\":{\"@type\":\"PropertyValueSpecification\",\"valueRequired\":true,\"valueName\":\"search_term_string\"}}],\"inLanguage\":\"en-US\"},{\"@type\":\"Organization\",\"@id\":\"https:\/\/morethansimulators.com\/en\/#organization\",\"name\":\"MORE THAN SIMULATORS\",\"url\":\"https:\/\/morethansimulators.com\/en\/\",\"logo\":{\"@type\":\"ImageObject\",\"inLanguage\":\"en-US\",\"@id\":\"https:\/\/morethansimulators.com\/en\/#\/schema\/logo\/image\/\",\"url\":\"https:\/\/morethansimulators.com\/wp-content\/uploads\/2020\/05\/Logo-color-more-than-simulators-rgb.png\",\"contentUrl\":\"https:\/\/morethansimulators.com\/wp-content\/uploads\/2020\/05\/Logo-color-more-than-simulators-rgb.png\",\"width\":600,\"height\":174,\"caption\":\"MORE THAN SIMULATORS\"},\"image\":{\"@id\":\"https:\/\/morethansimulators.com\/en\/#\/schema\/logo\/image\/\"},\"sameAs\":[\"https:\/\/x.com\/MTSimulators\",\"https:\/\/instagram.com\/morethansimulators\",\"https:\/\/www.linkedin.com\/company\/14060232\",\"https:\/\/www.youtube.com\/channel\/UCouQ60LN2hEhGHMKyFuBgIA\"]}]}<\/script>\n<!-- \/ Yoast SEO plugin. -->","yoast_head_json":{"title":"Arterial blood gas simulator | More Than Simulators","description":"Este simulador para gasometr\u00eda arterial es ideal para la pr\u00e1ctica de la extracci\u00f3n de muestras de sangre arterial para el an\u00e1lisis de gases en sangre.","robots":{"index":"index","follow":"follow","max-snippet":"max-snippet:-1","max-image-preview":"max-image-preview:large","max-video-preview":"max-video-preview:-1"},"canonical":"https:\/\/morethansimulators.com\/en\/simulator\/simulador-para-gasometria-arterial\/","og_locale":"en_US","og_type":"article","og_title":"Arterial blood gas simulator | More Than Simulators","og_description":"Este simulador para gasometr\u00eda arterial es ideal para la pr\u00e1ctica de la extracci\u00f3n de muestras de sangre arterial para el an\u00e1lisis de gases en sangre.","og_url":"https:\/\/morethansimulators.com\/en\/simulator\/simulador-para-gasometria-arterial\/","og_site_name":"More Than Simulators","article_modified_time":"2024-05-10T10:00:21+00:00","og_image":[{"width":600,"height":400,"url":"https:\/\/morethansimulators.com\/wp-content\/uploads\/2024\/04\/4371.jpg","type":"image\/jpeg"}],"twitter_card":"summary_large_image","twitter_site":"@MTSimulators","schema":{"@context":"https:\/\/schema.org","@graph":[{"@type":"WebPage","@id":"https:\/\/morethansimulators.com\/en\/simulator\/simulador-para-gasometria-arterial\/","url":"https:\/\/morethansimulators.com\/en\/simulator\/simulador-para-gasometria-arterial\/","name":"Arterial blood gas simulator | More Than Simulators","isPartOf":{"@id":"https:\/\/morethansimulators.com\/en\/#website"},"primaryImageOfPage":{"@id":"https:\/\/morethansimulators.com\/en\/simulator\/simulador-para-gasometria-arterial\/#primaryimage"},"image":{"@id":"https:\/\/morethansimulators.com\/en\/simulator\/simulador-para-gasometria-arterial\/#primaryimage"},"thumbnailUrl":"https:\/\/morethansimulators.com\/wp-content\/uploads\/2024\/04\/4371.jpg","datePublished":"2024-04-09T10:09:33+00:00","dateModified":"2024-05-10T10:00:21+00:00","description":"Este simulador para gasometr\u00eda arterial es ideal para la pr\u00e1ctica de la extracci\u00f3n de muestras de sangre arterial para el an\u00e1lisis de gases en sangre.","breadcrumb":{"@id":"https:\/\/morethansimulators.com\/en\/simulator\/simulador-para-gasometria-arterial\/#breadcrumb"},"inLanguage":"en-US","potentialAction":[{"@type":"ReadAction","target":["https:\/\/morethansimulators.com\/en\/simulator\/simulador-para-gasometria-arterial\/"]}]},{"@type":"ImageObject","inLanguage":"en-US","@id":"https:\/\/morethansimulators.com\/en\/simulator\/simulador-para-gasometria-arterial\/#primaryimage","url":"https:\/\/morethansimulators.com\/wp-content\/uploads\/2024\/04\/4371.jpg","contentUrl":"https:\/\/morethansimulators.com\/wp-content\/uploads\/2024\/04\/4371.jpg","width":600,"height":400,"caption":"Simulador para gasometr\u00eda arterial"},{"@type":"BreadcrumbList","@id":"https:\/\/morethansimulators.com\/en\/simulator\/simulador-para-gasometria-arterial\/#breadcrumb","itemListElement":[{"@type":"ListItem","position":1,"name":"Portada","item":"https:\/\/morethansimulators.com\/en\/"},{"@type":"ListItem","position":2,"name":"Shop","item":"https:\/\/morethansimulators.com\/en\/shop\/"},{"@type":"ListItem","position":3,"name":"Arterial blood gas simulator"}]},{"@type":"WebSite","@id":"https:\/\/morethansimulators.com\/en\/#website","url":"https:\/\/morethansimulators.com\/en\/","name":"More Than Simulators","description":"Medical Simulation and Medical Simulators for Education","publisher":{"@id":"https:\/\/morethansimulators.com\/en\/#organization"},"potentialAction":[{"@type":"SearchAction","target":{"@type":"EntryPoint","urlTemplate":"https:\/\/morethansimulators.com\/en\/?s={search_term_string}"},"query-input":{"@type":"PropertyValueSpecification","valueRequired":true,"valueName":"search_term_string"}}],"inLanguage":"en-US"},{"@type":"Organization","@id":"https:\/\/morethansimulators.com\/en\/#organization","name":"MORE THAN SIMULATORS","url":"https:\/\/morethansimulators.com\/en\/","logo":{"@type":"ImageObject","inLanguage":"en-US","@id":"https:\/\/morethansimulators.com\/en\/#\/schema\/logo\/image\/","url":"https:\/\/morethansimulators.com\/wp-content\/uploads\/2020\/05\/Logo-color-more-than-simulators-rgb.png","contentUrl":"https:\/\/morethansimulators.com\/wp-content\/uploads\/2020\/05\/Logo-color-more-than-simulators-rgb.png","width":600,"height":174,"caption":"MORE THAN SIMULATORS"},"image":{"@id":"https:\/\/morethansimulators.com\/en\/#\/schema\/logo\/image\/"},"sameAs":["https:\/\/x.com\/MTSimulators","https:\/\/instagram.com\/morethansimulators","https:\/\/www.linkedin.com\/company\/14060232","https:\/\/www.youtube.com\/channel\/UCouQ60LN2hEhGHMKyFuBgIA"]}]}},"_links":{"self":[{"href":"https:\/\/morethansimulators.com\/en\/wp-json\/wp\/v2\/product\/22965","targetHints":{"allow":["GET"]}}],"collection":[{"href":"https:\/\/morethansimulators.com\/en\/wp-json\/wp\/v2\/product"}],"about":[{"href":"https:\/\/morethansimulators.com\/en\/wp-json\/wp\/v2\/types\/product"}],"wp:featuredmedia":[{"embeddable":true,"href":"https:\/\/morethansimulators.com\/en\/wp-json\/wp\/v2\/media\/22794"}],"wp:attachment":[{"href":"https:\/\/morethansimulators.com\/en\/wp-json\/wp\/v2\/media?parent=22965"}],"wp:term":[{"taxonomy":"product_brand","embeddable":true,"href":"https:\/\/morethansimulators.com\/en\/wp-json\/wp\/v2\/product_brand?post=22965"},{"taxonomy":"product_cat","embeddable":true,"href":"https:\/\/morethansimulators.com\/en\/wp-json\/wp\/v2\/product_cat?post=22965"},{"taxonomy":"product_tag","embeddable":true,"href":"https:\/\/morethansimulators.com\/en\/wp-json\/wp\/v2\/product_tag?post=22965"}],"curies":[{"name":"wp","href":"https:\/\/api.w.org\/{rel}","templated":true}]}}