{"id":20162,"date":"2022-07-20T14:51:18","date_gmt":"2022-07-20T12:51:18","guid":{"rendered":"https:\/\/morethansimulators.com\/?post_type=product&#038;p=20162"},"modified":"2022-07-20T14:53:31","modified_gmt":"2022-07-20T12:53:31","slug":"heridas-con-llagas-y-forunculos","status":"publish","type":"product","link":"https:\/\/morethansimulators.com\/en\/simulator\/heridas-con-llagas-y-forunculos\/","title":{"rendered":"Wounds with sores and boils"},"content":{"rendered":"<p>Ultra-realistic simulated wounds for patient characterisation and the creation of enhanced simulated scenarios.<\/p>\n<p>Place these wounds with sores and boils directly on a mannequin or standardised patient to practice proper wound diagnosis, cleaning and dressing techniques.<\/p>\n<p>Includes 5 sore, ulcer and boil wounds in various sizes and stages of development.<\/p>\n","protected":false},"excerpt":{"rendered":"<p>Aumenta el realismo de tus escenarios colocando estas <strong>heridas con llagas y for\u00fanculos <\/strong>directamente en un maniqu\u00ed o en un paciente estandarizado para practicar las t\u00e9cnicas adecuadas de diagn\u00f3stico, limpieza y vendaje de la herida; ayudan a la caracterizaci\u00f3n del paciente y la creaci\u00f3n de escenarios simulados mejorados. Heridas prefabricadas y duraderas.<\/p>\n","protected":false},"featured_media":20160,"template":"","meta":{"_acf_changed":false,"_et_pb_use_builder":"","_et_pb_old_content":"","_et_gb_content_width":""},"product_brand":[],"product_cat":[62,85,45,59,65,49,66],"product_tag":[],"class_list":{"0":"post-20162","1":"product","2":"type-product","3":"status-publish","4":"has-post-thumbnail","6":"product_cat-bandages","7":"product_cat-general-medicine","8":"product_cat-intensive-care-medicine","9":"product_cat-military","10":"product_cat-moulage","11":"product_cat-nursing","12":"product_cat-wound-care","14":"first","15":"instock","16":"shipping-taxable","17":"product-type-simple","18":"berocket_lgv_grid","19":"berocket_lgv_list_grid"},"acf":[],"yoast_head":"<!-- This site is optimized with the Yoast SEO plugin v27.1.1 - https:\/\/yoast.com\/product\/yoast-seo-wordpress\/ -->\n<title>Wounds with sores and boils | More Than Simulators<\/title>\n<meta name=\"description\" content=\"Aumenta el realismo de tus escenarios colocando estas heridas con llagas y for\u00fanculos directamente en un maniqu\u00ed o en un paciente estandarizado para practicar las t\u00e9cnicas adecuadas de diagn\u00f3stico, limpieza y vendaje de la herida; ayudan a la caracterizaci\u00f3n del paciente y la creaci\u00f3n de escenarios simulados mejorados. Heridas prefabricadas y duraderas.\" \/>\n<meta name=\"robots\" content=\"index, follow, max-snippet:-1, max-image-preview:large, max-video-preview:-1\" \/>\n<link rel=\"canonical\" href=\"https:\/\/morethansimulators.com\/en\/simulator\/heridas-con-llagas-y-forunculos\/\" \/>\n<meta property=\"og:locale\" content=\"en_US\" \/>\n<meta property=\"og:type\" content=\"article\" \/>\n<meta property=\"og:title\" content=\"Wounds with sores and boils | More Than Simulators\" \/>\n<meta property=\"og:description\" content=\"Aumenta el realismo de tus escenarios colocando estas heridas con llagas y for\u00fanculos directamente en un maniqu\u00ed o en un paciente estandarizado para practicar las t\u00e9cnicas adecuadas de diagn\u00f3stico, limpieza y vendaje de la herida; ayudan a la caracterizaci\u00f3n del paciente y la creaci\u00f3n de escenarios simulados mejorados. Heridas prefabricadas y duraderas.\" \/>\n<meta property=\"og:url\" content=\"https:\/\/morethansimulators.com\/en\/simulator\/heridas-con-llagas-y-forunculos\/\" \/>\n<meta property=\"og:site_name\" content=\"More Than Simulators\" \/>\n<meta property=\"article:modified_time\" content=\"2022-07-20T12:53:31+00:00\" \/>\n<meta property=\"og:image\" content=\"https:\/\/morethansimulators.com\/wp-content\/uploads\/2022\/07\/2609.jpg\" \/>\n\t<meta property=\"og:image:width\" content=\"599\" \/>\n\t<meta property=\"og:image:height\" content=\"400\" \/>\n\t<meta property=\"og:image:type\" content=\"image\/jpeg\" \/>\n<meta name=\"twitter:card\" content=\"summary_large_image\" \/>\n<meta name=\"twitter:site\" content=\"@MTSimulators\" \/>\n<meta name=\"twitter:label1\" content=\"Est. reading time\" \/>\n\t<meta name=\"twitter:data1\" content=\"1 minute\" \/>\n<script type=\"application\/ld+json\" class=\"yoast-schema-graph\">{\"@context\":\"https:\/\/schema.org\",\"@graph\":[{\"@type\":\"WebPage\",\"@id\":\"https:\/\/morethansimulators.com\/en\/simulator\/heridas-con-llagas-y-forunculos\/\",\"url\":\"https:\/\/morethansimulators.com\/en\/simulator\/heridas-con-llagas-y-forunculos\/\",\"name\":\"Wounds with sores and boils | More Than Simulators\",\"isPartOf\":{\"@id\":\"https:\/\/morethansimulators.com\/en\/#website\"},\"primaryImageOfPage\":{\"@id\":\"https:\/\/morethansimulators.com\/en\/simulator\/heridas-con-llagas-y-forunculos\/#primaryimage\"},\"image\":{\"@id\":\"https:\/\/morethansimulators.com\/en\/simulator\/heridas-con-llagas-y-forunculos\/#primaryimage\"},\"thumbnailUrl\":\"https:\/\/morethansimulators.com\/wp-content\/uploads\/2022\/07\/2609.jpg\",\"datePublished\":\"2022-07-20T12:51:18+00:00\",\"dateModified\":\"2022-07-20T12:53:31+00:00\",\"description\":\"Aumenta el realismo de tus escenarios colocando estas heridas con llagas y for\u00fanculos directamente en un maniqu\u00ed o en un paciente estandarizado para practicar las t\u00e9cnicas adecuadas de diagn\u00f3stico, limpieza y vendaje de la herida; ayudan a la caracterizaci\u00f3n del paciente y la creaci\u00f3n de escenarios simulados mejorados. Heridas prefabricadas y duraderas.\",\"breadcrumb\":{\"@id\":\"https:\/\/morethansimulators.com\/en\/simulator\/heridas-con-llagas-y-forunculos\/#breadcrumb\"},\"inLanguage\":\"en-US\",\"potentialAction\":[{\"@type\":\"ReadAction\",\"target\":[\"https:\/\/morethansimulators.com\/en\/simulator\/heridas-con-llagas-y-forunculos\/\"]}]},{\"@type\":\"ImageObject\",\"inLanguage\":\"en-US\",\"@id\":\"https:\/\/morethansimulators.com\/en\/simulator\/heridas-con-llagas-y-forunculos\/#primaryimage\",\"url\":\"https:\/\/morethansimulators.com\/wp-content\/uploads\/2022\/07\/2609.jpg\",\"contentUrl\":\"https:\/\/morethansimulators.com\/wp-content\/uploads\/2022\/07\/2609.jpg\",\"width\":599,\"height\":400,\"caption\":\"heridas con llagas y for\u00fanculos\"},{\"@type\":\"BreadcrumbList\",\"@id\":\"https:\/\/morethansimulators.com\/en\/simulator\/heridas-con-llagas-y-forunculos\/#breadcrumb\",\"itemListElement\":[{\"@type\":\"ListItem\",\"position\":1,\"name\":\"Portada\",\"item\":\"https:\/\/morethansimulators.com\/en\/\"},{\"@type\":\"ListItem\",\"position\":2,\"name\":\"Shop\",\"item\":\"https:\/\/morethansimulators.com\/en\/shop\/\"},{\"@type\":\"ListItem\",\"position\":3,\"name\":\"Wounds with sores and boils\"}]},{\"@type\":\"WebSite\",\"@id\":\"https:\/\/morethansimulators.com\/en\/#website\",\"url\":\"https:\/\/morethansimulators.com\/en\/\",\"name\":\"More Than Simulators\",\"description\":\"Medical Simulation and Medical Simulators for Education\",\"publisher\":{\"@id\":\"https:\/\/morethansimulators.com\/en\/#organization\"},\"potentialAction\":[{\"@type\":\"SearchAction\",\"target\":{\"@type\":\"EntryPoint\",\"urlTemplate\":\"https:\/\/morethansimulators.com\/en\/?s={search_term_string}\"},\"query-input\":{\"@type\":\"PropertyValueSpecification\",\"valueRequired\":true,\"valueName\":\"search_term_string\"}}],\"inLanguage\":\"en-US\"},{\"@type\":\"Organization\",\"@id\":\"https:\/\/morethansimulators.com\/en\/#organization\",\"name\":\"MORE THAN SIMULATORS\",\"url\":\"https:\/\/morethansimulators.com\/en\/\",\"logo\":{\"@type\":\"ImageObject\",\"inLanguage\":\"en-US\",\"@id\":\"https:\/\/morethansimulators.com\/en\/#\/schema\/logo\/image\/\",\"url\":\"https:\/\/morethansimulators.com\/wp-content\/uploads\/2020\/05\/Logo-color-more-than-simulators-rgb.png\",\"contentUrl\":\"https:\/\/morethansimulators.com\/wp-content\/uploads\/2020\/05\/Logo-color-more-than-simulators-rgb.png\",\"width\":600,\"height\":174,\"caption\":\"MORE THAN SIMULATORS\"},\"image\":{\"@id\":\"https:\/\/morethansimulators.com\/en\/#\/schema\/logo\/image\/\"},\"sameAs\":[\"https:\/\/x.com\/MTSimulators\",\"https:\/\/instagram.com\/morethansimulators\",\"https:\/\/www.linkedin.com\/company\/14060232\",\"https:\/\/www.youtube.com\/channel\/UCouQ60LN2hEhGHMKyFuBgIA\"]}]}<\/script>\n<!-- \/ Yoast SEO plugin. -->","yoast_head_json":{"title":"Wounds with sores and boils | More Than Simulators","description":"Aumenta el realismo de tus escenarios colocando estas heridas con llagas y for\u00fanculos directamente en un maniqu\u00ed o en un paciente estandarizado para practicar las t\u00e9cnicas adecuadas de diagn\u00f3stico, limpieza y vendaje de la herida; ayudan a la caracterizaci\u00f3n del paciente y la creaci\u00f3n de escenarios simulados mejorados. Heridas prefabricadas y duraderas.","robots":{"index":"index","follow":"follow","max-snippet":"max-snippet:-1","max-image-preview":"max-image-preview:large","max-video-preview":"max-video-preview:-1"},"canonical":"https:\/\/morethansimulators.com\/en\/simulator\/heridas-con-llagas-y-forunculos\/","og_locale":"en_US","og_type":"article","og_title":"Wounds with sores and boils | More Than Simulators","og_description":"Aumenta el realismo de tus escenarios colocando estas heridas con llagas y for\u00fanculos directamente en un maniqu\u00ed o en un paciente estandarizado para practicar las t\u00e9cnicas adecuadas de diagn\u00f3stico, limpieza y vendaje de la herida; ayudan a la caracterizaci\u00f3n del paciente y la creaci\u00f3n de escenarios simulados mejorados. Heridas prefabricadas y duraderas.","og_url":"https:\/\/morethansimulators.com\/en\/simulator\/heridas-con-llagas-y-forunculos\/","og_site_name":"More Than Simulators","article_modified_time":"2022-07-20T12:53:31+00:00","og_image":[{"width":599,"height":400,"url":"https:\/\/morethansimulators.com\/wp-content\/uploads\/2022\/07\/2609.jpg","type":"image\/jpeg"}],"twitter_card":"summary_large_image","twitter_site":"@MTSimulators","twitter_misc":{"Est. reading time":"1 minute"},"schema":{"@context":"https:\/\/schema.org","@graph":[{"@type":"WebPage","@id":"https:\/\/morethansimulators.com\/en\/simulator\/heridas-con-llagas-y-forunculos\/","url":"https:\/\/morethansimulators.com\/en\/simulator\/heridas-con-llagas-y-forunculos\/","name":"Wounds with sores and boils | More Than Simulators","isPartOf":{"@id":"https:\/\/morethansimulators.com\/en\/#website"},"primaryImageOfPage":{"@id":"https:\/\/morethansimulators.com\/en\/simulator\/heridas-con-llagas-y-forunculos\/#primaryimage"},"image":{"@id":"https:\/\/morethansimulators.com\/en\/simulator\/heridas-con-llagas-y-forunculos\/#primaryimage"},"thumbnailUrl":"https:\/\/morethansimulators.com\/wp-content\/uploads\/2022\/07\/2609.jpg","datePublished":"2022-07-20T12:51:18+00:00","dateModified":"2022-07-20T12:53:31+00:00","description":"Aumenta el realismo de tus escenarios colocando estas heridas con llagas y for\u00fanculos directamente en un maniqu\u00ed o en un paciente estandarizado para practicar las t\u00e9cnicas adecuadas de diagn\u00f3stico, limpieza y vendaje de la herida; ayudan a la caracterizaci\u00f3n del paciente y la creaci\u00f3n de escenarios simulados mejorados. Heridas prefabricadas y duraderas.","breadcrumb":{"@id":"https:\/\/morethansimulators.com\/en\/simulator\/heridas-con-llagas-y-forunculos\/#breadcrumb"},"inLanguage":"en-US","potentialAction":[{"@type":"ReadAction","target":["https:\/\/morethansimulators.com\/en\/simulator\/heridas-con-llagas-y-forunculos\/"]}]},{"@type":"ImageObject","inLanguage":"en-US","@id":"https:\/\/morethansimulators.com\/en\/simulator\/heridas-con-llagas-y-forunculos\/#primaryimage","url":"https:\/\/morethansimulators.com\/wp-content\/uploads\/2022\/07\/2609.jpg","contentUrl":"https:\/\/morethansimulators.com\/wp-content\/uploads\/2022\/07\/2609.jpg","width":599,"height":400,"caption":"heridas con llagas y for\u00fanculos"},{"@type":"BreadcrumbList","@id":"https:\/\/morethansimulators.com\/en\/simulator\/heridas-con-llagas-y-forunculos\/#breadcrumb","itemListElement":[{"@type":"ListItem","position":1,"name":"Portada","item":"https:\/\/morethansimulators.com\/en\/"},{"@type":"ListItem","position":2,"name":"Shop","item":"https:\/\/morethansimulators.com\/en\/shop\/"},{"@type":"ListItem","position":3,"name":"Wounds with sores and boils"}]},{"@type":"WebSite","@id":"https:\/\/morethansimulators.com\/en\/#website","url":"https:\/\/morethansimulators.com\/en\/","name":"More Than Simulators","description":"Medical Simulation and Medical Simulators for Education","publisher":{"@id":"https:\/\/morethansimulators.com\/en\/#organization"},"potentialAction":[{"@type":"SearchAction","target":{"@type":"EntryPoint","urlTemplate":"https:\/\/morethansimulators.com\/en\/?s={search_term_string}"},"query-input":{"@type":"PropertyValueSpecification","valueRequired":true,"valueName":"search_term_string"}}],"inLanguage":"en-US"},{"@type":"Organization","@id":"https:\/\/morethansimulators.com\/en\/#organization","name":"MORE THAN SIMULATORS","url":"https:\/\/morethansimulators.com\/en\/","logo":{"@type":"ImageObject","inLanguage":"en-US","@id":"https:\/\/morethansimulators.com\/en\/#\/schema\/logo\/image\/","url":"https:\/\/morethansimulators.com\/wp-content\/uploads\/2020\/05\/Logo-color-more-than-simulators-rgb.png","contentUrl":"https:\/\/morethansimulators.com\/wp-content\/uploads\/2020\/05\/Logo-color-more-than-simulators-rgb.png","width":600,"height":174,"caption":"MORE THAN SIMULATORS"},"image":{"@id":"https:\/\/morethansimulators.com\/en\/#\/schema\/logo\/image\/"},"sameAs":["https:\/\/x.com\/MTSimulators","https:\/\/instagram.com\/morethansimulators","https:\/\/www.linkedin.com\/company\/14060232","https:\/\/www.youtube.com\/channel\/UCouQ60LN2hEhGHMKyFuBgIA"]}]}},"_links":{"self":[{"href":"https:\/\/morethansimulators.com\/en\/wp-json\/wp\/v2\/product\/20162","targetHints":{"allow":["GET"]}}],"collection":[{"href":"https:\/\/morethansimulators.com\/en\/wp-json\/wp\/v2\/product"}],"about":[{"href":"https:\/\/morethansimulators.com\/en\/wp-json\/wp\/v2\/types\/product"}],"wp:featuredmedia":[{"embeddable":true,"href":"https:\/\/morethansimulators.com\/en\/wp-json\/wp\/v2\/media\/20160"}],"wp:attachment":[{"href":"https:\/\/morethansimulators.com\/en\/wp-json\/wp\/v2\/media?parent=20162"}],"wp:term":[{"taxonomy":"product_brand","embeddable":true,"href":"https:\/\/morethansimulators.com\/en\/wp-json\/wp\/v2\/product_brand?post=20162"},{"taxonomy":"product_cat","embeddable":true,"href":"https:\/\/morethansimulators.com\/en\/wp-json\/wp\/v2\/product_cat?post=20162"},{"taxonomy":"product_tag","embeddable":true,"href":"https:\/\/morethansimulators.com\/en\/wp-json\/wp\/v2\/product_tag?post=20162"}],"curies":[{"name":"wp","href":"https:\/\/api.w.org\/{rel}","templated":true}]}}